{"id":91800,"date":"2025-11-04T22:52:57","date_gmt":"2025-11-04T22:52:57","guid":{"rendered":"https:\/\/promis.ro\/product\/franium\/"},"modified":"2025-11-11T16:01:30","modified_gmt":"2025-11-11T16:01:30","slug":"franium","status":"publish","type":"product","link":"https:\/\/promis.ro\/ro\/produs\/franium\/","title":{"rendered":"Franium"},"content":{"rendered":"<p>Pachet termic reutilizabil cu efect de frig sau c\u0103ldur\u0103. Efectul de frig se ob\u021bine prin plasarea acestuia \u00een frigider timp de 2-3 ore, \u00een timp ce efectul de c\u0103ldur\u0103 necesit\u0103 un cuptor cu microunde. Reutilizabil datorit\u0103 perlelor de gel din interior \u0219i cu o curea rotund\u0103 ajustabil\u0103 pentru a se potrivi \u00een palma m\u00e2inii. Prezentat individual \u00eentr-un sac din h\u00e2rtie reciclat\u0103.<\/p>","protected":false},"excerpt":{"rendered":"<p>Pachet termic reutilizabil cu efect de frig sau c\u0103ldur\u0103. Efectul de frig se ob\u021bine prin plasarea acestuia \u00een frigider timp<\/p>","protected":false},"featured_media":131497,"comment_status":"open","ping_status":"closed","template":"","meta":[],"product_brand":[],"product_cat":[181],"product_tag":[],"class_list":{"0":"post-91800","1":"product","2":"type-product","3":"status-publish","4":"has-post-thumbnail","6":"product_cat-ingrijire-personala-si-farmaceutica","8":"first","9":"instock","10":"shipping-taxable","11":"purchasable","12":"product-type-simple"},"_links":{"self":[{"href":"https:\/\/promis.ro\/ro\/wp-json\/wp\/v2\/product\/91800","targetHints":{"allow":["GET"]}}],"collection":[{"href":"https:\/\/promis.ro\/ro\/wp-json\/wp\/v2\/product"}],"about":[{"href":"https:\/\/promis.ro\/ro\/wp-json\/wp\/v2\/types\/product"}],"replies":[{"embeddable":true,"href":"https:\/\/promis.ro\/ro\/wp-json\/wp\/v2\/comments?post=91800"}],"version-history":[{"count":1,"href":"https:\/\/promis.ro\/ro\/wp-json\/wp\/v2\/product\/91800\/revisions"}],"predecessor-version":[{"id":111270,"href":"https:\/\/promis.ro\/ro\/wp-json\/wp\/v2\/product\/91800\/revisions\/111270"}],"wp:featuredmedia":[{"embeddable":true,"href":"https:\/\/promis.ro\/ro\/wp-json\/wp\/v2\/media\/131497"}],"wp:attachment":[{"href":"https:\/\/promis.ro\/ro\/wp-json\/wp\/v2\/media?parent=91800"}],"wp:term":[{"taxonomy":"product_brand","embeddable":true,"href":"https:\/\/promis.ro\/ro\/wp-json\/wp\/v2\/product_brand?post=91800"},{"taxonomy":"product_cat","embeddable":true,"href":"https:\/\/promis.ro\/ro\/wp-json\/wp\/v2\/product_cat?post=91800"},{"taxonomy":"product_tag","embeddable":true,"href":"https:\/\/promis.ro\/ro\/wp-json\/wp\/v2\/product_tag?post=91800"}],"curies":[{"name":"wp","href":"https:\/\/api.w.org\/{rel}","templated":true}]}}