{"id":91801,"date":"2025-11-04T22:52:57","date_gmt":"2025-11-04T22:52:57","guid":{"rendered":"https:\/\/promis.ro\/product\/madax\/"},"modified":"2025-11-11T16:08:20","modified_gmt":"2025-11-11T16:08:20","slug":"madax","status":"publish","type":"product","link":"https:\/\/promis.ro\/ro\/produs\/madax\/","title":{"rendered":"Madax"},"content":{"rendered":"<p>Band\u0103 de cap ajustabil\u0103, fabricat\u0103 din poliester moale, cu velcro pentru a men\u021bine p\u0103rul departe \u00een timp ce aplici tratamentele de frumuse\u021be.<\/p>","protected":false},"excerpt":{"rendered":"<p>Band\u0103 de cap ajustabil\u0103, fabricat\u0103 din poliester moale, cu velcro pentru a men\u021bine p\u0103rul departe \u00een timp ce aplici tratamentele<\/p>","protected":false},"featured_media":131500,"comment_status":"open","ping_status":"closed","template":"","meta":[],"product_brand":[],"product_cat":[181],"product_tag":[],"class_list":{"0":"post-91801","1":"product","2":"type-product","3":"status-publish","4":"has-post-thumbnail","6":"product_cat-ingrijire-personala-si-farmaceutica","8":"first","9":"instock","10":"shipping-taxable","11":"purchasable","12":"product-type-variable"},"_links":{"self":[{"href":"https:\/\/promis.ro\/ro\/wp-json\/wp\/v2\/product\/91801","targetHints":{"allow":["GET"]}}],"collection":[{"href":"https:\/\/promis.ro\/ro\/wp-json\/wp\/v2\/product"}],"about":[{"href":"https:\/\/promis.ro\/ro\/wp-json\/wp\/v2\/types\/product"}],"replies":[{"embeddable":true,"href":"https:\/\/promis.ro\/ro\/wp-json\/wp\/v2\/comments?post=91801"}],"version-history":[{"count":1,"href":"https:\/\/promis.ro\/ro\/wp-json\/wp\/v2\/product\/91801\/revisions"}],"predecessor-version":[{"id":111262,"href":"https:\/\/promis.ro\/ro\/wp-json\/wp\/v2\/product\/91801\/revisions\/111262"}],"wp:featuredmedia":[{"embeddable":true,"href":"https:\/\/promis.ro\/ro\/wp-json\/wp\/v2\/media\/131500"}],"wp:attachment":[{"href":"https:\/\/promis.ro\/ro\/wp-json\/wp\/v2\/media?parent=91801"}],"wp:term":[{"taxonomy":"product_brand","embeddable":true,"href":"https:\/\/promis.ro\/ro\/wp-json\/wp\/v2\/product_brand?post=91801"},{"taxonomy":"product_cat","embeddable":true,"href":"https:\/\/promis.ro\/ro\/wp-json\/wp\/v2\/product_cat?post=91801"},{"taxonomy":"product_tag","embeddable":true,"href":"https:\/\/promis.ro\/ro\/wp-json\/wp\/v2\/product_tag?post=91801"}],"curies":[{"name":"wp","href":"https:\/\/api.w.org\/{rel}","templated":true}]}}