{"id":91806,"date":"2025-11-04T22:52:59","date_gmt":"2025-11-04T22:52:59","guid":{"rendered":"https:\/\/promis.ro\/product\/flege\/"},"modified":"2025-11-11T16:01:51","modified_gmt":"2025-11-11T16:01:51","slug":"flege","status":"publish","type":"product","link":"https:\/\/promis.ro\/ro\/produs\/flege\/","title":{"rendered":"Flege"},"content":{"rendered":"<p>Perie pliabil\u0103 cu oglind\u0103 din paie de gr\u00e2u. Cu peri moi \u0219i compac\u021bi care pot fi plia\u021bi, \u0219i cu oglind\u0103 integrat\u0103 pe capac. Prezentat\u0103 \u00eentr-un sac individual din h\u00e2rtie kraft. Paiele de gr\u00e2u promoveaz\u0103 utilizarea materiilor prime naturale, reduc\u00e2nd astfel emisiile de poluan\u021bi.<\/p>","protected":false},"excerpt":{"rendered":"<p>Perie pliabil\u0103 cu oglind\u0103 din paie de gr\u00e2u. Cu peri moi \u0219i compac\u021bi care pot fi plia\u021bi, \u0219i cu oglind\u0103<\/p>","protected":false},"featured_media":131515,"comment_status":"open","ping_status":"closed","template":"","meta":[],"product_brand":[],"product_cat":[197],"product_tag":[],"class_list":{"0":"post-91806","1":"product","2":"type-product","3":"status-publish","4":"has-post-thumbnail","6":"product_cat-articole-durabile","8":"first","9":"instock","10":"shipping-taxable","11":"purchasable","12":"product-type-simple"},"_links":{"self":[{"href":"https:\/\/promis.ro\/ro\/wp-json\/wp\/v2\/product\/91806","targetHints":{"allow":["GET"]}}],"collection":[{"href":"https:\/\/promis.ro\/ro\/wp-json\/wp\/v2\/product"}],"about":[{"href":"https:\/\/promis.ro\/ro\/wp-json\/wp\/v2\/types\/product"}],"replies":[{"embeddable":true,"href":"https:\/\/promis.ro\/ro\/wp-json\/wp\/v2\/comments?post=91806"}],"version-history":[{"count":1,"href":"https:\/\/promis.ro\/ro\/wp-json\/wp\/v2\/product\/91806\/revisions"}],"predecessor-version":[{"id":111272,"href":"https:\/\/promis.ro\/ro\/wp-json\/wp\/v2\/product\/91806\/revisions\/111272"}],"wp:featuredmedia":[{"embeddable":true,"href":"https:\/\/promis.ro\/ro\/wp-json\/wp\/v2\/media\/131515"}],"wp:attachment":[{"href":"https:\/\/promis.ro\/ro\/wp-json\/wp\/v2\/media?parent=91806"}],"wp:term":[{"taxonomy":"product_brand","embeddable":true,"href":"https:\/\/promis.ro\/ro\/wp-json\/wp\/v2\/product_brand?post=91806"},{"taxonomy":"product_cat","embeddable":true,"href":"https:\/\/promis.ro\/ro\/wp-json\/wp\/v2\/product_cat?post=91806"},{"taxonomy":"product_tag","embeddable":true,"href":"https:\/\/promis.ro\/ro\/wp-json\/wp\/v2\/product_tag?post=91806"}],"curies":[{"name":"wp","href":"https:\/\/api.w.org\/{rel}","templated":true}]}}