{"id":91807,"date":"2025-11-04T22:53:00","date_gmt":"2025-11-04T22:53:00","guid":{"rendered":"https:\/\/promis.ro\/product\/nocote\/"},"modified":"2025-11-11T16:01:56","modified_gmt":"2025-11-11T16:01:56","slug":"nocote","status":"publish","type":"product","link":"https:\/\/promis.ro\/ro\/produs\/nocote\/","title":{"rendered":"Nocote"},"content":{"rendered":"<p>Perie de masaj pentru scalp din paie de gr\u00e2u. Un emulsificator de \u0219ampon eficient pentru masajul pl\u0103cut al p\u0103rului, stimul\u00e2nd capilarele \u0219i optimiz\u00e2nd procesul de cur\u0103\u021bare cu ajutorul perilor s\u0103i moi din silicon. Prezentat\u0103 \u00eentr-o cutie individual\u0103 de design kraft. Paiele de gr\u00e2u promoveaz\u0103 utilizarea materiilor prime naturale, reduc\u00e2nd astfel emisiile de poluan\u021bi.<\/p>","protected":false},"excerpt":{"rendered":"<p>Perie de masaj pentru scalp din paie de gr\u00e2u. Un emulsificator de \u0219ampon eficient pentru masajul pl\u0103cut al p\u0103rului, stimul\u00e2nd<\/p>","protected":false},"featured_media":131520,"comment_status":"open","ping_status":"closed","template":"","meta":[],"product_brand":[],"product_cat":[181],"product_tag":[],"class_list":{"0":"post-91807","1":"product","2":"type-product","3":"status-publish","4":"has-post-thumbnail","6":"product_cat-ingrijire-personala-si-farmaceutica","8":"first","9":"instock","10":"shipping-taxable","11":"purchasable","12":"product-type-simple"},"_links":{"self":[{"href":"https:\/\/promis.ro\/ro\/wp-json\/wp\/v2\/product\/91807","targetHints":{"allow":["GET"]}}],"collection":[{"href":"https:\/\/promis.ro\/ro\/wp-json\/wp\/v2\/product"}],"about":[{"href":"https:\/\/promis.ro\/ro\/wp-json\/wp\/v2\/types\/product"}],"replies":[{"embeddable":true,"href":"https:\/\/promis.ro\/ro\/wp-json\/wp\/v2\/comments?post=91807"}],"version-history":[{"count":1,"href":"https:\/\/promis.ro\/ro\/wp-json\/wp\/v2\/product\/91807\/revisions"}],"predecessor-version":[{"id":111282,"href":"https:\/\/promis.ro\/ro\/wp-json\/wp\/v2\/product\/91807\/revisions\/111282"}],"wp:featuredmedia":[{"embeddable":true,"href":"https:\/\/promis.ro\/ro\/wp-json\/wp\/v2\/media\/131520"}],"wp:attachment":[{"href":"https:\/\/promis.ro\/ro\/wp-json\/wp\/v2\/media?parent=91807"}],"wp:term":[{"taxonomy":"product_brand","embeddable":true,"href":"https:\/\/promis.ro\/ro\/wp-json\/wp\/v2\/product_brand?post=91807"},{"taxonomy":"product_cat","embeddable":true,"href":"https:\/\/promis.ro\/ro\/wp-json\/wp\/v2\/product_cat?post=91807"},{"taxonomy":"product_tag","embeddable":true,"href":"https:\/\/promis.ro\/ro\/wp-json\/wp\/v2\/product_tag?post=91807"}],"curies":[{"name":"wp","href":"https:\/\/api.w.org\/{rel}","templated":true}]}}