{"id":91808,"date":"2025-11-04T22:53:00","date_gmt":"2025-11-04T22:53:00","guid":{"rendered":"https:\/\/promis.ro\/product\/avati\/"},"modified":"2025-11-11T16:02:00","modified_gmt":"2025-11-11T16:02:00","slug":"avati","status":"publish","type":"product","link":"https:\/\/promis.ro\/ro\/produs\/avati\/","title":{"rendered":"Avati"},"content":{"rendered":"<p>Masajer din lemn natural. Conceput pentru a oferi alinare \u0219i bun\u0103stare. M\u00e2nerul s\u0103u ergonomic asigur\u0103 o manipulare confortabil\u0103, \u00een timp ce cele patru bile din lemn sunt eficiente \u0219i ofer\u0103 un masaj revitalizant, eliber\u00e2nd tensiunea muscular\u0103. Prezentat \u00eentr-o cutie individual\u0103 cu design kraft.<\/p>","protected":false},"excerpt":{"rendered":"<p>Masajer din lemn natural. Conceput pentru a oferi alinare \u0219i bun\u0103stare. M\u00e2nerul s\u0103u ergonomic asigur\u0103 o manipulare confortabil\u0103, \u00een timp<\/p>","protected":false},"featured_media":131524,"comment_status":"open","ping_status":"closed","template":"","meta":[],"product_brand":[],"product_cat":[197],"product_tag":[],"class_list":{"0":"post-91808","1":"product","2":"type-product","3":"status-publish","4":"has-post-thumbnail","6":"product_cat-articole-durabile","8":"first","9":"instock","10":"shipping-taxable","11":"purchasable","12":"product-type-simple"},"_links":{"self":[{"href":"https:\/\/promis.ro\/ro\/wp-json\/wp\/v2\/product\/91808","targetHints":{"allow":["GET"]}}],"collection":[{"href":"https:\/\/promis.ro\/ro\/wp-json\/wp\/v2\/product"}],"about":[{"href":"https:\/\/promis.ro\/ro\/wp-json\/wp\/v2\/types\/product"}],"replies":[{"embeddable":true,"href":"https:\/\/promis.ro\/ro\/wp-json\/wp\/v2\/comments?post=91808"}],"version-history":[{"count":1,"href":"https:\/\/promis.ro\/ro\/wp-json\/wp\/v2\/product\/91808\/revisions"}],"predecessor-version":[{"id":111289,"href":"https:\/\/promis.ro\/ro\/wp-json\/wp\/v2\/product\/91808\/revisions\/111289"}],"wp:featuredmedia":[{"embeddable":true,"href":"https:\/\/promis.ro\/ro\/wp-json\/wp\/v2\/media\/131524"}],"wp:attachment":[{"href":"https:\/\/promis.ro\/ro\/wp-json\/wp\/v2\/media?parent=91808"}],"wp:term":[{"taxonomy":"product_brand","embeddable":true,"href":"https:\/\/promis.ro\/ro\/wp-json\/wp\/v2\/product_brand?post=91808"},{"taxonomy":"product_cat","embeddable":true,"href":"https:\/\/promis.ro\/ro\/wp-json\/wp\/v2\/product_cat?post=91808"},{"taxonomy":"product_tag","embeddable":true,"href":"https:\/\/promis.ro\/ro\/wp-json\/wp\/v2\/product_tag?post=91808"}],"curies":[{"name":"wp","href":"https:\/\/api.w.org\/{rel}","templated":true}]}}