{"id":91810,"date":"2025-11-04T22:53:01","date_gmt":"2025-11-04T22:53:01","guid":{"rendered":"https:\/\/promis.ro\/product\/wuklu\/"},"modified":"2025-11-11T16:02:15","modified_gmt":"2025-11-11T16:02:15","slug":"wuklu","status":"publish","type":"product","link":"https:\/\/promis.ro\/ro\/produs\/wuklu\/","title":{"rendered":"Wuklu"},"content":{"rendered":"<p>Masajer realizat din ABS durabil cu bile metalice. Conceput pentru a oferi alinare \u0219i bun\u0103stare. M\u00e2nerul s\u0103u ergonomic asigur\u0103 o utilizare confortabil\u0103, \u00een timp ce sferele metalice cu efect rece ajut\u0103 la absorb\u021bia lo\u021biunilor, relax\u00e2nd pielea obosit\u0103. Prezentat \u00eentr-o cutie de design kraft individual\u0103.<\/p>","protected":false},"excerpt":{"rendered":"<p>Masajer realizat din ABS durabil cu bile metalice. Conceput pentru a oferi alinare \u0219i bun\u0103stare. M\u00e2nerul s\u0103u ergonomic asigur\u0103 o<\/p>","protected":false},"featured_media":131532,"comment_status":"open","ping_status":"closed","template":"","meta":[],"product_brand":[],"product_cat":[181],"product_tag":[],"class_list":{"0":"post-91810","1":"product","2":"type-product","3":"status-publish","4":"has-post-thumbnail","6":"product_cat-ingrijire-personala-si-farmaceutica","8":"first","9":"instock","10":"shipping-taxable","11":"purchasable","12":"product-type-simple"},"_links":{"self":[{"href":"https:\/\/promis.ro\/ro\/wp-json\/wp\/v2\/product\/91810","targetHints":{"allow":["GET"]}}],"collection":[{"href":"https:\/\/promis.ro\/ro\/wp-json\/wp\/v2\/product"}],"about":[{"href":"https:\/\/promis.ro\/ro\/wp-json\/wp\/v2\/types\/product"}],"replies":[{"embeddable":true,"href":"https:\/\/promis.ro\/ro\/wp-json\/wp\/v2\/comments?post=91810"}],"version-history":[{"count":1,"href":"https:\/\/promis.ro\/ro\/wp-json\/wp\/v2\/product\/91810\/revisions"}],"predecessor-version":[{"id":111297,"href":"https:\/\/promis.ro\/ro\/wp-json\/wp\/v2\/product\/91810\/revisions\/111297"}],"wp:featuredmedia":[{"embeddable":true,"href":"https:\/\/promis.ro\/ro\/wp-json\/wp\/v2\/media\/131532"}],"wp:attachment":[{"href":"https:\/\/promis.ro\/ro\/wp-json\/wp\/v2\/media?parent=91810"}],"wp:term":[{"taxonomy":"product_brand","embeddable":true,"href":"https:\/\/promis.ro\/ro\/wp-json\/wp\/v2\/product_brand?post=91810"},{"taxonomy":"product_cat","embeddable":true,"href":"https:\/\/promis.ro\/ro\/wp-json\/wp\/v2\/product_cat?post=91810"},{"taxonomy":"product_tag","embeddable":true,"href":"https:\/\/promis.ro\/ro\/wp-json\/wp\/v2\/product_tag?post=91810"}],"curies":[{"name":"wp","href":"https:\/\/api.w.org\/{rel}","templated":true}]}}