{"id":91811,"date":"2025-11-04T22:53:01","date_gmt":"2025-11-04T22:53:01","guid":{"rendered":"https:\/\/promis.ro\/product\/latval\/"},"modified":"2025-11-11T16:02:18","modified_gmt":"2025-11-11T16:02:18","slug":"latval","status":"publish","type":"product","link":"https:\/\/promis.ro\/ro\/produs\/latval\/","title":{"rendered":"Latval"},"content":{"rendered":"<p>Masajer electric pentru m\u00e2ini. Confort excelent datorit\u0103 propriet\u0103\u021bilor sale vibrante, oferind o experien\u021b\u0103 relaxant\u0103 \u0219i lini\u0219titoare. Designul s\u0103u se potrive\u0219te u\u0219or \u00een m\u00e2n\u0103, cu o prindere ferm\u0103 \u0219i cu lumini de operare \u00een interiorul bilelor. Compact \u0219i portabil, alimentat de 3 baterii AAA (neincluse). Prezentat \u00eentr-o cutie de design kraft.<\/p>","protected":false},"excerpt":{"rendered":"<p>Masajer electric pentru m\u00e2ini. Confort excelent datorit\u0103 propriet\u0103\u021bilor sale vibrante, oferind o experien\u021b\u0103 relaxant\u0103 \u0219i lini\u0219titoare. Designul s\u0103u se potrive\u0219te<\/p>","protected":false},"featured_media":131535,"comment_status":"open","ping_status":"closed","template":"","meta":[],"product_brand":[],"product_cat":[181],"product_tag":[],"class_list":{"0":"post-91811","1":"product","2":"type-product","3":"status-publish","4":"has-post-thumbnail","6":"product_cat-ingrijire-personala-si-farmaceutica","8":"first","9":"instock","10":"shipping-taxable","11":"purchasable","12":"product-type-simple"},"_links":{"self":[{"href":"https:\/\/promis.ro\/ro\/wp-json\/wp\/v2\/product\/91811","targetHints":{"allow":["GET"]}}],"collection":[{"href":"https:\/\/promis.ro\/ro\/wp-json\/wp\/v2\/product"}],"about":[{"href":"https:\/\/promis.ro\/ro\/wp-json\/wp\/v2\/types\/product"}],"replies":[{"embeddable":true,"href":"https:\/\/promis.ro\/ro\/wp-json\/wp\/v2\/comments?post=91811"}],"version-history":[{"count":1,"href":"https:\/\/promis.ro\/ro\/wp-json\/wp\/v2\/product\/91811\/revisions"}],"predecessor-version":[{"id":111285,"href":"https:\/\/promis.ro\/ro\/wp-json\/wp\/v2\/product\/91811\/revisions\/111285"}],"wp:featuredmedia":[{"embeddable":true,"href":"https:\/\/promis.ro\/ro\/wp-json\/wp\/v2\/media\/131535"}],"wp:attachment":[{"href":"https:\/\/promis.ro\/ro\/wp-json\/wp\/v2\/media?parent=91811"}],"wp:term":[{"taxonomy":"product_brand","embeddable":true,"href":"https:\/\/promis.ro\/ro\/wp-json\/wp\/v2\/product_brand?post=91811"},{"taxonomy":"product_cat","embeddable":true,"href":"https:\/\/promis.ro\/ro\/wp-json\/wp\/v2\/product_cat?post=91811"},{"taxonomy":"product_tag","embeddable":true,"href":"https:\/\/promis.ro\/ro\/wp-json\/wp\/v2\/product_tag?post=91811"}],"curies":[{"name":"wp","href":"https:\/\/api.w.org\/{rel}","templated":true}]}}