{"id":91812,"date":"2025-11-04T22:53:01","date_gmt":"2025-11-04T22:53:01","guid":{"rendered":"https:\/\/promis.ro\/product\/iringu\/"},"modified":"2025-11-11T16:02:21","modified_gmt":"2025-11-11T16:02:21","slug":"iringu","status":"publish","type":"product","link":"https:\/\/promis.ro\/ro\/produs\/iringu\/","title":{"rendered":"Iringu"},"content":{"rendered":"<p>Set complet de m\u0103\u0219ti pentru fa\u021b\u0103 din bambus, ideal pentru o aplicare corect\u0103 a m\u0103\u0219tii pentru fa\u021b\u0103. Con\u021bine 4 piese: bol cu design elegant, lingur\u0103, palet\u0103 \u0219i pensul\u0103 cu peri moi. U\u0219or de cur\u0103\u021bat \u0219i prezentat individual \u00eentr-o cutie de design kraft.<\/p>","protected":false},"excerpt":{"rendered":"<p>Set complet de m\u0103\u0219ti pentru fa\u021b\u0103 din bambus, ideal pentru o aplicare corect\u0103 a m\u0103\u0219tii pentru fa\u021b\u0103. Con\u021bine 4 piese:<\/p>","protected":false},"featured_media":131538,"comment_status":"open","ping_status":"closed","template":"","meta":[],"product_brand":[],"product_cat":[181],"product_tag":[],"class_list":{"0":"post-91812","1":"product","2":"type-product","3":"status-publish","4":"has-post-thumbnail","6":"product_cat-ingrijire-personala-si-farmaceutica","8":"first","9":"instock","10":"shipping-taxable","11":"purchasable","12":"product-type-simple"},"_links":{"self":[{"href":"https:\/\/promis.ro\/ro\/wp-json\/wp\/v2\/product\/91812","targetHints":{"allow":["GET"]}}],"collection":[{"href":"https:\/\/promis.ro\/ro\/wp-json\/wp\/v2\/product"}],"about":[{"href":"https:\/\/promis.ro\/ro\/wp-json\/wp\/v2\/types\/product"}],"replies":[{"embeddable":true,"href":"https:\/\/promis.ro\/ro\/wp-json\/wp\/v2\/comments?post=91812"}],"version-history":[{"count":1,"href":"https:\/\/promis.ro\/ro\/wp-json\/wp\/v2\/product\/91812\/revisions"}],"predecessor-version":[{"id":111271,"href":"https:\/\/promis.ro\/ro\/wp-json\/wp\/v2\/product\/91812\/revisions\/111271"}],"wp:featuredmedia":[{"embeddable":true,"href":"https:\/\/promis.ro\/ro\/wp-json\/wp\/v2\/media\/131538"}],"wp:attachment":[{"href":"https:\/\/promis.ro\/ro\/wp-json\/wp\/v2\/media?parent=91812"}],"wp:term":[{"taxonomy":"product_brand","embeddable":true,"href":"https:\/\/promis.ro\/ro\/wp-json\/wp\/v2\/product_brand?post=91812"},{"taxonomy":"product_cat","embeddable":true,"href":"https:\/\/promis.ro\/ro\/wp-json\/wp\/v2\/product_cat?post=91812"},{"taxonomy":"product_tag","embeddable":true,"href":"https:\/\/promis.ro\/ro\/wp-json\/wp\/v2\/product_tag?post=91812"}],"curies":[{"name":"wp","href":"https:\/\/api.w.org\/{rel}","templated":true}]}}