{"id":91980,"date":"2025-11-04T22:54:20","date_gmt":"2025-11-04T22:54:20","guid":{"rendered":"https:\/\/promis.ro\/product\/viorix\/"},"modified":"2025-11-11T16:07:42","modified_gmt":"2025-11-11T16:07:42","slug":"viorix","status":"publish","type":"product","link":"https:\/\/promis.ro\/ro\/produs\/viorix\/","title":{"rendered":"Viorix"},"content":{"rendered":"<p>Un set de bastoane\/cioc\u0103nele realizate din material RPET rezistent \u0219i zgomotos. Reutilizabile \u0219i cu supap\u0103 de umflare inclus\u0103. Materialul RPET este fabricat din plastic reciclat pentru a \u00eencuraja reutilizarea de\u0219eurilor de plastic \u0219i a ajuta la sustenabilitatea planetei. Ambalate \u00eentr-un sac din h\u00e2rtie reciclat\u0103.<\/p>","protected":false},"excerpt":{"rendered":"<p>Un set de bastoane\/cioc\u0103nele realizate din material RPET rezistent \u0219i zgomotos. Reutilizabile \u0219i cu supap\u0103 de umflare inclus\u0103. Materialul RPET<\/p>","protected":false},"featured_media":131799,"comment_status":"open","ping_status":"closed","template":"","meta":[],"product_brand":[],"product_cat":[187],"product_tag":[],"class_list":{"0":"post-91980","1":"product","2":"type-product","3":"status-publish","4":"has-post-thumbnail","6":"product_cat-evenimente-si-petreceri","8":"first","9":"instock","10":"shipping-taxable","11":"purchasable","12":"product-type-simple"},"_links":{"self":[{"href":"https:\/\/promis.ro\/ro\/wp-json\/wp\/v2\/product\/91980","targetHints":{"allow":["GET"]}}],"collection":[{"href":"https:\/\/promis.ro\/ro\/wp-json\/wp\/v2\/product"}],"about":[{"href":"https:\/\/promis.ro\/ro\/wp-json\/wp\/v2\/types\/product"}],"replies":[{"embeddable":true,"href":"https:\/\/promis.ro\/ro\/wp-json\/wp\/v2\/comments?post=91980"}],"version-history":[{"count":1,"href":"https:\/\/promis.ro\/ro\/wp-json\/wp\/v2\/product\/91980\/revisions"}],"predecessor-version":[{"id":111354,"href":"https:\/\/promis.ro\/ro\/wp-json\/wp\/v2\/product\/91980\/revisions\/111354"}],"wp:featuredmedia":[{"embeddable":true,"href":"https:\/\/promis.ro\/ro\/wp-json\/wp\/v2\/media\/131799"}],"wp:attachment":[{"href":"https:\/\/promis.ro\/ro\/wp-json\/wp\/v2\/media?parent=91980"}],"wp:term":[{"taxonomy":"product_brand","embeddable":true,"href":"https:\/\/promis.ro\/ro\/wp-json\/wp\/v2\/product_brand?post=91980"},{"taxonomy":"product_cat","embeddable":true,"href":"https:\/\/promis.ro\/ro\/wp-json\/wp\/v2\/product_cat?post=91980"},{"taxonomy":"product_tag","embeddable":true,"href":"https:\/\/promis.ro\/ro\/wp-json\/wp\/v2\/product_tag?post=91980"}],"curies":[{"name":"wp","href":"https:\/\/api.w.org\/{rel}","templated":true}]}}