{"id":91981,"date":"2025-11-04T22:54:20","date_gmt":"2025-11-04T22:54:20","guid":{"rendered":"https:\/\/promis.ro\/product\/skoll\/"},"modified":"2025-11-11T16:07:46","modified_gmt":"2025-11-11T16:07:46","slug":"skoll","status":"publish","type":"product","link":"https:\/\/promis.ro\/ro\/produs\/skoll\/","title":{"rendered":"Skoll"},"content":{"rendered":"<p>Identificator vertical din PVC. Suport de badge practic cu partea superioar\u0103 \u00eent\u0103rit\u0103 \u0219i perfora\u021bii pentru prindere at\u00e2t central\u0103, c\u00e2t \u0219i lateral\u0103.<\/p>","protected":false},"excerpt":{"rendered":"<p>Identificator vertical din PVC. Suport de badge practic cu partea superioar\u0103 \u00eent\u0103rit\u0103 \u0219i perfora\u021bii pentru prindere at\u00e2t central\u0103, c\u00e2t \u0219i<\/p>","protected":false},"featured_media":131803,"comment_status":"open","ping_status":"closed","template":"","meta":[],"product_brand":[],"product_cat":[171],"product_tag":[],"class_list":{"0":"post-91981","1":"product","2":"type-product","3":"status-publish","4":"has-post-thumbnail","6":"product_cat-birou-si-business","8":"first","9":"instock","10":"shipping-taxable","11":"purchasable","12":"product-type-simple"},"_links":{"self":[{"href":"https:\/\/promis.ro\/ro\/wp-json\/wp\/v2\/product\/91981","targetHints":{"allow":["GET"]}}],"collection":[{"href":"https:\/\/promis.ro\/ro\/wp-json\/wp\/v2\/product"}],"about":[{"href":"https:\/\/promis.ro\/ro\/wp-json\/wp\/v2\/types\/product"}],"replies":[{"embeddable":true,"href":"https:\/\/promis.ro\/ro\/wp-json\/wp\/v2\/comments?post=91981"}],"version-history":[{"count":1,"href":"https:\/\/promis.ro\/ro\/wp-json\/wp\/v2\/product\/91981\/revisions"}],"predecessor-version":[{"id":111342,"href":"https:\/\/promis.ro\/ro\/wp-json\/wp\/v2\/product\/91981\/revisions\/111342"}],"wp:featuredmedia":[{"embeddable":true,"href":"https:\/\/promis.ro\/ro\/wp-json\/wp\/v2\/media\/131803"}],"wp:attachment":[{"href":"https:\/\/promis.ro\/ro\/wp-json\/wp\/v2\/media?parent=91981"}],"wp:term":[{"taxonomy":"product_brand","embeddable":true,"href":"https:\/\/promis.ro\/ro\/wp-json\/wp\/v2\/product_brand?post=91981"},{"taxonomy":"product_cat","embeddable":true,"href":"https:\/\/promis.ro\/ro\/wp-json\/wp\/v2\/product_cat?post=91981"},{"taxonomy":"product_tag","embeddable":true,"href":"https:\/\/promis.ro\/ro\/wp-json\/wp\/v2\/product_tag?post=91981"}],"curies":[{"name":"wp","href":"https:\/\/api.w.org\/{rel}","templated":true}]}}