{"id":91982,"date":"2025-11-04T22:54:20","date_gmt":"2025-11-04T22:54:20","guid":{"rendered":"https:\/\/promis.ro\/product\/rafton\/"},"modified":"2025-11-11T16:07:49","modified_gmt":"2025-11-11T16:07:49","slug":"rafton","status":"publish","type":"product","link":"https:\/\/promis.ro\/ro\/produs\/rafton\/","title":{"rendered":"Rafton"},"content":{"rendered":"<p>Pix cu carcas\u0103 din paie de gr\u00e2u. Cu clip metalic \u0219i accesorii cromate, mecanism de r\u0103sucire \u0219i cerneal\u0103 albastr\u0103. Cu logo din paie de gr\u00e2u \u0219i disponibil \u00eentr-o culoare natural\u0103. Paiele de gr\u00e2u promoveaz\u0103 utilizarea materiilor prime naturale, reduc\u00e2nd astfel emisiile de poluan\u021bi.<\/p>","protected":false},"excerpt":{"rendered":"<p>Pix cu carcas\u0103 din paie de gr\u00e2u. Cu clip metalic \u0219i accesorii cromate, mecanism de r\u0103sucire \u0219i cerneal\u0103 albastr\u0103. Cu<\/p>","protected":false},"featured_media":131806,"comment_status":"open","ping_status":"closed","template":"","meta":[],"product_brand":[],"product_cat":[175],"product_tag":[],"class_list":{"0":"post-91982","1":"product","2":"type-product","3":"status-publish","4":"has-post-thumbnail","6":"product_cat-scris","8":"first","9":"instock","10":"shipping-taxable","11":"purchasable","12":"product-type-simple"},"_links":{"self":[{"href":"https:\/\/promis.ro\/ro\/wp-json\/wp\/v2\/product\/91982","targetHints":{"allow":["GET"]}}],"collection":[{"href":"https:\/\/promis.ro\/ro\/wp-json\/wp\/v2\/product"}],"about":[{"href":"https:\/\/promis.ro\/ro\/wp-json\/wp\/v2\/types\/product"}],"replies":[{"embeddable":true,"href":"https:\/\/promis.ro\/ro\/wp-json\/wp\/v2\/comments?post=91982"}],"version-history":[{"count":1,"href":"https:\/\/promis.ro\/ro\/wp-json\/wp\/v2\/product\/91982\/revisions"}],"predecessor-version":[{"id":111348,"href":"https:\/\/promis.ro\/ro\/wp-json\/wp\/v2\/product\/91982\/revisions\/111348"}],"wp:featuredmedia":[{"embeddable":true,"href":"https:\/\/promis.ro\/ro\/wp-json\/wp\/v2\/media\/131806"}],"wp:attachment":[{"href":"https:\/\/promis.ro\/ro\/wp-json\/wp\/v2\/media?parent=91982"}],"wp:term":[{"taxonomy":"product_brand","embeddable":true,"href":"https:\/\/promis.ro\/ro\/wp-json\/wp\/v2\/product_brand?post=91982"},{"taxonomy":"product_cat","embeddable":true,"href":"https:\/\/promis.ro\/ro\/wp-json\/wp\/v2\/product_cat?post=91982"},{"taxonomy":"product_tag","embeddable":true,"href":"https:\/\/promis.ro\/ro\/wp-json\/wp\/v2\/product_tag?post=91982"}],"curies":[{"name":"wp","href":"https:\/\/api.w.org\/{rel}","templated":true}]}}