{"id":91983,"date":"2025-11-04T22:54:21","date_gmt":"2025-11-04T22:54:21","guid":{"rendered":"https:\/\/promis.ro\/product\/perte\/"},"modified":"2025-11-11T16:07:51","modified_gmt":"2025-11-11T16:07:51","slug":"perte","status":"publish","type":"product","link":"https:\/\/promis.ro\/ro\/produs\/perte\/","title":{"rendered":"Perte"},"content":{"rendered":"<p>Pix cu tub din trestie de zah\u0103r. Clip metalic \u0219i accesorii cromate, cu mecanism de r\u0103sucire \u0219i cerneal\u0103 albastr\u0103. Logo-ul trestiei de zah\u0103r \u0219i disponibil \u00eentr-o culoare natural\u0103. Fibra de trestie de zah\u0103r este un material natural ob\u021binut din materiale biodegradabile provenite din reziduurile fibrelor vegetale dup\u0103 extrac\u021bia sucului de trestie de zah\u0103r. Este un material rezistent, sustenabil din punct de vedere stilistic \u0219i prietenos cu mediul.<\/p>","protected":false},"excerpt":{"rendered":"<p>Pix cu tub din trestie de zah\u0103r. Clip metalic \u0219i accesorii cromate, cu mecanism de r\u0103sucire \u0219i cerneal\u0103 albastr\u0103. Logo-ul<\/p>","protected":false},"featured_media":131809,"comment_status":"open","ping_status":"closed","template":"","meta":[],"product_brand":[],"product_cat":[197],"product_tag":[],"class_list":{"0":"post-91983","1":"product","2":"type-product","3":"status-publish","4":"has-post-thumbnail","6":"product_cat-articole-durabile","8":"first","9":"instock","10":"shipping-taxable","11":"purchasable","12":"product-type-simple"},"_links":{"self":[{"href":"https:\/\/promis.ro\/ro\/wp-json\/wp\/v2\/product\/91983","targetHints":{"allow":["GET"]}}],"collection":[{"href":"https:\/\/promis.ro\/ro\/wp-json\/wp\/v2\/product"}],"about":[{"href":"https:\/\/promis.ro\/ro\/wp-json\/wp\/v2\/types\/product"}],"replies":[{"embeddable":true,"href":"https:\/\/promis.ro\/ro\/wp-json\/wp\/v2\/comments?post=91983"}],"version-history":[{"count":1,"href":"https:\/\/promis.ro\/ro\/wp-json\/wp\/v2\/product\/91983\/revisions"}],"predecessor-version":[{"id":111355,"href":"https:\/\/promis.ro\/ro\/wp-json\/wp\/v2\/product\/91983\/revisions\/111355"}],"wp:featuredmedia":[{"embeddable":true,"href":"https:\/\/promis.ro\/ro\/wp-json\/wp\/v2\/media\/131809"}],"wp:attachment":[{"href":"https:\/\/promis.ro\/ro\/wp-json\/wp\/v2\/media?parent=91983"}],"wp:term":[{"taxonomy":"product_brand","embeddable":true,"href":"https:\/\/promis.ro\/ro\/wp-json\/wp\/v2\/product_brand?post=91983"},{"taxonomy":"product_cat","embeddable":true,"href":"https:\/\/promis.ro\/ro\/wp-json\/wp\/v2\/product_cat?post=91983"},{"taxonomy":"product_tag","embeddable":true,"href":"https:\/\/promis.ro\/ro\/wp-json\/wp\/v2\/product_tag?post=91983"}],"curies":[{"name":"wp","href":"https:\/\/api.w.org\/{rel}","templated":true}]}}