{"id":91984,"date":"2025-11-04T22:54:21","date_gmt":"2025-11-04T22:54:21","guid":{"rendered":"https:\/\/promis.ro\/product\/trall\/"},"modified":"2025-11-11T16:07:54","modified_gmt":"2025-11-11T16:07:54","slug":"trall","status":"publish","type":"product","link":"https:\/\/promis.ro\/ro\/produs\/trall\/","title":{"rendered":"Trall"},"content":{"rendered":"<p>Pix cu tub din fibr\u0103 de cafea, clip metalic \u0219i accesorii cromate. Mecanism de r\u0103sucire \u0219i cerneal\u0103 albastr\u0103. Cu logo din fibr\u0103 de cafea \u0219i disponibil \u00een culoarea natural\u0103. Fibr\u0103 de cafea este o solu\u021bie circular\u0103 ob\u021binut\u0103 din utilizarea de\u0219eurilor produse \u00een procesul de produc\u021bie a cafelei. O alternativ\u0103 durabil\u0103 care promoveaz\u0103 reducerea utiliz\u0103rii plasticului, economisind energie \u00een procesul s\u0103u de fabrica\u021bie \u0219i contribuind la conservarea mediului.<\/p>","protected":false},"excerpt":{"rendered":"<p>Pix cu tub din fibr\u0103 de cafea, clip metalic \u0219i accesorii cromate. Mecanism de r\u0103sucire \u0219i cerneal\u0103 albastr\u0103. Cu logo<\/p>","protected":false},"featured_media":131812,"comment_status":"open","ping_status":"closed","template":"","meta":[],"product_brand":[],"product_cat":[197],"product_tag":[],"class_list":{"0":"post-91984","1":"product","2":"type-product","3":"status-publish","4":"has-post-thumbnail","6":"product_cat-articole-durabile","8":"first","9":"instock","10":"shipping-taxable","11":"purchasable","12":"product-type-simple"},"_links":{"self":[{"href":"https:\/\/promis.ro\/ro\/wp-json\/wp\/v2\/product\/91984","targetHints":{"allow":["GET"]}}],"collection":[{"href":"https:\/\/promis.ro\/ro\/wp-json\/wp\/v2\/product"}],"about":[{"href":"https:\/\/promis.ro\/ro\/wp-json\/wp\/v2\/types\/product"}],"replies":[{"embeddable":true,"href":"https:\/\/promis.ro\/ro\/wp-json\/wp\/v2\/comments?post=91984"}],"version-history":[{"count":1,"href":"https:\/\/promis.ro\/ro\/wp-json\/wp\/v2\/product\/91984\/revisions"}],"predecessor-version":[{"id":111356,"href":"https:\/\/promis.ro\/ro\/wp-json\/wp\/v2\/product\/91984\/revisions\/111356"}],"wp:featuredmedia":[{"embeddable":true,"href":"https:\/\/promis.ro\/ro\/wp-json\/wp\/v2\/media\/131812"}],"wp:attachment":[{"href":"https:\/\/promis.ro\/ro\/wp-json\/wp\/v2\/media?parent=91984"}],"wp:term":[{"taxonomy":"product_brand","embeddable":true,"href":"https:\/\/promis.ro\/ro\/wp-json\/wp\/v2\/product_brand?post=91984"},{"taxonomy":"product_cat","embeddable":true,"href":"https:\/\/promis.ro\/ro\/wp-json\/wp\/v2\/product_cat?post=91984"},{"taxonomy":"product_tag","embeddable":true,"href":"https:\/\/promis.ro\/ro\/wp-json\/wp\/v2\/product_tag?post=91984"}],"curies":[{"name":"wp","href":"https:\/\/api.w.org\/{rel}","templated":true}]}}