{"id":91985,"date":"2025-11-04T22:54:21","date_gmt":"2025-11-04T22:54:21","guid":{"rendered":"https:\/\/promis.ro\/product\/stenson\/"},"modified":"2025-11-11T16:07:56","modified_gmt":"2025-11-11T16:07:56","slug":"stenson","status":"publish","type":"product","link":"https:\/\/promis.ro\/ro\/produs\/stenson\/","title":{"rendered":"Stenson"},"content":{"rendered":"<p>Pix cu tub din bambus, clip metalic \u0219i accesorii cromate. Cu mecanism rotativ \u0219i cerneal\u0103 albastr\u0103. Materiale precum bambusul promoveaz\u0103 utilizarea materiilor prime naturale, reduc\u00e2nd astfel emisiile de poluan\u021bi. Provine dintr-o plant\u0103 foarte rezistent\u0103 \u0219i versatil\u0103, cu cre\u0219tere \u0219i regenerare rapid\u0103, f\u0103c\u00e2ndu-l o alternativ\u0103 excelent\u0103 la utilizarea lemnului tradi\u021bional.<\/p>","protected":false},"excerpt":{"rendered":"<p>Pix cu tub din bambus, clip metalic \u0219i accesorii cromate. Cu mecanism rotativ \u0219i cerneal\u0103 albastr\u0103. Materiale precum bambusul promoveaz\u0103<\/p>","protected":false},"featured_media":131815,"comment_status":"open","ping_status":"closed","template":"","meta":[],"product_brand":[],"product_cat":[175],"product_tag":[],"class_list":{"0":"post-91985","1":"product","2":"type-product","3":"status-publish","4":"has-post-thumbnail","6":"product_cat-scris","8":"first","9":"instock","10":"shipping-taxable","11":"purchasable","12":"product-type-simple"},"_links":{"self":[{"href":"https:\/\/promis.ro\/ro\/wp-json\/wp\/v2\/product\/91985","targetHints":{"allow":["GET"]}}],"collection":[{"href":"https:\/\/promis.ro\/ro\/wp-json\/wp\/v2\/product"}],"about":[{"href":"https:\/\/promis.ro\/ro\/wp-json\/wp\/v2\/types\/product"}],"replies":[{"embeddable":true,"href":"https:\/\/promis.ro\/ro\/wp-json\/wp\/v2\/comments?post=91985"}],"version-history":[{"count":1,"href":"https:\/\/promis.ro\/ro\/wp-json\/wp\/v2\/product\/91985\/revisions"}],"predecessor-version":[{"id":111346,"href":"https:\/\/promis.ro\/ro\/wp-json\/wp\/v2\/product\/91985\/revisions\/111346"}],"wp:featuredmedia":[{"embeddable":true,"href":"https:\/\/promis.ro\/ro\/wp-json\/wp\/v2\/media\/131815"}],"wp:attachment":[{"href":"https:\/\/promis.ro\/ro\/wp-json\/wp\/v2\/media?parent=91985"}],"wp:term":[{"taxonomy":"product_brand","embeddable":true,"href":"https:\/\/promis.ro\/ro\/wp-json\/wp\/v2\/product_brand?post=91985"},{"taxonomy":"product_cat","embeddable":true,"href":"https:\/\/promis.ro\/ro\/wp-json\/wp\/v2\/product_cat?post=91985"},{"taxonomy":"product_tag","embeddable":true,"href":"https:\/\/promis.ro\/ro\/wp-json\/wp\/v2\/product_tag?post=91985"}],"curies":[{"name":"wp","href":"https:\/\/api.w.org\/{rel}","templated":true}]}}