{"id":91986,"date":"2025-11-04T22:54:22","date_gmt":"2025-11-04T22:54:22","guid":{"rendered":"https:\/\/promis.ro\/product\/reist\/"},"modified":"2025-11-11T16:07:58","modified_gmt":"2025-11-11T16:07:58","slug":"reist","status":"publish","type":"product","link":"https:\/\/promis.ro\/ro\/produs\/reist\/","title":{"rendered":"Reist"},"content":{"rendered":"<p>Pix cu tub din aluminiu reciclat. Clip metalic \u0219i accesorii cromate, cu mecanism rotativ \u0219i cerneal\u0103 albastr\u0103. Cu logo din aluminiu reciclat. Aluminiul reciclat este un material cu posibilit\u0103\u021bi de reciclare aproape infinite, p\u0103str\u00e2ndu-\u0219i propriet\u0103\u021bile originale \u0219i consum\u00e2nd mai pu\u021bin\u0103 energie \u00een timpul acestui proces. Certificare GRS (Global Recycled Standard), care garanteaz\u0103 originea reciclat\u0103 a materialului utilizat pentru fabricarea produsului.<\/p>","protected":false},"excerpt":{"rendered":"<p>Pix cu tub din aluminiu reciclat. Clip metalic \u0219i accesorii cromate, cu mecanism rotativ \u0219i cerneal\u0103 albastr\u0103. Cu logo din<\/p>","protected":false},"featured_media":131817,"comment_status":"open","ping_status":"closed","template":"","meta":[],"product_brand":[],"product_cat":[175],"product_tag":[],"class_list":{"0":"post-91986","1":"product","2":"type-product","3":"status-publish","4":"has-post-thumbnail","6":"product_cat-scris","8":"first","9":"instock","10":"shipping-taxable","11":"purchasable","12":"product-type-simple"},"_links":{"self":[{"href":"https:\/\/promis.ro\/ro\/wp-json\/wp\/v2\/product\/91986","targetHints":{"allow":["GET"]}}],"collection":[{"href":"https:\/\/promis.ro\/ro\/wp-json\/wp\/v2\/product"}],"about":[{"href":"https:\/\/promis.ro\/ro\/wp-json\/wp\/v2\/types\/product"}],"replies":[{"embeddable":true,"href":"https:\/\/promis.ro\/ro\/wp-json\/wp\/v2\/comments?post=91986"}],"version-history":[{"count":1,"href":"https:\/\/promis.ro\/ro\/wp-json\/wp\/v2\/product\/91986\/revisions"}],"predecessor-version":[{"id":111352,"href":"https:\/\/promis.ro\/ro\/wp-json\/wp\/v2\/product\/91986\/revisions\/111352"}],"wp:featuredmedia":[{"embeddable":true,"href":"https:\/\/promis.ro\/ro\/wp-json\/wp\/v2\/media\/131817"}],"wp:attachment":[{"href":"https:\/\/promis.ro\/ro\/wp-json\/wp\/v2\/media?parent=91986"}],"wp:term":[{"taxonomy":"product_brand","embeddable":true,"href":"https:\/\/promis.ro\/ro\/wp-json\/wp\/v2\/product_brand?post=91986"},{"taxonomy":"product_cat","embeddable":true,"href":"https:\/\/promis.ro\/ro\/wp-json\/wp\/v2\/product_cat?post=91986"},{"taxonomy":"product_tag","embeddable":true,"href":"https:\/\/promis.ro\/ro\/wp-json\/wp\/v2\/product_tag?post=91986"}],"curies":[{"name":"wp","href":"https:\/\/api.w.org\/{rel}","templated":true}]}}