{"id":91987,"date":"2025-11-04T22:54:22","date_gmt":"2025-11-04T22:54:22","guid":{"rendered":"https:\/\/promis.ro\/product\/milwaky\/"},"modified":"2025-11-11T16:08:00","modified_gmt":"2025-11-11T16:08:00","slug":"milwaky","status":"publish","type":"product","link":"https:\/\/promis.ro\/ro\/produs\/milwaky\/","title":{"rendered":"Milwaky"},"content":{"rendered":"<p>Pix cu tub din plut\u0103 natural\u0103. Clip metalic \u0219i accesorii cromate, cu mecanism rotativ \u0219i cerneal\u0103 albastr\u0103. Fabricat din elemente pe baz\u0103 de plante pentru a promova utilizarea materiilor prime naturale \u0219i a reduce emisiile poluante.<\/p>","protected":false},"excerpt":{"rendered":"<p>Pix cu tub din plut\u0103 natural\u0103. Clip metalic \u0219i accesorii cromate, cu mecanism rotativ \u0219i cerneal\u0103 albastr\u0103. Fabricat din elemente<\/p>","protected":false},"featured_media":131820,"comment_status":"open","ping_status":"closed","template":"","meta":[],"product_brand":[],"product_cat":[175],"product_tag":[],"class_list":{"0":"post-91987","1":"product","2":"type-product","3":"status-publish","4":"has-post-thumbnail","6":"product_cat-scris","8":"first","9":"instock","10":"shipping-taxable","11":"purchasable","12":"product-type-simple"},"_links":{"self":[{"href":"https:\/\/promis.ro\/ro\/wp-json\/wp\/v2\/product\/91987","targetHints":{"allow":["GET"]}}],"collection":[{"href":"https:\/\/promis.ro\/ro\/wp-json\/wp\/v2\/product"}],"about":[{"href":"https:\/\/promis.ro\/ro\/wp-json\/wp\/v2\/types\/product"}],"replies":[{"embeddable":true,"href":"https:\/\/promis.ro\/ro\/wp-json\/wp\/v2\/comments?post=91987"}],"version-history":[{"count":1,"href":"https:\/\/promis.ro\/ro\/wp-json\/wp\/v2\/product\/91987\/revisions"}],"predecessor-version":[{"id":111349,"href":"https:\/\/promis.ro\/ro\/wp-json\/wp\/v2\/product\/91987\/revisions\/111349"}],"wp:featuredmedia":[{"embeddable":true,"href":"https:\/\/promis.ro\/ro\/wp-json\/wp\/v2\/media\/131820"}],"wp:attachment":[{"href":"https:\/\/promis.ro\/ro\/wp-json\/wp\/v2\/media?parent=91987"}],"wp:term":[{"taxonomy":"product_brand","embeddable":true,"href":"https:\/\/promis.ro\/ro\/wp-json\/wp\/v2\/product_brand?post=91987"},{"taxonomy":"product_cat","embeddable":true,"href":"https:\/\/promis.ro\/ro\/wp-json\/wp\/v2\/product_cat?post=91987"},{"taxonomy":"product_tag","embeddable":true,"href":"https:\/\/promis.ro\/ro\/wp-json\/wp\/v2\/product_tag?post=91987"}],"curies":[{"name":"wp","href":"https:\/\/api.w.org\/{rel}","templated":true}]}}