{"id":91990,"date":"2025-11-04T22:54:27","date_gmt":"2025-11-04T22:54:27","guid":{"rendered":"https:\/\/promis.ro\/product\/renol\/"},"modified":"2025-11-11T16:08:51","modified_gmt":"2025-11-11T16:08:51","slug":"renol","status":"publish","type":"product","link":"https:\/\/promis.ro\/ro\/produs\/renol\/","title":{"rendered":"Renol"},"content":{"rendered":"<p>Pix elegant din bambus. Tub din aluminiu rezistent cu finisaj cauciucat \u0219i grip din bambus, disponibil \u00eentr-o gam\u0103 larg\u0103 de culori distinctive. Clip metalic, cu mecanism cu buton \u0219i cerneal\u0103 albastr\u0103. Prezentat \u00eentr-un sac reciclabil individual.<\/p>","protected":false},"excerpt":{"rendered":"<p>Pix elegant din bambus. Tub din aluminiu rezistent cu finisaj cauciucat \u0219i grip din bambus, disponibil \u00eentr-o gam\u0103 larg\u0103 de<\/p>","protected":false},"featured_media":131826,"comment_status":"open","ping_status":"closed","template":"","meta":[],"product_brand":[],"product_cat":[175],"product_tag":[],"class_list":{"0":"post-91990","1":"product","2":"type-product","3":"status-publish","4":"has-post-thumbnail","6":"product_cat-scris","8":"first","9":"instock","10":"shipping-taxable","11":"purchasable","12":"product-type-variable"},"_links":{"self":[{"href":"https:\/\/promis.ro\/ro\/wp-json\/wp\/v2\/product\/91990","targetHints":{"allow":["GET"]}}],"collection":[{"href":"https:\/\/promis.ro\/ro\/wp-json\/wp\/v2\/product"}],"about":[{"href":"https:\/\/promis.ro\/ro\/wp-json\/wp\/v2\/types\/product"}],"replies":[{"embeddable":true,"href":"https:\/\/promis.ro\/ro\/wp-json\/wp\/v2\/comments?post=91990"}],"version-history":[{"count":1,"href":"https:\/\/promis.ro\/ro\/wp-json\/wp\/v2\/product\/91990\/revisions"}],"predecessor-version":[{"id":111353,"href":"https:\/\/promis.ro\/ro\/wp-json\/wp\/v2\/product\/91990\/revisions\/111353"}],"wp:featuredmedia":[{"embeddable":true,"href":"https:\/\/promis.ro\/ro\/wp-json\/wp\/v2\/media\/131826"}],"wp:attachment":[{"href":"https:\/\/promis.ro\/ro\/wp-json\/wp\/v2\/media?parent=91990"}],"wp:term":[{"taxonomy":"product_brand","embeddable":true,"href":"https:\/\/promis.ro\/ro\/wp-json\/wp\/v2\/product_brand?post=91990"},{"taxonomy":"product_cat","embeddable":true,"href":"https:\/\/promis.ro\/ro\/wp-json\/wp\/v2\/product_cat?post=91990"},{"taxonomy":"product_tag","embeddable":true,"href":"https:\/\/promis.ro\/ro\/wp-json\/wp\/v2\/product_tag?post=91990"}],"curies":[{"name":"wp","href":"https:\/\/api.w.org\/{rel}","templated":true}]}}