{"id":91991,"date":"2025-11-04T22:54:28","date_gmt":"2025-11-04T22:54:28","guid":{"rendered":"https:\/\/promis.ro\/product\/melky\/"},"modified":"2025-11-11T16:08:52","modified_gmt":"2025-11-11T16:08:52","slug":"melky","status":"publish","type":"product","link":"https:\/\/promis.ro\/ro\/produs\/melky\/","title":{"rendered":"Melky"},"content":{"rendered":"<p>Pix cu mecanism de ap\u0103sare, fabricat din bambus \u0219i paie de gr\u00e2u. Corp din bambus, cu accesorii asortate din paie de gr\u00e2u. Clip original de dimensiuni XL, disponibil \u00eentr-o gam\u0103 larg\u0103 de culori. Cartu\u0219 jumbo \u0219i cerneal\u0103 albastr\u0103. Materiale precum bambusul promoveaz\u0103 utilizarea materiilor prime naturale, reduc\u00e2nd astfel emisiile de poluan\u021bi. Provine dintr-o plant\u0103 foarte rezistent\u0103 \u0219i versatil\u0103, cu cre\u0219tere rapid\u0103 \u0219i regenerare, f\u0103c\u00e2ndu-l o alternativ\u0103 excelent\u0103 la utilizarea lemnului tradi\u021bional.<\/p>","protected":false},"excerpt":{"rendered":"<p>Pix cu mecanism de ap\u0103sare, fabricat din bambus \u0219i paie de gr\u00e2u. Corp din bambus, cu accesorii asortate din paie<\/p>","protected":false},"featured_media":131828,"comment_status":"open","ping_status":"closed","template":"","meta":[],"product_brand":[],"product_cat":[197],"product_tag":[],"class_list":{"0":"post-91991","1":"product","2":"type-product","3":"status-publish","4":"has-post-thumbnail","6":"product_cat-articole-durabile","8":"first","9":"instock","10":"shipping-taxable","11":"purchasable","12":"product-type-variable"},"_links":{"self":[{"href":"https:\/\/promis.ro\/ro\/wp-json\/wp\/v2\/product\/91991","targetHints":{"allow":["GET"]}}],"collection":[{"href":"https:\/\/promis.ro\/ro\/wp-json\/wp\/v2\/product"}],"about":[{"href":"https:\/\/promis.ro\/ro\/wp-json\/wp\/v2\/types\/product"}],"replies":[{"embeddable":true,"href":"https:\/\/promis.ro\/ro\/wp-json\/wp\/v2\/comments?post=91991"}],"version-history":[{"count":1,"href":"https:\/\/promis.ro\/ro\/wp-json\/wp\/v2\/product\/91991\/revisions"}],"predecessor-version":[{"id":111375,"href":"https:\/\/promis.ro\/ro\/wp-json\/wp\/v2\/product\/91991\/revisions\/111375"}],"wp:featuredmedia":[{"embeddable":true,"href":"https:\/\/promis.ro\/ro\/wp-json\/wp\/v2\/media\/131828"}],"wp:attachment":[{"href":"https:\/\/promis.ro\/ro\/wp-json\/wp\/v2\/media?parent=91991"}],"wp:term":[{"taxonomy":"product_brand","embeddable":true,"href":"https:\/\/promis.ro\/ro\/wp-json\/wp\/v2\/product_brand?post=91991"},{"taxonomy":"product_cat","embeddable":true,"href":"https:\/\/promis.ro\/ro\/wp-json\/wp\/v2\/product_cat?post=91991"},{"taxonomy":"product_tag","embeddable":true,"href":"https:\/\/promis.ro\/ro\/wp-json\/wp\/v2\/product_tag?post=91991"}],"curies":[{"name":"wp","href":"https:\/\/api.w.org\/{rel}","templated":true}]}}