{"id":91992,"date":"2025-11-04T22:54:28","date_gmt":"2025-11-04T22:54:28","guid":{"rendered":"https:\/\/promis.ro\/product\/zonta\/"},"modified":"2025-11-11T16:08:52","modified_gmt":"2025-11-11T16:08:52","slug":"zonta","status":"publish","type":"product","link":"https:\/\/promis.ro\/ro\/produs\/zonta\/","title":{"rendered":"Zonta"},"content":{"rendered":"<p>Pix practic cu suport, fabricat din bambus \u0219i paie de gr\u00e2u. Corp din bambus, cu accesorii colorate din paie de gr\u00e2u \u0219i elemente decorative din metal. Mecanism de r\u0103sucire, cu suport integrat pentru dispozitive mobile. Cu cerneal\u0103 albastr\u0103, cu re\u00eenc\u0103rcare jumbo \u0219i disponibil \u00eentr-o varietate de culori. Materiale precum bambusul promoveaz\u0103 utilizarea materiilor prime naturale, reduc\u00e2nd astfel emisiile de poluan\u021bi. Provine dintr-o plant\u0103 foarte rezistent\u0103 \u0219i versatil\u0103, cu cre\u0219tere \u0219i regenerare rapid\u0103, f\u0103c\u00e2ndu-l o alternativ\u0103 excelent\u0103 la utilizarea lemnului tradi\u021bional.<\/p>","protected":false},"excerpt":{"rendered":"<p>Pix practic cu suport, fabricat din bambus \u0219i paie de gr\u00e2u. Corp din bambus, cu accesorii colorate din paie de<\/p>","protected":false},"featured_media":131830,"comment_status":"open","ping_status":"closed","template":"","meta":[],"product_brand":[],"product_cat":[175],"product_tag":[],"class_list":{"0":"post-91992","1":"product","2":"type-product","3":"status-publish","4":"has-post-thumbnail","6":"product_cat-scris","8":"first","9":"instock","10":"shipping-taxable","11":"purchasable","12":"product-type-variable"},"_links":{"self":[{"href":"https:\/\/promis.ro\/ro\/wp-json\/wp\/v2\/product\/91992","targetHints":{"allow":["GET"]}}],"collection":[{"href":"https:\/\/promis.ro\/ro\/wp-json\/wp\/v2\/product"}],"about":[{"href":"https:\/\/promis.ro\/ro\/wp-json\/wp\/v2\/types\/product"}],"replies":[{"embeddable":true,"href":"https:\/\/promis.ro\/ro\/wp-json\/wp\/v2\/comments?post=91992"}],"version-history":[{"count":1,"href":"https:\/\/promis.ro\/ro\/wp-json\/wp\/v2\/product\/91992\/revisions"}],"predecessor-version":[{"id":111358,"href":"https:\/\/promis.ro\/ro\/wp-json\/wp\/v2\/product\/91992\/revisions\/111358"}],"wp:featuredmedia":[{"embeddable":true,"href":"https:\/\/promis.ro\/ro\/wp-json\/wp\/v2\/media\/131830"}],"wp:attachment":[{"href":"https:\/\/promis.ro\/ro\/wp-json\/wp\/v2\/media?parent=91992"}],"wp:term":[{"taxonomy":"product_brand","embeddable":true,"href":"https:\/\/promis.ro\/ro\/wp-json\/wp\/v2\/product_brand?post=91992"},{"taxonomy":"product_cat","embeddable":true,"href":"https:\/\/promis.ro\/ro\/wp-json\/wp\/v2\/product_cat?post=91992"},{"taxonomy":"product_tag","embeddable":true,"href":"https:\/\/promis.ro\/ro\/wp-json\/wp\/v2\/product_tag?post=91992"}],"curies":[{"name":"wp","href":"https:\/\/api.w.org\/{rel}","templated":true}]}}