{"id":92233,"date":"2025-11-04T22:56:20","date_gmt":"2025-11-04T22:56:20","guid":{"rendered":"https:\/\/promis.ro\/product\/venen\/"},"modified":"2025-11-11T16:16:50","modified_gmt":"2025-11-11T16:16:50","slug":"venen","status":"publish","type":"product","link":"https:\/\/promis.ro\/ro\/produs\/venen\/","title":{"rendered":"Venen"},"content":{"rendered":"<p>Sticl\u0103 cu capacitate de 500 ml. Corp din sticl\u0103 cu capac cu filet \u0219i m\u00e2nere din silicon practic pentru o transportare u\u0219oar\u0103. Furnizat\u0103 cu un m\u00e2nec\u0103 moale asortat\u0103. Disponibil\u0103 \u00eentr-o gam\u0103 larg\u0103 de culori \u0219i prezentat\u0103 \u00eentr-o cutie individual\u0103 cu un design atractiv din kraft.<\/p>","protected":false},"excerpt":{"rendered":"<p>Sticl\u0103 cu capacitate de 500 ml. Corp din sticl\u0103 cu capac cu filet \u0219i m\u00e2nere din silicon practic pentru o<\/p>","protected":false},"featured_media":132179,"comment_status":"open","ping_status":"closed","template":"","meta":[],"product_brand":[],"product_cat":[172],"product_tag":[],"class_list":{"0":"post-92233","1":"product","2":"type-product","3":"status-publish","4":"has-post-thumbnail","6":"product_cat-cani-borcane-si-thermosuri","8":"first","9":"instock","10":"shipping-taxable","11":"purchasable","12":"product-type-variable"},"_links":{"self":[{"href":"https:\/\/promis.ro\/ro\/wp-json\/wp\/v2\/product\/92233","targetHints":{"allow":["GET"]}}],"collection":[{"href":"https:\/\/promis.ro\/ro\/wp-json\/wp\/v2\/product"}],"about":[{"href":"https:\/\/promis.ro\/ro\/wp-json\/wp\/v2\/types\/product"}],"replies":[{"embeddable":true,"href":"https:\/\/promis.ro\/ro\/wp-json\/wp\/v2\/comments?post=92233"}],"version-history":[{"count":1,"href":"https:\/\/promis.ro\/ro\/wp-json\/wp\/v2\/product\/92233\/revisions"}],"predecessor-version":[{"id":111412,"href":"https:\/\/promis.ro\/ro\/wp-json\/wp\/v2\/product\/92233\/revisions\/111412"}],"wp:featuredmedia":[{"embeddable":true,"href":"https:\/\/promis.ro\/ro\/wp-json\/wp\/v2\/media\/132179"}],"wp:attachment":[{"href":"https:\/\/promis.ro\/ro\/wp-json\/wp\/v2\/media?parent=92233"}],"wp:term":[{"taxonomy":"product_brand","embeddable":true,"href":"https:\/\/promis.ro\/ro\/wp-json\/wp\/v2\/product_brand?post=92233"},{"taxonomy":"product_cat","embeddable":true,"href":"https:\/\/promis.ro\/ro\/wp-json\/wp\/v2\/product_cat?post=92233"},{"taxonomy":"product_tag","embeddable":true,"href":"https:\/\/promis.ro\/ro\/wp-json\/wp\/v2\/product_tag?post=92233"}],"curies":[{"name":"wp","href":"https:\/\/api.w.org\/{rel}","templated":true}]}}