{"id":92234,"date":"2025-11-04T22:56:20","date_gmt":"2025-11-04T22:56:20","guid":{"rendered":"https:\/\/promis.ro\/product\/stroud\/"},"modified":"2025-11-11T16:16:50","modified_gmt":"2025-11-11T16:16:50","slug":"stroud","status":"publish","type":"product","link":"https:\/\/promis.ro\/ro\/produs\/stroud\/","title":{"rendered":"Stroud"},"content":{"rendered":"<p>Sticl\u0103 cu capacitate de 650 ml, realizat\u0103 dintr-o combina\u021bie de PE venat cu o baz\u0103 din plut\u0103 natural\u0103. Capac din o\u021bel inoxidabil cu filet, f\u0103r\u0103 BPA. Disponibil\u0103 \u00eentr-o gam\u0103 larg\u0103 de culori pastelate mate \u0219i prezentat\u0103 \u00eentr-o cutie individual\u0103 de design kraft. Certificat\u0103 pentru contactul cu alimentele, garant\u00e2nd siguran\u021ba atunci c\u00e2nd alimentele intr\u0103 \u00een contact cu materialul folosit pentru fabricarea produsului.<\/p>","protected":false},"excerpt":{"rendered":"<p>Sticl\u0103 cu capacitate de 650 ml, realizat\u0103 dintr-o combina\u021bie de PE venat cu o baz\u0103 din plut\u0103 natural\u0103. Capac din<\/p>","protected":false},"featured_media":132184,"comment_status":"open","ping_status":"closed","template":"","meta":[],"product_brand":[],"product_cat":[172],"product_tag":[],"class_list":{"0":"post-92234","1":"product","2":"type-product","3":"status-publish","4":"has-post-thumbnail","6":"product_cat-cani-borcane-si-thermosuri","8":"first","9":"instock","10":"shipping-taxable","11":"purchasable","12":"product-type-variable"},"_links":{"self":[{"href":"https:\/\/promis.ro\/ro\/wp-json\/wp\/v2\/product\/92234","targetHints":{"allow":["GET"]}}],"collection":[{"href":"https:\/\/promis.ro\/ro\/wp-json\/wp\/v2\/product"}],"about":[{"href":"https:\/\/promis.ro\/ro\/wp-json\/wp\/v2\/types\/product"}],"replies":[{"embeddable":true,"href":"https:\/\/promis.ro\/ro\/wp-json\/wp\/v2\/comments?post=92234"}],"version-history":[{"count":1,"href":"https:\/\/promis.ro\/ro\/wp-json\/wp\/v2\/product\/92234\/revisions"}],"predecessor-version":[{"id":111427,"href":"https:\/\/promis.ro\/ro\/wp-json\/wp\/v2\/product\/92234\/revisions\/111427"}],"wp:featuredmedia":[{"embeddable":true,"href":"https:\/\/promis.ro\/ro\/wp-json\/wp\/v2\/media\/132184"}],"wp:attachment":[{"href":"https:\/\/promis.ro\/ro\/wp-json\/wp\/v2\/media?parent=92234"}],"wp:term":[{"taxonomy":"product_brand","embeddable":true,"href":"https:\/\/promis.ro\/ro\/wp-json\/wp\/v2\/product_brand?post=92234"},{"taxonomy":"product_cat","embeddable":true,"href":"https:\/\/promis.ro\/ro\/wp-json\/wp\/v2\/product_cat?post=92234"},{"taxonomy":"product_tag","embeddable":true,"href":"https:\/\/promis.ro\/ro\/wp-json\/wp\/v2\/product_tag?post=92234"}],"curies":[{"name":"wp","href":"https:\/\/api.w.org\/{rel}","templated":true}]}}