{"id":92237,"date":"2025-11-04T22:56:22","date_gmt":"2025-11-04T22:56:22","guid":{"rendered":"https:\/\/promis.ro\/product\/dickinson\/"},"modified":"2025-11-11T16:12:30","modified_gmt":"2025-11-11T16:12:30","slug":"dickinson","status":"publish","type":"product","link":"https:\/\/promis.ro\/ro\/produs\/dickinson\/","title":{"rendered":"Dickinson"},"content":{"rendered":"<p>Set practic de termos \u0219i pahare, toate fabricate din o\u021bel inoxidabil. Include termos din o\u021bel inoxidabil cu capacitate de 500 ml, cu detaliu din bambus \u00een partea de sus \u0219i m\u00e2nere. \u00cen plus, con\u021bine 2 pahare cu capacitate de 300 ml fiecare, fabricate din o\u021bel inoxidabil, cu capace din bambus \u0219i \u00eenchidere prin ap\u0103sare. Prezentat \u00eentr-o cutie din carton kraft, t\u0103iat\u0103 la forme.<\/p>","protected":false},"excerpt":{"rendered":"<p>Set practic de termos \u0219i pahare, toate fabricate din o\u021bel inoxidabil. Include termos din o\u021bel inoxidabil cu capacitate de 500<\/p>","protected":false},"featured_media":132191,"comment_status":"open","ping_status":"closed","template":"","meta":[],"product_brand":[],"product_cat":[197],"product_tag":[],"class_list":{"0":"post-92237","1":"product","2":"type-product","3":"status-publish","4":"has-post-thumbnail","6":"product_cat-articole-durabile","8":"first","9":"instock","10":"shipping-taxable","11":"purchasable","12":"product-type-simple"},"_links":{"self":[{"href":"https:\/\/promis.ro\/ro\/wp-json\/wp\/v2\/product\/92237","targetHints":{"allow":["GET"]}}],"collection":[{"href":"https:\/\/promis.ro\/ro\/wp-json\/wp\/v2\/product"}],"about":[{"href":"https:\/\/promis.ro\/ro\/wp-json\/wp\/v2\/types\/product"}],"replies":[{"embeddable":true,"href":"https:\/\/promis.ro\/ro\/wp-json\/wp\/v2\/comments?post=92237"}],"version-history":[{"count":1,"href":"https:\/\/promis.ro\/ro\/wp-json\/wp\/v2\/product\/92237\/revisions"}],"predecessor-version":[{"id":111422,"href":"https:\/\/promis.ro\/ro\/wp-json\/wp\/v2\/product\/92237\/revisions\/111422"}],"wp:featuredmedia":[{"embeddable":true,"href":"https:\/\/promis.ro\/ro\/wp-json\/wp\/v2\/media\/132191"}],"wp:attachment":[{"href":"https:\/\/promis.ro\/ro\/wp-json\/wp\/v2\/media?parent=92237"}],"wp:term":[{"taxonomy":"product_brand","embeddable":true,"href":"https:\/\/promis.ro\/ro\/wp-json\/wp\/v2\/product_brand?post=92237"},{"taxonomy":"product_cat","embeddable":true,"href":"https:\/\/promis.ro\/ro\/wp-json\/wp\/v2\/product_cat?post=92237"},{"taxonomy":"product_tag","embeddable":true,"href":"https:\/\/promis.ro\/ro\/wp-json\/wp\/v2\/product_tag?post=92237"}],"curies":[{"name":"wp","href":"https:\/\/api.w.org\/{rel}","templated":true}]}}