{"id":92238,"date":"2025-11-04T22:56:22","date_gmt":"2025-11-04T22:56:22","guid":{"rendered":"https:\/\/promis.ro\/product\/debris\/"},"modified":"2025-11-11T16:12:35","modified_gmt":"2025-11-11T16:12:35","slug":"debris","status":"publish","type":"product","link":"https:\/\/promis.ro\/ro\/produs\/debris\/","title":{"rendered":"Debris"},"content":{"rendered":"<p>Set util de termos \u0219i tumbler termic din o\u021bel inoxidabil. Include termos din o\u021bel inoxidabil cu capacitate de 500 ml, cu capac cu \u0219urub pentru siguran\u021b\u0103, baz\u0103 din bambus \u0219i m\u00e2nere de transport. De asemenea, vine cu un tumbler din o\u021bel inoxidabil cu capacitate de 300 ml, cu capac din bambus \u0219i \u00eenchidere prin ap\u0103sare. Prezentat \u00eentr-o cutie cu design kraft.<\/p>","protected":false},"excerpt":{"rendered":"<p>Set util de termos \u0219i tumbler termic din o\u021bel inoxidabil. Include termos din o\u021bel inoxidabil cu capacitate de 500 ml,<\/p>","protected":false},"featured_media":132196,"comment_status":"open","ping_status":"closed","template":"","meta":[],"product_brand":[],"product_cat":[172],"product_tag":[],"class_list":{"0":"post-92238","1":"product","2":"type-product","3":"status-publish","4":"has-post-thumbnail","6":"product_cat-cani-borcane-si-thermosuri","8":"first","9":"instock","10":"shipping-taxable","11":"purchasable","12":"product-type-simple"},"_links":{"self":[{"href":"https:\/\/promis.ro\/ro\/wp-json\/wp\/v2\/product\/92238","targetHints":{"allow":["GET"]}}],"collection":[{"href":"https:\/\/promis.ro\/ro\/wp-json\/wp\/v2\/product"}],"about":[{"href":"https:\/\/promis.ro\/ro\/wp-json\/wp\/v2\/types\/product"}],"replies":[{"embeddable":true,"href":"https:\/\/promis.ro\/ro\/wp-json\/wp\/v2\/comments?post=92238"}],"version-history":[{"count":1,"href":"https:\/\/promis.ro\/ro\/wp-json\/wp\/v2\/product\/92238\/revisions"}],"predecessor-version":[{"id":111421,"href":"https:\/\/promis.ro\/ro\/wp-json\/wp\/v2\/product\/92238\/revisions\/111421"}],"wp:featuredmedia":[{"embeddable":true,"href":"https:\/\/promis.ro\/ro\/wp-json\/wp\/v2\/media\/132196"}],"wp:attachment":[{"href":"https:\/\/promis.ro\/ro\/wp-json\/wp\/v2\/media?parent=92238"}],"wp:term":[{"taxonomy":"product_brand","embeddable":true,"href":"https:\/\/promis.ro\/ro\/wp-json\/wp\/v2\/product_brand?post=92238"},{"taxonomy":"product_cat","embeddable":true,"href":"https:\/\/promis.ro\/ro\/wp-json\/wp\/v2\/product_cat?post=92238"},{"taxonomy":"product_tag","embeddable":true,"href":"https:\/\/promis.ro\/ro\/wp-json\/wp\/v2\/product_tag?post=92238"}],"curies":[{"name":"wp","href":"https:\/\/api.w.org\/{rel}","templated":true}]}}