{"id":92240,"date":"2025-11-04T22:56:23","date_gmt":"2025-11-04T22:56:23","guid":{"rendered":"https:\/\/promis.ro\/product\/fluxi\/"},"modified":"2025-11-11T16:16:50","modified_gmt":"2025-11-11T16:16:50","slug":"fluxi","status":"publish","type":"product","link":"https:\/\/promis.ro\/ro\/produs\/fluxi\/","title":{"rendered":"Fluxi"},"content":{"rendered":"<p>Sticl\u0103 cu capacitate de 600 ml, cu vaporizator \u00een capac pentru r\u0103corire. Finisaj transparent, include dozator \u0219i capac cu filet pentru etan\u0219are optim\u0103. Disponibil\u0103 \u00eentr-o varietate de culori \u0219i prezentat\u0103 individual \u00eentr-o cutie de design kraft.<\/p>","protected":false},"excerpt":{"rendered":"<p>Sticl\u0103 cu capacitate de 600 ml, cu vaporizator \u00een capac pentru r\u0103corire. Finisaj transparent, include dozator \u0219i capac cu filet<\/p>","protected":false},"featured_media":132206,"comment_status":"open","ping_status":"closed","template":"","meta":[],"product_brand":[],"product_cat":[172],"product_tag":[],"class_list":{"0":"post-92240","1":"product","2":"type-product","3":"status-publish","4":"has-post-thumbnail","6":"product_cat-cani-borcane-si-thermosuri","8":"first","9":"instock","10":"shipping-taxable","11":"purchasable","12":"product-type-variable"},"_links":{"self":[{"href":"https:\/\/promis.ro\/ro\/wp-json\/wp\/v2\/product\/92240","targetHints":{"allow":["GET"]}}],"collection":[{"href":"https:\/\/promis.ro\/ro\/wp-json\/wp\/v2\/product"}],"about":[{"href":"https:\/\/promis.ro\/ro\/wp-json\/wp\/v2\/types\/product"}],"replies":[{"embeddable":true,"href":"https:\/\/promis.ro\/ro\/wp-json\/wp\/v2\/comments?post=92240"}],"version-history":[{"count":1,"href":"https:\/\/promis.ro\/ro\/wp-json\/wp\/v2\/product\/92240\/revisions"}],"predecessor-version":[{"id":111423,"href":"https:\/\/promis.ro\/ro\/wp-json\/wp\/v2\/product\/92240\/revisions\/111423"}],"wp:featuredmedia":[{"embeddable":true,"href":"https:\/\/promis.ro\/ro\/wp-json\/wp\/v2\/media\/132206"}],"wp:attachment":[{"href":"https:\/\/promis.ro\/ro\/wp-json\/wp\/v2\/media?parent=92240"}],"wp:term":[{"taxonomy":"product_brand","embeddable":true,"href":"https:\/\/promis.ro\/ro\/wp-json\/wp\/v2\/product_brand?post=92240"},{"taxonomy":"product_cat","embeddable":true,"href":"https:\/\/promis.ro\/ro\/wp-json\/wp\/v2\/product_cat?post=92240"},{"taxonomy":"product_tag","embeddable":true,"href":"https:\/\/promis.ro\/ro\/wp-json\/wp\/v2\/product_tag?post=92240"}],"curies":[{"name":"wp","href":"https:\/\/api.w.org\/{rel}","templated":true}]}}