{"id":92241,"date":"2025-11-04T22:56:23","date_gmt":"2025-11-04T22:56:23","guid":{"rendered":"https:\/\/promis.ro\/product\/zexen\/"},"modified":"2025-11-11T16:12:51","modified_gmt":"2025-11-11T16:12:51","slug":"zexen","status":"publish","type":"product","link":"https:\/\/promis.ro\/ro\/produs\/zexen\/","title":{"rendered":"Zexen"},"content":{"rendered":"<p>Sticl\u0103 practic\u0103 cu ventilator, fabricat\u0103 din tritan \u0219i cu o capacitate de 350 ml. F\u0103r\u0103 BPA, cu capac hermetic cu filet care include un ventilator cu 3 niveluri ajustabile de intensitate \u0219i pozi\u021bie. Cu baterie de 1200 mAh \u0219i un capac suplimentar pentru utilizare separat\u0103. Inclusiv cordon pentru transport u\u0219or \u0219i ambalat\u0103 individual \u00eentr-o cutie din kraft.<\/p>","protected":false},"excerpt":{"rendered":"<p>Sticl\u0103 practic\u0103 cu ventilator, fabricat\u0103 din tritan \u0219i cu o capacitate de 350 ml. F\u0103r\u0103 BPA, cu capac hermetic cu<\/p>","protected":false},"featured_media":132210,"comment_status":"open","ping_status":"closed","template":"","meta":[],"product_brand":[],"product_cat":[172],"product_tag":[],"class_list":{"0":"post-92241","1":"product","2":"type-product","3":"status-publish","4":"has-post-thumbnail","6":"product_cat-cani-borcane-si-thermosuri","8":"first","9":"instock","10":"shipping-taxable","11":"purchasable","12":"product-type-simple"},"_links":{"self":[{"href":"https:\/\/promis.ro\/ro\/wp-json\/wp\/v2\/product\/92241","targetHints":{"allow":["GET"]}}],"collection":[{"href":"https:\/\/promis.ro\/ro\/wp-json\/wp\/v2\/product"}],"about":[{"href":"https:\/\/promis.ro\/ro\/wp-json\/wp\/v2\/types\/product"}],"replies":[{"embeddable":true,"href":"https:\/\/promis.ro\/ro\/wp-json\/wp\/v2\/comments?post=92241"}],"version-history":[{"count":1,"href":"https:\/\/promis.ro\/ro\/wp-json\/wp\/v2\/product\/92241\/revisions"}],"predecessor-version":[{"id":111429,"href":"https:\/\/promis.ro\/ro\/wp-json\/wp\/v2\/product\/92241\/revisions\/111429"}],"wp:featuredmedia":[{"embeddable":true,"href":"https:\/\/promis.ro\/ro\/wp-json\/wp\/v2\/media\/132210"}],"wp:attachment":[{"href":"https:\/\/promis.ro\/ro\/wp-json\/wp\/v2\/media?parent=92241"}],"wp:term":[{"taxonomy":"product_brand","embeddable":true,"href":"https:\/\/promis.ro\/ro\/wp-json\/wp\/v2\/product_brand?post=92241"},{"taxonomy":"product_cat","embeddable":true,"href":"https:\/\/promis.ro\/ro\/wp-json\/wp\/v2\/product_cat?post=92241"},{"taxonomy":"product_tag","embeddable":true,"href":"https:\/\/promis.ro\/ro\/wp-json\/wp\/v2\/product_tag?post=92241"}],"curies":[{"name":"wp","href":"https:\/\/api.w.org\/{rel}","templated":true}]}}