{"id":92242,"date":"2025-11-04T22:56:24","date_gmt":"2025-11-04T22:56:24","guid":{"rendered":"https:\/\/promis.ro\/product\/jano\/"},"modified":"2025-11-11T16:12:55","modified_gmt":"2025-11-11T16:12:55","slug":"jano","status":"publish","type":"product","link":"https:\/\/promis.ro\/ro\/produs\/jano\/","title":{"rendered":"Jano"},"content":{"rendered":"<p>Sticl\u0103 termic\u0103 cu capacitate de 500 ml, fabricat\u0103 din o\u021bel inoxidabil cu perete dublu \u0219i special conceput\u0103 pentru imprimarea prin sublimare. Finisaj alb lucios, cu capac cu filet \u0219i m\u00e2nere superioare pentru o prindere u\u0219oar\u0103, f\u0103r\u0103 BPA. Prezentat\u0103 \u00eentr-o cutie de design kraft individual\u0103.<\/p>","protected":false},"excerpt":{"rendered":"<p>Sticl\u0103 termic\u0103 cu capacitate de 500 ml, fabricat\u0103 din o\u021bel inoxidabil cu perete dublu \u0219i special conceput\u0103 pentru imprimarea prin<\/p>","protected":false},"featured_media":132214,"comment_status":"open","ping_status":"closed","template":"","meta":[],"product_brand":[],"product_cat":[172],"product_tag":[],"class_list":{"0":"post-92242","1":"product","2":"type-product","3":"status-publish","4":"has-post-thumbnail","6":"product_cat-cani-borcane-si-thermosuri","8":"first","9":"instock","10":"shipping-taxable","11":"purchasable","12":"product-type-simple"},"_links":{"self":[{"href":"https:\/\/promis.ro\/ro\/wp-json\/wp\/v2\/product\/92242","targetHints":{"allow":["GET"]}}],"collection":[{"href":"https:\/\/promis.ro\/ro\/wp-json\/wp\/v2\/product"}],"about":[{"href":"https:\/\/promis.ro\/ro\/wp-json\/wp\/v2\/types\/product"}],"replies":[{"embeddable":true,"href":"https:\/\/promis.ro\/ro\/wp-json\/wp\/v2\/comments?post=92242"}],"version-history":[{"count":1,"href":"https:\/\/promis.ro\/ro\/wp-json\/wp\/v2\/product\/92242\/revisions"}],"predecessor-version":[{"id":111444,"href":"https:\/\/promis.ro\/ro\/wp-json\/wp\/v2\/product\/92242\/revisions\/111444"}],"wp:featuredmedia":[{"embeddable":true,"href":"https:\/\/promis.ro\/ro\/wp-json\/wp\/v2\/media\/132214"}],"wp:attachment":[{"href":"https:\/\/promis.ro\/ro\/wp-json\/wp\/v2\/media?parent=92242"}],"wp:term":[{"taxonomy":"product_brand","embeddable":true,"href":"https:\/\/promis.ro\/ro\/wp-json\/wp\/v2\/product_brand?post=92242"},{"taxonomy":"product_cat","embeddable":true,"href":"https:\/\/promis.ro\/ro\/wp-json\/wp\/v2\/product_cat?post=92242"},{"taxonomy":"product_tag","embeddable":true,"href":"https:\/\/promis.ro\/ro\/wp-json\/wp\/v2\/product_tag?post=92242"}],"curies":[{"name":"wp","href":"https:\/\/api.w.org\/{rel}","templated":true}]}}