{"id":92244,"date":"2025-11-04T22:56:28","date_gmt":"2025-11-04T22:56:28","guid":{"rendered":"https:\/\/promis.ro\/product\/ranta\/"},"modified":"2025-11-11T16:13:01","modified_gmt":"2025-11-11T16:13:01","slug":"ranta","status":"publish","type":"product","link":"https:\/\/promis.ro\/ro\/produs\/ranta\/","title":{"rendered":"Ranta"},"content":{"rendered":"<p>Masca de c\u0103l\u0103torie practic\u0103 realizat\u0103 din Soft Shell. Proiectat\u0103 special pentru imprimarea prin sublimare \u0219i cu o zon\u0103 mare de imprimare pe partea din fa\u021b\u0103.<\/p>","protected":false},"excerpt":{"rendered":"<p>Masca de c\u0103l\u0103torie practic\u0103 realizat\u0103 din Soft Shell. Proiectat\u0103 special pentru imprimarea prin sublimare \u0219i cu o zon\u0103 mare de<\/p>","protected":false},"featured_media":132221,"comment_status":"open","ping_status":"closed","template":"","meta":[],"product_brand":[],"product_cat":[190],"product_tag":[],"class_list":{"0":"post-92244","1":"product","2":"type-product","3":"status-publish","4":"has-post-thumbnail","6":"product_cat-linia-de-sublimare","8":"first","9":"instock","10":"shipping-taxable","11":"purchasable","12":"product-type-simple"},"_links":{"self":[{"href":"https:\/\/promis.ro\/ro\/wp-json\/wp\/v2\/product\/92244","targetHints":{"allow":["GET"]}}],"collection":[{"href":"https:\/\/promis.ro\/ro\/wp-json\/wp\/v2\/product"}],"about":[{"href":"https:\/\/promis.ro\/ro\/wp-json\/wp\/v2\/types\/product"}],"replies":[{"embeddable":true,"href":"https:\/\/promis.ro\/ro\/wp-json\/wp\/v2\/comments?post=92244"}],"version-history":[{"count":1,"href":"https:\/\/promis.ro\/ro\/wp-json\/wp\/v2\/product\/92244\/revisions"}],"predecessor-version":[{"id":111420,"href":"https:\/\/promis.ro\/ro\/wp-json\/wp\/v2\/product\/92244\/revisions\/111420"}],"wp:featuredmedia":[{"embeddable":true,"href":"https:\/\/promis.ro\/ro\/wp-json\/wp\/v2\/media\/132221"}],"wp:attachment":[{"href":"https:\/\/promis.ro\/ro\/wp-json\/wp\/v2\/media?parent=92244"}],"wp:term":[{"taxonomy":"product_brand","embeddable":true,"href":"https:\/\/promis.ro\/ro\/wp-json\/wp\/v2\/product_brand?post=92244"},{"taxonomy":"product_cat","embeddable":true,"href":"https:\/\/promis.ro\/ro\/wp-json\/wp\/v2\/product_cat?post=92244"},{"taxonomy":"product_tag","embeddable":true,"href":"https:\/\/promis.ro\/ro\/wp-json\/wp\/v2\/product_tag?post=92244"}],"curies":[{"name":"wp","href":"https:\/\/api.w.org\/{rel}","templated":true}]}}