{"id":92248,"date":"2025-11-04T22:56:29","date_gmt":"2025-11-04T22:56:29","guid":{"rendered":"https:\/\/promis.ro\/product\/irvinton\/"},"modified":"2025-11-11T16:16:58","modified_gmt":"2025-11-11T16:16:58","slug":"irvinton","status":"publish","type":"product","link":"https:\/\/promis.ro\/ro\/produs\/irvinton\/","title":{"rendered":"Irvinton"},"content":{"rendered":"<p>Ventilator practic \u0219i flexibil, cu conexiune Type-C \u0219i compatibil cu o multitudine de dispozitive. Cu atingere din cauciuc moale \u0219i disponibil \u00een diverse culori. Prezentat \u00eentr-o cutie de design kraft individual\u0103.<\/p>","protected":false},"excerpt":{"rendered":"<p>Ventilator practic \u0219i flexibil, cu conexiune Type-C \u0219i compatibil cu o multitudine de dispozitive. Cu atingere din cauciuc moale \u0219i<\/p>","protected":false},"featured_media":132238,"comment_status":"open","ping_status":"closed","template":"","meta":[],"product_brand":[],"product_cat":[170],"product_tag":[],"class_list":{"0":"post-92248","1":"product","2":"type-product","3":"status-publish","4":"has-post-thumbnail","6":"product_cat-tehnologie-si-accesorii","8":"first","9":"instock","10":"shipping-taxable","11":"purchasable","12":"product-type-variable"},"_links":{"self":[{"href":"https:\/\/promis.ro\/ro\/wp-json\/wp\/v2\/product\/92248","targetHints":{"allow":["GET"]}}],"collection":[{"href":"https:\/\/promis.ro\/ro\/wp-json\/wp\/v2\/product"}],"about":[{"href":"https:\/\/promis.ro\/ro\/wp-json\/wp\/v2\/types\/product"}],"replies":[{"embeddable":true,"href":"https:\/\/promis.ro\/ro\/wp-json\/wp\/v2\/comments?post=92248"}],"version-history":[{"count":1,"href":"https:\/\/promis.ro\/ro\/wp-json\/wp\/v2\/product\/92248\/revisions"}],"predecessor-version":[{"id":111432,"href":"https:\/\/promis.ro\/ro\/wp-json\/wp\/v2\/product\/92248\/revisions\/111432"}],"wp:featuredmedia":[{"embeddable":true,"href":"https:\/\/promis.ro\/ro\/wp-json\/wp\/v2\/media\/132238"}],"wp:attachment":[{"href":"https:\/\/promis.ro\/ro\/wp-json\/wp\/v2\/media?parent=92248"}],"wp:term":[{"taxonomy":"product_brand","embeddable":true,"href":"https:\/\/promis.ro\/ro\/wp-json\/wp\/v2\/product_brand?post=92248"},{"taxonomy":"product_cat","embeddable":true,"href":"https:\/\/promis.ro\/ro\/wp-json\/wp\/v2\/product_cat?post=92248"},{"taxonomy":"product_tag","embeddable":true,"href":"https:\/\/promis.ro\/ro\/wp-json\/wp\/v2\/product_tag?post=92248"}],"curies":[{"name":"wp","href":"https:\/\/api.w.org\/{rel}","templated":true}]}}