{"id":92251,"date":"2025-11-04T22:56:31","date_gmt":"2025-11-04T22:56:31","guid":{"rendered":"https:\/\/promis.ro\/product\/tousend\/"},"modified":"2025-11-11T16:13:38","modified_gmt":"2025-11-11T16:13:38","slug":"tousend","status":"publish","type":"product","link":"https:\/\/promis.ro\/ro\/produs\/tousend\/","title":{"rendered":"Tousend"},"content":{"rendered":"<p>Set complet de cur\u0103\u021bare cu 6 func\u021bii, special conceput pentru \u00eengrijirea \u0219i \u00eentre\u021binerea gadgeturilor tehnologice. Toate accesoriile sunt p\u0103strate \u00een interiorul carcasei \u0219i sunt gata de utilizare prin glisarea butonului corespunz\u0103tor fiec\u0103ruia dintre ele. Include un rezervor interior refillabil cu pulverizator, zon\u0103 de cur\u0103\u021bare a ecranului, v\u00e2rf metalic, b\u0103\u021b de cur\u0103\u021bare, perii \u00een forme diferite \u0219i accesoriu pentru \u00eendep\u0103rtarea cheilor. Fabricat din ABS rezistent, cu un design elegant alb \u0219i prezentat individual \u00eentr-o cutie de design kraft.<\/p>","protected":false},"excerpt":{"rendered":"<p>Set complet de cur\u0103\u021bare cu 6 func\u021bii, special conceput pentru \u00eengrijirea \u0219i \u00eentre\u021binerea gadgeturilor tehnologice. Toate accesoriile sunt p\u0103strate \u00een<\/p>","protected":false},"featured_media":132250,"comment_status":"open","ping_status":"closed","template":"","meta":[],"product_brand":[],"product_cat":[170],"product_tag":[],"class_list":{"0":"post-92251","1":"product","2":"type-product","3":"status-publish","4":"has-post-thumbnail","6":"product_cat-tehnologie-si-accesorii","8":"first","9":"instock","10":"shipping-taxable","11":"purchasable","12":"product-type-simple"},"_links":{"self":[{"href":"https:\/\/promis.ro\/ro\/wp-json\/wp\/v2\/product\/92251","targetHints":{"allow":["GET"]}}],"collection":[{"href":"https:\/\/promis.ro\/ro\/wp-json\/wp\/v2\/product"}],"about":[{"href":"https:\/\/promis.ro\/ro\/wp-json\/wp\/v2\/types\/product"}],"replies":[{"embeddable":true,"href":"https:\/\/promis.ro\/ro\/wp-json\/wp\/v2\/comments?post=92251"}],"version-history":[{"count":1,"href":"https:\/\/promis.ro\/ro\/wp-json\/wp\/v2\/product\/92251\/revisions"}],"predecessor-version":[{"id":111463,"href":"https:\/\/promis.ro\/ro\/wp-json\/wp\/v2\/product\/92251\/revisions\/111463"}],"wp:featuredmedia":[{"embeddable":true,"href":"https:\/\/promis.ro\/ro\/wp-json\/wp\/v2\/media\/132250"}],"wp:attachment":[{"href":"https:\/\/promis.ro\/ro\/wp-json\/wp\/v2\/media?parent=92251"}],"wp:term":[{"taxonomy":"product_brand","embeddable":true,"href":"https:\/\/promis.ro\/ro\/wp-json\/wp\/v2\/product_brand?post=92251"},{"taxonomy":"product_cat","embeddable":true,"href":"https:\/\/promis.ro\/ro\/wp-json\/wp\/v2\/product_cat?post=92251"},{"taxonomy":"product_tag","embeddable":true,"href":"https:\/\/promis.ro\/ro\/wp-json\/wp\/v2\/product_tag?post=92251"}],"curies":[{"name":"wp","href":"https:\/\/api.w.org\/{rel}","templated":true}]}}