{"id":92252,"date":"2025-11-04T22:56:32","date_gmt":"2025-11-04T22:56:32","guid":{"rendered":"https:\/\/promis.ro\/product\/gobit\/"},"modified":"2025-11-11T16:17:41","modified_gmt":"2025-11-11T16:17:41","slug":"gobit","status":"publish","type":"product","link":"https:\/\/promis.ro\/ro\/produs\/gobit\/","title":{"rendered":"Gobit"},"content":{"rendered":"<p>Pix utilitar cu mecanism de r\u0103sucire \u0219i accesorii de cur\u0103\u021bare amplasate \u00een partea superioar\u0103 a corpului. Include o perie \u0219i un v\u00e2rf metalic protejat de un capac. Cu clip metalic \u0219i cerneal\u0103 albastr\u0103. Disponibil \u00een diverse culori \u0219i prezentat individual \u00eentr-o cutie din kraft.<\/p>","protected":false},"excerpt":{"rendered":"<p>Pix utilitar cu mecanism de r\u0103sucire \u0219i accesorii de cur\u0103\u021bare amplasate \u00een partea superioar\u0103 a corpului. Include o perie \u0219i<\/p>","protected":false},"featured_media":132255,"comment_status":"open","ping_status":"closed","template":"","meta":[],"product_brand":[],"product_cat":[175],"product_tag":[],"class_list":{"0":"post-92252","1":"product","2":"type-product","3":"status-publish","4":"has-post-thumbnail","6":"product_cat-scris","8":"first","9":"instock","10":"shipping-taxable","11":"purchasable","12":"product-type-variable"},"_links":{"self":[{"href":"https:\/\/promis.ro\/ro\/wp-json\/wp\/v2\/product\/92252","targetHints":{"allow":["GET"]}}],"collection":[{"href":"https:\/\/promis.ro\/ro\/wp-json\/wp\/v2\/product"}],"about":[{"href":"https:\/\/promis.ro\/ro\/wp-json\/wp\/v2\/types\/product"}],"replies":[{"embeddable":true,"href":"https:\/\/promis.ro\/ro\/wp-json\/wp\/v2\/comments?post=92252"}],"version-history":[{"count":1,"href":"https:\/\/promis.ro\/ro\/wp-json\/wp\/v2\/product\/92252\/revisions"}],"predecessor-version":[{"id":111433,"href":"https:\/\/promis.ro\/ro\/wp-json\/wp\/v2\/product\/92252\/revisions\/111433"}],"wp:featuredmedia":[{"embeddable":true,"href":"https:\/\/promis.ro\/ro\/wp-json\/wp\/v2\/media\/132255"}],"wp:attachment":[{"href":"https:\/\/promis.ro\/ro\/wp-json\/wp\/v2\/media?parent=92252"}],"wp:term":[{"taxonomy":"product_brand","embeddable":true,"href":"https:\/\/promis.ro\/ro\/wp-json\/wp\/v2\/product_brand?post=92252"},{"taxonomy":"product_cat","embeddable":true,"href":"https:\/\/promis.ro\/ro\/wp-json\/wp\/v2\/product_cat?post=92252"},{"taxonomy":"product_tag","embeddable":true,"href":"https:\/\/promis.ro\/ro\/wp-json\/wp\/v2\/product_tag?post=92252"}],"curies":[{"name":"wp","href":"https:\/\/api.w.org\/{rel}","templated":true}]}}