{"id":92255,"date":"2025-11-04T22:56:33","date_gmt":"2025-11-04T22:56:33","guid":{"rendered":"https:\/\/promis.ro\/product\/lainen\/"},"modified":"2025-11-11T16:17:15","modified_gmt":"2025-11-11T16:17:15","slug":"lainen","status":"publish","type":"product","link":"https:\/\/promis.ro\/ro\/produs\/lainen\/","title":{"rendered":"Lainen"},"content":{"rendered":"<p>Prosop moale pareo din bumbac 100% reciclat 180g\/m2. Disponibil \u00eentr-o gam\u0103 larg\u0103 de culori \u00een dou\u0103 tonuri. Etichet\u0103 lateral\u0103 din bumbac reciclat \u0219i prezentat \u00eentr-un sac individual.<\/p>","protected":false},"excerpt":{"rendered":"<p>Prosop moale pareo din bumbac 100% reciclat 180g\/m2. Disponibil \u00eentr-o gam\u0103 larg\u0103 de culori \u00een dou\u0103 tonuri. Etichet\u0103 lateral\u0103 din<\/p>","protected":false},"featured_media":132267,"comment_status":"open","ping_status":"closed","template":"","meta":[],"product_brand":[],"product_cat":[188],"product_tag":[],"class_list":{"0":"post-92255","1":"product","2":"type-product","3":"status-publish","4":"has-post-thumbnail","6":"product_cat-vara-si-plaja","8":"first","9":"instock","10":"shipping-taxable","11":"purchasable","12":"product-type-variable"},"_links":{"self":[{"href":"https:\/\/promis.ro\/ro\/wp-json\/wp\/v2\/product\/92255","targetHints":{"allow":["GET"]}}],"collection":[{"href":"https:\/\/promis.ro\/ro\/wp-json\/wp\/v2\/product"}],"about":[{"href":"https:\/\/promis.ro\/ro\/wp-json\/wp\/v2\/types\/product"}],"replies":[{"embeddable":true,"href":"https:\/\/promis.ro\/ro\/wp-json\/wp\/v2\/comments?post=92255"}],"version-history":[{"count":1,"href":"https:\/\/promis.ro\/ro\/wp-json\/wp\/v2\/product\/92255\/revisions"}],"predecessor-version":[{"id":111436,"href":"https:\/\/promis.ro\/ro\/wp-json\/wp\/v2\/product\/92255\/revisions\/111436"}],"wp:featuredmedia":[{"embeddable":true,"href":"https:\/\/promis.ro\/ro\/wp-json\/wp\/v2\/media\/132267"}],"wp:attachment":[{"href":"https:\/\/promis.ro\/ro\/wp-json\/wp\/v2\/media?parent=92255"}],"wp:term":[{"taxonomy":"product_brand","embeddable":true,"href":"https:\/\/promis.ro\/ro\/wp-json\/wp\/v2\/product_brand?post=92255"},{"taxonomy":"product_cat","embeddable":true,"href":"https:\/\/promis.ro\/ro\/wp-json\/wp\/v2\/product_cat?post=92255"},{"taxonomy":"product_tag","embeddable":true,"href":"https:\/\/promis.ro\/ro\/wp-json\/wp\/v2\/product_tag?post=92255"}],"curies":[{"name":"wp","href":"https:\/\/api.w.org\/{rel}","templated":true}]}}