{"id":92258,"date":"2025-11-04T22:56:35","date_gmt":"2025-11-04T22:56:35","guid":{"rendered":"https:\/\/promis.ro\/product\/bonillo\/"},"modified":"2025-11-11T16:17:14","modified_gmt":"2025-11-11T16:17:14","slug":"bonillo","status":"publish","type":"product","link":"https:\/\/promis.ro\/ro\/produs\/bonillo\/","title":{"rendered":"Bonillo"},"content":{"rendered":"<p>Geant\u0103 din bumbac reciclat \u0219i greutate de 220g\/m2. Finisaj cusut \u0219i cu m\u00e2nere lungi \u00eent\u0103rite. Cu fund \u0219i disponibil\u0103 \u00een diferite culori. Etichet\u0103 din bumbac reciclat pe exterior, cu o rezisten\u021b\u0103 de p\u00e2n\u0103 la 9 kg \u00een greutate.<\/p>","protected":false},"excerpt":{"rendered":"<p>Geant\u0103 din bumbac reciclat \u0219i greutate de 220g\/m2. Finisaj cusut \u0219i cu m\u00e2nere lungi \u00eent\u0103rite. Cu fund \u0219i disponibil\u0103 \u00een<\/p>","protected":false},"featured_media":132279,"comment_status":"open","ping_status":"closed","template":"","meta":[],"product_brand":[],"product_cat":[197],"product_tag":[],"class_list":{"0":"post-92258","1":"product","2":"type-product","3":"status-publish","4":"has-post-thumbnail","6":"product_cat-articole-durabile","8":"first","9":"instock","10":"shipping-taxable","11":"purchasable","12":"product-type-variable"},"_links":{"self":[{"href":"https:\/\/promis.ro\/ro\/wp-json\/wp\/v2\/product\/92258","targetHints":{"allow":["GET"]}}],"collection":[{"href":"https:\/\/promis.ro\/ro\/wp-json\/wp\/v2\/product"}],"about":[{"href":"https:\/\/promis.ro\/ro\/wp-json\/wp\/v2\/types\/product"}],"replies":[{"embeddable":true,"href":"https:\/\/promis.ro\/ro\/wp-json\/wp\/v2\/comments?post=92258"}],"version-history":[{"count":1,"href":"https:\/\/promis.ro\/ro\/wp-json\/wp\/v2\/product\/92258\/revisions"}],"predecessor-version":[{"id":111456,"href":"https:\/\/promis.ro\/ro\/wp-json\/wp\/v2\/product\/92258\/revisions\/111456"}],"wp:featuredmedia":[{"embeddable":true,"href":"https:\/\/promis.ro\/ro\/wp-json\/wp\/v2\/media\/132279"}],"wp:attachment":[{"href":"https:\/\/promis.ro\/ro\/wp-json\/wp\/v2\/media?parent=92258"}],"wp:term":[{"taxonomy":"product_brand","embeddable":true,"href":"https:\/\/promis.ro\/ro\/wp-json\/wp\/v2\/product_brand?post=92258"},{"taxonomy":"product_cat","embeddable":true,"href":"https:\/\/promis.ro\/ro\/wp-json\/wp\/v2\/product_cat?post=92258"},{"taxonomy":"product_tag","embeddable":true,"href":"https:\/\/promis.ro\/ro\/wp-json\/wp\/v2\/product_tag?post=92258"}],"curies":[{"name":"wp","href":"https:\/\/api.w.org\/{rel}","templated":true}]}}