{"id":92259,"date":"2025-11-04T22:56:35","date_gmt":"2025-11-04T22:56:35","guid":{"rendered":"https:\/\/promis.ro\/product\/belesi\/"},"modified":"2025-11-11T16:17:14","modified_gmt":"2025-11-11T16:17:14","slug":"belesi","status":"publish","type":"product","link":"https:\/\/promis.ro\/ro\/produs\/belesi\/","title":{"rendered":"Belesi"},"content":{"rendered":"<p>Geant\u0103 din bumbac rezistent de 280g\/m2. Finisaj cusut, cu fund\u0103 \u0219i m\u00e2nere \u00eent\u0103rite de 50cm \u00een stil fr\u00e2nghie. Disponibil\u0103 \u00eentr-o gam\u0103 larg\u0103 de culori bicolore, cu o rezisten\u021b\u0103 de p\u00e2n\u0103 la 10kg greutate.<\/p>","protected":false},"excerpt":{"rendered":"<p>Geant\u0103 din bumbac rezistent de 280g\/m2. Finisaj cusut, cu fund\u0103 \u0219i m\u00e2nere \u00eent\u0103rite de 50cm \u00een stil fr\u00e2nghie. Disponibil\u0103 \u00eentr-o<\/p>","protected":false},"featured_media":132284,"comment_status":"open","ping_status":"closed","template":"","meta":[],"product_brand":[],"product_cat":[197],"product_tag":[],"class_list":{"0":"post-92259","1":"product","2":"type-product","3":"status-publish","4":"has-post-thumbnail","6":"product_cat-articole-durabile","8":"first","9":"instock","10":"shipping-taxable","11":"purchasable","12":"product-type-variable"},"_links":{"self":[{"href":"https:\/\/promis.ro\/ro\/wp-json\/wp\/v2\/product\/92259","targetHints":{"allow":["GET"]}}],"collection":[{"href":"https:\/\/promis.ro\/ro\/wp-json\/wp\/v2\/product"}],"about":[{"href":"https:\/\/promis.ro\/ro\/wp-json\/wp\/v2\/types\/product"}],"replies":[{"embeddable":true,"href":"https:\/\/promis.ro\/ro\/wp-json\/wp\/v2\/comments?post=92259"}],"version-history":[{"count":1,"href":"https:\/\/promis.ro\/ro\/wp-json\/wp\/v2\/product\/92259\/revisions"}],"predecessor-version":[{"id":111439,"href":"https:\/\/promis.ro\/ro\/wp-json\/wp\/v2\/product\/92259\/revisions\/111439"}],"wp:featuredmedia":[{"embeddable":true,"href":"https:\/\/promis.ro\/ro\/wp-json\/wp\/v2\/media\/132284"}],"wp:attachment":[{"href":"https:\/\/promis.ro\/ro\/wp-json\/wp\/v2\/media?parent=92259"}],"wp:term":[{"taxonomy":"product_brand","embeddable":true,"href":"https:\/\/promis.ro\/ro\/wp-json\/wp\/v2\/product_brand?post=92259"},{"taxonomy":"product_cat","embeddable":true,"href":"https:\/\/promis.ro\/ro\/wp-json\/wp\/v2\/product_cat?post=92259"},{"taxonomy":"product_tag","embeddable":true,"href":"https:\/\/promis.ro\/ro\/wp-json\/wp\/v2\/product_tag?post=92259"}],"curies":[{"name":"wp","href":"https:\/\/api.w.org\/{rel}","templated":true}]}}