{"id":92616,"date":"2025-11-04T22:59:13","date_gmt":"2025-11-04T22:59:13","guid":{"rendered":"https:\/\/promis.ro\/product\/sirocon\/"},"modified":"2025-11-11T16:26:50","modified_gmt":"2025-11-11T16:26:50","slug":"sirocon","status":"publish","type":"product","link":"https:\/\/promis.ro\/ro\/produs\/sirocon\/","title":{"rendered":"Sirocon"},"content":{"rendered":"<p>P\u0103l\u0103rie Bob fabricat\u0103 din material de bumbac cu efect sp\u0103lat \u0219i \u021bes\u0103tur\u0103 respirabil\u0103. Foarte confortabil\u0103, cu band\u0103 interioar\u0103, \u0219i disponibil\u0103 \u00eentr-o gam\u0103 larg\u0103 de culori naturale.<\/p>","protected":false},"excerpt":{"rendered":"<p>P\u0103l\u0103rie Bob fabricat\u0103 din material de bumbac cu efect sp\u0103lat \u0219i \u021bes\u0103tur\u0103 respirabil\u0103. Foarte confortabil\u0103, cu band\u0103 interioar\u0103, \u0219i disponibil\u0103<\/p>","protected":false},"featured_media":133167,"comment_status":"open","ping_status":"closed","template":"","meta":[],"product_brand":[],"product_cat":[186],"product_tag":[],"class_list":{"0":"post-92616","1":"product","2":"type-product","3":"status-publish","4":"has-post-thumbnail","6":"product_cat-sepci-si-palarii","8":"first","9":"instock","10":"shipping-taxable","11":"purchasable","12":"product-type-variable"},"_links":{"self":[{"href":"https:\/\/promis.ro\/ro\/wp-json\/wp\/v2\/product\/92616","targetHints":{"allow":["GET"]}}],"collection":[{"href":"https:\/\/promis.ro\/ro\/wp-json\/wp\/v2\/product"}],"about":[{"href":"https:\/\/promis.ro\/ro\/wp-json\/wp\/v2\/types\/product"}],"replies":[{"embeddable":true,"href":"https:\/\/promis.ro\/ro\/wp-json\/wp\/v2\/comments?post=92616"}],"version-history":[{"count":1,"href":"https:\/\/promis.ro\/ro\/wp-json\/wp\/v2\/product\/92616\/revisions"}],"predecessor-version":[{"id":111525,"href":"https:\/\/promis.ro\/ro\/wp-json\/wp\/v2\/product\/92616\/revisions\/111525"}],"wp:featuredmedia":[{"embeddable":true,"href":"https:\/\/promis.ro\/ro\/wp-json\/wp\/v2\/media\/133167"}],"wp:attachment":[{"href":"https:\/\/promis.ro\/ro\/wp-json\/wp\/v2\/media?parent=92616"}],"wp:term":[{"taxonomy":"product_brand","embeddable":true,"href":"https:\/\/promis.ro\/ro\/wp-json\/wp\/v2\/product_brand?post=92616"},{"taxonomy":"product_cat","embeddable":true,"href":"https:\/\/promis.ro\/ro\/wp-json\/wp\/v2\/product_cat?post=92616"},{"taxonomy":"product_tag","embeddable":true,"href":"https:\/\/promis.ro\/ro\/wp-json\/wp\/v2\/product_tag?post=92616"}],"curies":[{"name":"wp","href":"https:\/\/api.w.org\/{rel}","templated":true}]}}