{"id":92620,"date":"2025-11-04T22:59:19","date_gmt":"2025-11-04T22:59:19","guid":{"rendered":"https:\/\/promis.ro\/product\/bellmer\/"},"modified":"2025-11-11T16:26:46","modified_gmt":"2025-11-11T16:26:46","slug":"bellmer","status":"publish","type":"product","link":"https:\/\/promis.ro\/ro\/produs\/bellmer\/","title":{"rendered":"Bellmer"},"content":{"rendered":"<p>\u00cenc\u0103rc\u0103tor wireless magnetic 15W, fabricat din aluminiu durabil. Cu suport ajustabil inclus \u0219i indicator de stare a \u00eenc\u0103rc\u0103rii. Compatibil cu dispozitive echipate cu tehnologie de \u00eenc\u0103rcare wireless \u0219i inclusiv cablu de \u00eenc\u0103rcare USB de 1m cu conector din aluminiu. Suprafa\u021b\u0103 mare pentru branding \u0219i prezentat \u00eentr-o cutie de design atractiv\u0103. Manual de instruc\u021biuni disponibil \u00een englez\u0103 \u0219i spaniol\u0103. Fabricat conform standardelor RoHS \u0219i \u00een conformitate cu urm\u0103toarele cerin\u021be de siguran\u021b\u0103: sistem de protec\u021bie \u00eempotriva supra\u00eenc\u0103lzirii. sistem de protec\u021bie \u00eempotriva supra\u00eenc\u0103rc\u0103rii. sistem de blocare pentru a preveni scurtcircuitele.<\/p>","protected":false},"excerpt":{"rendered":"<p>\u00cenc\u0103rc\u0103tor wireless magnetic 15W, fabricat din aluminiu durabil. Cu suport ajustabil inclus \u0219i indicator de stare a \u00eenc\u0103rc\u0103rii. Compatibil cu<\/p>","protected":false},"featured_media":133181,"comment_status":"open","ping_status":"closed","template":"","meta":[],"product_brand":[],"product_cat":[170],"product_tag":[],"class_list":{"0":"post-92620","1":"product","2":"type-product","3":"status-publish","4":"has-post-thumbnail","6":"product_cat-tehnologie-si-accesorii","8":"first","9":"instock","10":"shipping-taxable","11":"purchasable","12":"product-type-variable"},"_links":{"self":[{"href":"https:\/\/promis.ro\/ro\/wp-json\/wp\/v2\/product\/92620","targetHints":{"allow":["GET"]}}],"collection":[{"href":"https:\/\/promis.ro\/ro\/wp-json\/wp\/v2\/product"}],"about":[{"href":"https:\/\/promis.ro\/ro\/wp-json\/wp\/v2\/types\/product"}],"replies":[{"embeddable":true,"href":"https:\/\/promis.ro\/ro\/wp-json\/wp\/v2\/comments?post=92620"}],"version-history":[{"count":1,"href":"https:\/\/promis.ro\/ro\/wp-json\/wp\/v2\/product\/92620\/revisions"}],"predecessor-version":[{"id":111531,"href":"https:\/\/promis.ro\/ro\/wp-json\/wp\/v2\/product\/92620\/revisions\/111531"}],"wp:featuredmedia":[{"embeddable":true,"href":"https:\/\/promis.ro\/ro\/wp-json\/wp\/v2\/media\/133181"}],"wp:attachment":[{"href":"https:\/\/promis.ro\/ro\/wp-json\/wp\/v2\/media?parent=92620"}],"wp:term":[{"taxonomy":"product_brand","embeddable":true,"href":"https:\/\/promis.ro\/ro\/wp-json\/wp\/v2\/product_brand?post=92620"},{"taxonomy":"product_cat","embeddable":true,"href":"https:\/\/promis.ro\/ro\/wp-json\/wp\/v2\/product_cat?post=92620"},{"taxonomy":"product_tag","embeddable":true,"href":"https:\/\/promis.ro\/ro\/wp-json\/wp\/v2\/product_tag?post=92620"}],"curies":[{"name":"wp","href":"https:\/\/api.w.org\/{rel}","templated":true}]}}