{"id":92621,"date":"2025-11-04T22:59:19","date_gmt":"2025-11-04T22:59:19","guid":{"rendered":"https:\/\/promis.ro\/product\/dalou\/"},"modified":"2025-11-11T16:23:44","modified_gmt":"2025-11-11T16:23:44","slug":"dalou","status":"publish","type":"product","link":"https:\/\/promis.ro\/ro\/produs\/dalou\/","title":{"rendered":"Dalou"},"content":{"rendered":"<p>Notepad de dimensiune A5, fabricat din poliester rezistent 300D RPET. Copert\u0103 cu detaliu din bambus \u0219i \u00eenc\u0103rc\u0103tor wireless integrat de 15W, compatibil cu smartphone-uri cu tehnologie de \u00eenc\u0103rcare wireless. Cablu de \u00eenc\u0103rcare Type C inclus \u0219i manual de instruc\u021biuni disponibil \u00een englez\u0103 \u0219i spaniol\u0103. Cu 80 de foi cu layout cu dungi simple \u00een interior, prezentat \u00eentr-o pung\u0103 din h\u00e2rtie reciclat\u0103. Materialul RPET este fabricat din plastic reciclat, promov\u00e2nd astfel reutilizarea de\u0219eurilor din plastic \u0219i ajut\u00e2nd la sustenabilitatea planetei. Materialele precum bambusul \u00eencurajeaz\u0103 utilizarea materiilor prime naturale, reduc\u00e2nd emisiile de poluan\u021bi. Provine dintr-o plant\u0103 foarte rezistent\u0103 \u0219i versatil\u0103, cu cre\u0219tere rapid\u0103 \u0219i regenerare, f\u0103c\u00e2ndu-l o alternativ\u0103 excelent\u0103 la lemnul tradi\u021bional. Fabricat conform standardelor RoHS \u0219i \u00een conformitate cu urm\u0103toarele cerin\u021be de siguran\u021b\u0103: sistem de protec\u021bie \u00eempotriva supra\u00eenc\u0103lzirii. sistem de protec\u021bie \u00eempotriva supra\u00eenc\u0103rc\u0103rii. sistem de blocare pentru a preveni scurtcircuitele.<\/p>","protected":false},"excerpt":{"rendered":"<p>Notepad de dimensiune A5, fabricat din poliester rezistent 300D RPET. Copert\u0103 cu detaliu din bambus \u0219i \u00eenc\u0103rc\u0103tor wireless integrat de<\/p>","protected":false},"featured_media":133186,"comment_status":"open","ping_status":"closed","template":"","meta":[],"product_brand":[],"product_cat":[170],"product_tag":[],"class_list":{"0":"post-92621","1":"product","2":"type-product","3":"status-publish","4":"has-post-thumbnail","6":"product_cat-tehnologie-si-accesorii","8":"first","9":"instock","10":"shipping-taxable","11":"purchasable","12":"product-type-simple"},"_links":{"self":[{"href":"https:\/\/promis.ro\/ro\/wp-json\/wp\/v2\/product\/92621","targetHints":{"allow":["GET"]}}],"collection":[{"href":"https:\/\/promis.ro\/ro\/wp-json\/wp\/v2\/product"}],"about":[{"href":"https:\/\/promis.ro\/ro\/wp-json\/wp\/v2\/types\/product"}],"replies":[{"embeddable":true,"href":"https:\/\/promis.ro\/ro\/wp-json\/wp\/v2\/comments?post=92621"}],"version-history":[{"count":1,"href":"https:\/\/promis.ro\/ro\/wp-json\/wp\/v2\/product\/92621\/revisions"}],"predecessor-version":[{"id":111542,"href":"https:\/\/promis.ro\/ro\/wp-json\/wp\/v2\/product\/92621\/revisions\/111542"}],"wp:featuredmedia":[{"embeddable":true,"href":"https:\/\/promis.ro\/ro\/wp-json\/wp\/v2\/media\/133186"}],"wp:attachment":[{"href":"https:\/\/promis.ro\/ro\/wp-json\/wp\/v2\/media?parent=92621"}],"wp:term":[{"taxonomy":"product_brand","embeddable":true,"href":"https:\/\/promis.ro\/ro\/wp-json\/wp\/v2\/product_brand?post=92621"},{"taxonomy":"product_cat","embeddable":true,"href":"https:\/\/promis.ro\/ro\/wp-json\/wp\/v2\/product_cat?post=92621"},{"taxonomy":"product_tag","embeddable":true,"href":"https:\/\/promis.ro\/ro\/wp-json\/wp\/v2\/product_tag?post=92621"}],"curies":[{"name":"wp","href":"https:\/\/api.w.org\/{rel}","templated":true}]}}