{"id":92622,"date":"2025-11-04T22:59:20","date_gmt":"2025-11-04T22:59:20","guid":{"rendered":"https:\/\/promis.ro\/product\/bitels\/"},"modified":"2025-11-11T16:23:47","modified_gmt":"2025-11-11T16:23:47","slug":"bitels","status":"publish","type":"product","link":"https:\/\/promis.ro\/ro\/produs\/bitels\/","title":{"rendered":"Bitels"},"content":{"rendered":"<p>Difuzor Bluetooth\u00ae \u00eentr-o form\u0103 original\u0103 de pick-up, compact ca dimensiune \u0219i cu o putere de 5W. Baterie litiu de 800mAh, cu cablu de \u00eenc\u0103rcare Type C inclus \u0219i indicator de stare a \u00eenc\u0103rc\u0103rii. Func\u021bie hands-free \u0219i radio FM, cu slot pentru carduri micro SD de p\u00e2n\u0103 la 32GB capacitate \u0219i o intrare auxiliar\u0103 pentru conector jack de 3.5mm. Fabricat din ABS alb rezistent cu detalii gri \u0219i prezentat \u00eentr-o cutie individual\u0103 de design kraft, cu manual de instruc\u021biuni \u00een englez\u0103 \u0219i spaniol\u0103.<\/p>","protected":false},"excerpt":{"rendered":"<p>Difuzor Bluetooth\u00ae \u00eentr-o form\u0103 original\u0103 de pick-up, compact ca dimensiune \u0219i cu o putere de 5W. Baterie litiu de 800mAh,<\/p>","protected":false},"featured_media":133191,"comment_status":"open","ping_status":"closed","template":"","meta":[],"product_brand":[],"product_cat":[170],"product_tag":[],"class_list":{"0":"post-92622","1":"product","2":"type-product","3":"status-publish","4":"has-post-thumbnail","6":"product_cat-tehnologie-si-accesorii","8":"first","9":"instock","10":"shipping-taxable","11":"purchasable","12":"product-type-simple"},"_links":{"self":[{"href":"https:\/\/promis.ro\/ro\/wp-json\/wp\/v2\/product\/92622","targetHints":{"allow":["GET"]}}],"collection":[{"href":"https:\/\/promis.ro\/ro\/wp-json\/wp\/v2\/product"}],"about":[{"href":"https:\/\/promis.ro\/ro\/wp-json\/wp\/v2\/types\/product"}],"replies":[{"embeddable":true,"href":"https:\/\/promis.ro\/ro\/wp-json\/wp\/v2\/comments?post=92622"}],"version-history":[{"count":1,"href":"https:\/\/promis.ro\/ro\/wp-json\/wp\/v2\/product\/92622\/revisions"}],"predecessor-version":[{"id":111528,"href":"https:\/\/promis.ro\/ro\/wp-json\/wp\/v2\/product\/92622\/revisions\/111528"}],"wp:featuredmedia":[{"embeddable":true,"href":"https:\/\/promis.ro\/ro\/wp-json\/wp\/v2\/media\/133191"}],"wp:attachment":[{"href":"https:\/\/promis.ro\/ro\/wp-json\/wp\/v2\/media?parent=92622"}],"wp:term":[{"taxonomy":"product_brand","embeddable":true,"href":"https:\/\/promis.ro\/ro\/wp-json\/wp\/v2\/product_brand?post=92622"},{"taxonomy":"product_cat","embeddable":true,"href":"https:\/\/promis.ro\/ro\/wp-json\/wp\/v2\/product_cat?post=92622"},{"taxonomy":"product_tag","embeddable":true,"href":"https:\/\/promis.ro\/ro\/wp-json\/wp\/v2\/product_tag?post=92622"}],"curies":[{"name":"wp","href":"https:\/\/api.w.org\/{rel}","templated":true}]}}