{"id":92623,"date":"2025-11-04T22:59:20","date_gmt":"2025-11-04T22:59:20","guid":{"rendered":"https:\/\/promis.ro\/product\/nawey-rcs\/"},"modified":"2025-11-11T16:26:49","modified_gmt":"2025-11-11T16:26:49","slug":"nawey-rcs","status":"publish","type":"product","link":"https:\/\/promis.ro\/ro\/produs\/nawey-rcs\/","title":{"rendered":"Nawey RCS"},"content":{"rendered":"<p>Baterie extern\u0103 auxiliar\u0103 ultra-compact\u0103, fabricat\u0103 din RABS \u0219i cu o capacitate de \u00eenc\u0103rcare de 5.000 mAh. Include ie\u0219ire dual\u0103 USB pentru \u00eenc\u0103rcarea simultan\u0103 a 2 dispozitive, intrare Micro USB -cablul inclus-, \u0219i conexiune de intrare \u0219i ie\u0219ire Type C. Cu indicator de stare a \u00eenc\u0103rc\u0103rii \u0219i prezentat\u0103 \u00eentr-o cutie atractiv\u0103 cu design ecologic. Cu o zon\u0103 mare pentru branding \u0219i manual de instruc\u021biuni disponibil \u00een englez\u0103 \u0219i spaniol\u0103. RABS este un plastic foarte reciclabil \u0219i foarte rezistent, cu o multitudine de aplica\u021bii care \u00eel fac o solu\u021bie ecologic\u0103. Cu certificare RCS, garant\u00e2nd originea sa reciclat\u0103. Capacit\u0103\u021bile prezentate \u00een toate bateriile noastre externe auxiliare sunt reale, toate \u00eencorpor\u00e2nd baterii de grad A, non-reciclate, cu o durat\u0103 de via\u021b\u0103 de cel pu\u021bin 500 de cicluri de \u00eenc\u0103rcare \u0219i respect\u00e2nd reglement\u0103rile CE. \u00cen plus, sunt fabricate conform standardelor RoHS \u0219i \u00een conformitate cu urm\u0103toarele cerin\u021be de siguran\u021b\u0103: sistem de protec\u021bie \u00eempotriva supra\u00eenc\u0103rc\u0103rii bateriei externe. Sistem complet de protec\u021bie \u00eempotriva desc\u0103rc\u0103rii, care cre\u0219te durabilitatea bateriei externe. Sistem de blocare pentru a preveni scurtcircuitele. Sistem constant de transfer al \u00eenc\u0103rc\u0103rii, conform capacit\u0103\u021bii dispozitivului \u021bint\u0103.<\/p>","protected":false},"excerpt":{"rendered":"<p>Baterie extern\u0103 auxiliar\u0103 ultra-compact\u0103, fabricat\u0103 din RABS \u0219i cu o capacitate de \u00eenc\u0103rcare de 5.000 mAh. Include ie\u0219ire dual\u0103 USB<\/p>","protected":false},"featured_media":133194,"comment_status":"open","ping_status":"closed","template":"","meta":[],"product_brand":[],"product_cat":[197],"product_tag":[],"class_list":{"0":"post-92623","1":"product","2":"type-product","3":"status-publish","4":"has-post-thumbnail","6":"product_cat-articole-durabile","8":"first","9":"instock","10":"shipping-taxable","11":"purchasable","12":"product-type-variable"},"_links":{"self":[{"href":"https:\/\/promis.ro\/ro\/wp-json\/wp\/v2\/product\/92623","targetHints":{"allow":["GET"]}}],"collection":[{"href":"https:\/\/promis.ro\/ro\/wp-json\/wp\/v2\/product"}],"about":[{"href":"https:\/\/promis.ro\/ro\/wp-json\/wp\/v2\/types\/product"}],"replies":[{"embeddable":true,"href":"https:\/\/promis.ro\/ro\/wp-json\/wp\/v2\/comments?post=92623"}],"version-history":[{"count":1,"href":"https:\/\/promis.ro\/ro\/wp-json\/wp\/v2\/product\/92623\/revisions"}],"predecessor-version":[{"id":111548,"href":"https:\/\/promis.ro\/ro\/wp-json\/wp\/v2\/product\/92623\/revisions\/111548"}],"wp:featuredmedia":[{"embeddable":true,"href":"https:\/\/promis.ro\/ro\/wp-json\/wp\/v2\/media\/133194"}],"wp:attachment":[{"href":"https:\/\/promis.ro\/ro\/wp-json\/wp\/v2\/media?parent=92623"}],"wp:term":[{"taxonomy":"product_brand","embeddable":true,"href":"https:\/\/promis.ro\/ro\/wp-json\/wp\/v2\/product_brand?post=92623"},{"taxonomy":"product_cat","embeddable":true,"href":"https:\/\/promis.ro\/ro\/wp-json\/wp\/v2\/product_cat?post=92623"},{"taxonomy":"product_tag","embeddable":true,"href":"https:\/\/promis.ro\/ro\/wp-json\/wp\/v2\/product_tag?post=92623"}],"curies":[{"name":"wp","href":"https:\/\/api.w.org\/{rel}","templated":true}]}}