{"id":92624,"date":"2025-11-04T22:59:20","date_gmt":"2025-11-04T22:59:20","guid":{"rendered":"https:\/\/promis.ro\/product\/kambel-rcs\/"},"modified":"2025-11-11T16:23:55","modified_gmt":"2025-11-11T16:23:55","slug":"kambel-rcs","status":"publish","type":"product","link":"https:\/\/promis.ro\/ro\/produs\/kambel-rcs\/","title":{"rendered":"Kambel RCS"},"content":{"rendered":"<p>\u00cenc\u0103rc\u0103tor wireless 15W cu design circular, fabricat din RABS. Compatibil cu dispozitive echipate cu tehnologia de \u00eenc\u0103rcare wireless Qi. Baz\u0103 antiderapant\u0103, cu cablu de \u00eenc\u0103rcare tip C inclus. Prezentat \u00eentr-o cutie de design kraft individual\u0103, cu manual de instruc\u021biuni \u00een englez\u0103 \u0219i spaniol\u0103. RABS este un plastic foarte reciclabil \u0219i foarte rezistent, cu o multitudine de aplica\u021bii care \u00eel fac o solu\u021bie ecologic\u0103. Cu certificare RCS, garant\u00e2nd originea sa reciclat\u0103. Fabricat conform standardelor RoHS \u0219i \u00een conformitate cu urm\u0103toarele cerin\u021be de siguran\u021b\u0103: sistem de protec\u021bie \u00eempotriva supra\u00eenc\u0103lzirii. sistem de protec\u021bie \u00eempotriva supra\u00eenc\u0103rc\u0103rii. sistem de blocare pentru a preveni scurtcircuitele.<\/p>","protected":false},"excerpt":{"rendered":"<p>\u00cenc\u0103rc\u0103tor wireless 15W cu design circular, fabricat din RABS. Compatibil cu dispozitive echipate cu tehnologia de \u00eenc\u0103rcare wireless Qi. Baz\u0103<\/p>","protected":false},"featured_media":133198,"comment_status":"open","ping_status":"closed","template":"","meta":[],"product_brand":[],"product_cat":[197],"product_tag":[],"class_list":{"0":"post-92624","1":"product","2":"type-product","3":"status-publish","4":"has-post-thumbnail","6":"product_cat-articole-durabile","8":"first","9":"instock","10":"shipping-taxable","11":"purchasable","12":"product-type-simple"},"_links":{"self":[{"href":"https:\/\/promis.ro\/ro\/wp-json\/wp\/v2\/product\/92624","targetHints":{"allow":["GET"]}}],"collection":[{"href":"https:\/\/promis.ro\/ro\/wp-json\/wp\/v2\/product"}],"about":[{"href":"https:\/\/promis.ro\/ro\/wp-json\/wp\/v2\/types\/product"}],"replies":[{"embeddable":true,"href":"https:\/\/promis.ro\/ro\/wp-json\/wp\/v2\/comments?post=92624"}],"version-history":[{"count":1,"href":"https:\/\/promis.ro\/ro\/wp-json\/wp\/v2\/product\/92624\/revisions"}],"predecessor-version":[{"id":111537,"href":"https:\/\/promis.ro\/ro\/wp-json\/wp\/v2\/product\/92624\/revisions\/111537"}],"wp:featuredmedia":[{"embeddable":true,"href":"https:\/\/promis.ro\/ro\/wp-json\/wp\/v2\/media\/133198"}],"wp:attachment":[{"href":"https:\/\/promis.ro\/ro\/wp-json\/wp\/v2\/media?parent=92624"}],"wp:term":[{"taxonomy":"product_brand","embeddable":true,"href":"https:\/\/promis.ro\/ro\/wp-json\/wp\/v2\/product_brand?post=92624"},{"taxonomy":"product_cat","embeddable":true,"href":"https:\/\/promis.ro\/ro\/wp-json\/wp\/v2\/product_cat?post=92624"},{"taxonomy":"product_tag","embeddable":true,"href":"https:\/\/promis.ro\/ro\/wp-json\/wp\/v2\/product_tag?post=92624"}],"curies":[{"name":"wp","href":"https:\/\/api.w.org\/{rel}","templated":true}]}}