{"id":92625,"date":"2025-11-04T22:59:21","date_gmt":"2025-11-04T22:59:21","guid":{"rendered":"https:\/\/promis.ro\/product\/tayil-rcs\/"},"modified":"2025-11-11T16:23:59","modified_gmt":"2025-11-11T16:23:59","slug":"tayil-rcs","status":"publish","type":"product","link":"https:\/\/promis.ro\/ro\/produs\/tayil-rcs\/","title":{"rendered":"Tayil RCS"},"content":{"rendered":"<p>\u00cenc\u0103rc\u0103tor wireless 15W cu func\u021bie de suport pentru smartphone, fabricat din RABS. Indicator de stare a \u00eenc\u0103rc\u0103rii \u0219i compatibil cu dispozitive echipate cu tehnologie de \u00eenc\u0103rcare wireless. Suprafa\u021b\u0103 mare pentru branding \u0219i prezentat \u00eentr-o cutie atractiv\u0103 din kraft. Manual de instruc\u021biuni disponibil \u00een englez\u0103 \u0219i spaniol\u0103. RABS este un plastic foarte reciclabil \u0219i foarte rezistent, cu o multitudine de aplica\u021bii care \u00eel fac o solu\u021bie ecologic\u0103. Cu certificare RCS, garant\u00e2nd originea sa reciclat\u0103. Fabricat conform standardelor RoHS \u0219i \u00een conformitate cu urm\u0103toarele cerin\u021be de siguran\u021b\u0103: Sistem de protec\u021bie \u00eempotriva supra\u00eenc\u0103lzirii. Sistem de protec\u021bie \u00eempotriva supra\u00eenc\u0103rc\u0103rii. Sistem de blocare pentru a preveni scurtcircuitele.<\/p>","protected":false},"excerpt":{"rendered":"<p>\u00cenc\u0103rc\u0103tor wireless 15W cu func\u021bie de suport pentru smartphone, fabricat din RABS. Indicator de stare a \u00eenc\u0103rc\u0103rii \u0219i compatibil cu<\/p>","protected":false},"featured_media":133202,"comment_status":"open","ping_status":"closed","template":"","meta":[],"product_brand":[],"product_cat":[197],"product_tag":[],"class_list":{"0":"post-92625","1":"product","2":"type-product","3":"status-publish","4":"has-post-thumbnail","6":"product_cat-articole-durabile","8":"first","9":"instock","10":"shipping-taxable","11":"purchasable","12":"product-type-simple"},"_links":{"self":[{"href":"https:\/\/promis.ro\/ro\/wp-json\/wp\/v2\/product\/92625","targetHints":{"allow":["GET"]}}],"collection":[{"href":"https:\/\/promis.ro\/ro\/wp-json\/wp\/v2\/product"}],"about":[{"href":"https:\/\/promis.ro\/ro\/wp-json\/wp\/v2\/types\/product"}],"replies":[{"embeddable":true,"href":"https:\/\/promis.ro\/ro\/wp-json\/wp\/v2\/comments?post=92625"}],"version-history":[{"count":1,"href":"https:\/\/promis.ro\/ro\/wp-json\/wp\/v2\/product\/92625\/revisions"}],"predecessor-version":[{"id":111535,"href":"https:\/\/promis.ro\/ro\/wp-json\/wp\/v2\/product\/92625\/revisions\/111535"}],"wp:featuredmedia":[{"embeddable":true,"href":"https:\/\/promis.ro\/ro\/wp-json\/wp\/v2\/media\/133202"}],"wp:attachment":[{"href":"https:\/\/promis.ro\/ro\/wp-json\/wp\/v2\/media?parent=92625"}],"wp:term":[{"taxonomy":"product_brand","embeddable":true,"href":"https:\/\/promis.ro\/ro\/wp-json\/wp\/v2\/product_brand?post=92625"},{"taxonomy":"product_cat","embeddable":true,"href":"https:\/\/promis.ro\/ro\/wp-json\/wp\/v2\/product_cat?post=92625"},{"taxonomy":"product_tag","embeddable":true,"href":"https:\/\/promis.ro\/ro\/wp-json\/wp\/v2\/product_tag?post=92625"}],"curies":[{"name":"wp","href":"https:\/\/api.w.org\/{rel}","templated":true}]}}