{"id":92903,"date":"2025-11-04T23:01:30","date_gmt":"2025-11-04T23:01:30","guid":{"rendered":"https:\/\/promis.ro\/product\/alikra\/"},"modified":"2025-11-11T16:37:48","modified_gmt":"2025-11-11T16:37:48","slug":"alikra","status":"publish","type":"product","link":"https:\/\/promis.ro\/ro\/produs\/alikra\/","title":{"rendered":"Alikra"},"content":{"rendered":"<p>Purt\u0103tor de ID extensibil din bambus \u0219i paie de gr\u00e2u. Band\u0103 de prindere cu \u00eenchidere cu buton \u0219i mecanism extensibil p\u00e2n\u0103 la 70 cm. Inclus clip metalic posterior pentru ata\u0219are. Cu o zon\u0103 mare de branding pe piesa central\u0103 din bambus. Prezentat individual \u00eentr-un sac reciclat. Materiale precum bambusul \u00eencurajeaz\u0103 utilizarea materiilor prime naturale, reduc\u00e2nd emisiile de poluan\u021bi. \u00cen plus, bambusul provine dintr-o plant\u0103 foarte rezistent\u0103 \u0219i versatil\u0103, cu cre\u0219tere \u0219i regenerare rapid\u0103, f\u0103c\u00e2ndu-l o alternativ\u0103 excelent\u0103 la lemnul tradi\u021bional.<\/p>","protected":false},"excerpt":{"rendered":"<p>Purt\u0103tor de ID extensibil din bambus \u0219i paie de gr\u00e2u. Band\u0103 de prindere cu \u00eenchidere cu buton \u0219i mecanism extensibil<\/p>","protected":false},"featured_media":134146,"comment_status":"open","ping_status":"closed","template":"","meta":[],"product_brand":[],"product_cat":[197],"product_tag":[],"class_list":{"0":"post-92903","1":"product","2":"type-product","3":"status-publish","4":"has-post-thumbnail","6":"product_cat-articole-durabile","8":"first","9":"instock","10":"shipping-taxable","11":"purchasable","12":"product-type-simple"},"yoast_head":"<!-- This site is optimized with the Yoast SEO plugin v27.4 - https:\/\/yoast.com\/product\/yoast-seo-wordpress\/ -->\n<title>Alikra - Promis.ro<\/title>\n<meta name=\"description\" content=\"Purt\u0103tor de ID extensibil din bambus \u0219i paie de gr\u00e2u. Band\u0103 de prindere cu \u00eenchidere cu buton \u0219i mecanism extensibil p\u00e2n\u0103 la 70 cm. Inclus clip metalic\" \/>\n<meta name=\"robots\" content=\"index, follow, max-snippet:-1, max-image-preview:large, max-video-preview:-1\" \/>\n<link rel=\"canonical\" href=\"https:\/\/promis.ro\/ro\/produs\/alikra\/\" \/>\n<meta property=\"og:locale\" content=\"ro_RO\" \/>\n<meta property=\"og:type\" content=\"article\" \/>\n<meta property=\"og:title\" content=\"Alikra - Promis.ro\" \/>\n<meta property=\"og:description\" content=\"Purt\u0103tor de ID extensibil din bambus \u0219i paie de gr\u00e2u. Band\u0103 de prindere cu \u00eenchidere cu buton \u0219i mecanism extensibil p\u00e2n\u0103 la 70 cm. Inclus clip metalic\" \/>\n<meta property=\"og:url\" content=\"https:\/\/promis.ro\/ro\/produs\/alikra\/\" \/>\n<meta property=\"og:site_name\" content=\"Promis.ro\" \/>\n<meta property=\"article:modified_time\" content=\"2025-11-11T16:37:48+00:00\" \/>\n<meta property=\"og:image\" content=\"https:\/\/promis.ro\/wp-content\/uploads\/2025\/11\/20999-W-1.jpg\" \/>\n\t<meta property=\"og:image:width\" content=\"1080\" \/>\n\t<meta property=\"og:image:height\" content=\"1080\" \/>\n\t<meta property=\"og:image:type\" content=\"image\/jpeg\" \/>\n<meta name=\"twitter:card\" content=\"summary_large_image\" \/>\n<script type=\"application\/ld+json\" class=\"yoast-schema-graph\">{\"@context\":\"https:\\\/\\\/schema.org\",\"@graph\":[{\"@type\":\"WebPage\",\"@id\":\"https:\\\/\\\/promis.ro\\\/product\\\/alikra\\\/\",\"url\":\"https:\\\/\\\/promis.ro\\\/product\\\/alikra\\\/\",\"name\":\"Alikra - Promis.ro\",\"isPartOf\":{\"@id\":\"https:\\\/\\\/promis.ro\\\/#website\"},\"primaryImageOfPage\":{\"@id\":\"https:\\\/\\\/promis.ro\\\/product\\\/alikra\\\/#primaryimage\"},\"image\":{\"@id\":\"https:\\\/\\\/promis.ro\\\/product\\\/alikra\\\/#primaryimage\"},\"thumbnailUrl\":\"https:\\\/\\\/promis.ro\\\/wp-content\\\/uploads\\\/2025\\\/11\\\/20999-W-1.jpg\",\"datePublished\":\"2025-11-04T23:01:30+00:00\",\"dateModified\":\"2025-11-11T16:37:48+00:00\",\"description\":\"Purt\u0103tor de ID extensibil din bambus \u0219i paie de gr\u00e2u. Band\u0103 de prindere cu \u00eenchidere cu buton \u0219i mecanism extensibil p\u00e2n\u0103 la 70 cm. Inclus clip metalic\",\"breadcrumb\":{\"@id\":\"https:\\\/\\\/promis.ro\\\/product\\\/alikra\\\/#breadcrumb\"},\"inLanguage\":\"ro-RO\",\"potentialAction\":[{\"@type\":\"ReadAction\",\"target\":[\"https:\\\/\\\/promis.ro\\\/product\\\/alikra\\\/\"]}]},{\"@type\":\"ImageObject\",\"inLanguage\":\"ro-RO\",\"@id\":\"https:\\\/\\\/promis.ro\\\/product\\\/alikra\\\/#primaryimage\",\"url\":\"https:\\\/\\\/promis.ro\\\/wp-content\\\/uploads\\\/2025\\\/11\\\/20999-W-1.jpg\",\"contentUrl\":\"https:\\\/\\\/promis.ro\\\/wp-content\\\/uploads\\\/2025\\\/11\\\/20999-W-1.jpg\",\"width\":1080,\"height\":1080},{\"@type\":\"BreadcrumbList\",\"@id\":\"https:\\\/\\\/promis.ro\\\/product\\\/alikra\\\/#breadcrumb\",\"itemListElement\":[{\"@type\":\"ListItem\",\"position\":1,\"name\":\"Home\",\"item\":\"https:\\\/\\\/promis.ro\\\/\"},{\"@type\":\"ListItem\",\"position\":2,\"name\":\"Magazin\",\"item\":\"https:\\\/\\\/promis.ro\\\/magazin\\\/\"},{\"@type\":\"ListItem\",\"position\":3,\"name\":\"Alikra\"}]},{\"@type\":\"WebSite\",\"@id\":\"https:\\\/\\\/promis.ro\\\/#website\",\"url\":\"https:\\\/\\\/promis.ro\\\/\",\"name\":\"Promis.ro\",\"description\":\"\",\"potentialAction\":[{\"@type\":\"SearchAction\",\"target\":{\"@type\":\"EntryPoint\",\"urlTemplate\":\"https:\\\/\\\/promis.ro\\\/?s={search_term_string}\"},\"query-input\":{\"@type\":\"PropertyValueSpecification\",\"valueRequired\":true,\"valueName\":\"search_term_string\"}}],\"inLanguage\":\"ro-RO\"}]}<\/script>\n<!-- \/ Yoast SEO plugin. -->","yoast_head_json":{"title":"Alikra - Promis.ro","description":"Purt\u0103tor de ID extensibil din bambus \u0219i paie de gr\u00e2u. Band\u0103 de prindere cu \u00eenchidere cu buton \u0219i mecanism extensibil p\u00e2n\u0103 la 70 cm. Inclus clip metalic","robots":{"index":"index","follow":"follow","max-snippet":"max-snippet:-1","max-image-preview":"max-image-preview:large","max-video-preview":"max-video-preview:-1"},"canonical":"https:\/\/promis.ro\/ro\/produs\/alikra\/","og_locale":"ro_RO","og_type":"article","og_title":"Alikra - Promis.ro","og_description":"Purt\u0103tor de ID extensibil din bambus \u0219i paie de gr\u00e2u. Band\u0103 de prindere cu \u00eenchidere cu buton \u0219i mecanism extensibil p\u00e2n\u0103 la 70 cm. Inclus clip metalic","og_url":"https:\/\/promis.ro\/ro\/produs\/alikra\/","og_site_name":"Promis.ro","article_modified_time":"2025-11-11T16:37:48+00:00","og_image":[{"width":1080,"height":1080,"url":"https:\/\/promis.ro\/wp-content\/uploads\/2025\/11\/20999-W-1.jpg","type":"image\/jpeg"}],"twitter_card":"summary_large_image","schema":{"@context":"https:\/\/schema.org","@graph":[{"@type":"WebPage","@id":"https:\/\/promis.ro\/product\/alikra\/","url":"https:\/\/promis.ro\/product\/alikra\/","name":"Alikra - Promis.ro","isPartOf":{"@id":"https:\/\/promis.ro\/#website"},"primaryImageOfPage":{"@id":"https:\/\/promis.ro\/product\/alikra\/#primaryimage"},"image":{"@id":"https:\/\/promis.ro\/product\/alikra\/#primaryimage"},"thumbnailUrl":"https:\/\/promis.ro\/wp-content\/uploads\/2025\/11\/20999-W-1.jpg","datePublished":"2025-11-04T23:01:30+00:00","dateModified":"2025-11-11T16:37:48+00:00","description":"Purt\u0103tor de ID extensibil din bambus \u0219i paie de gr\u00e2u. Band\u0103 de prindere cu \u00eenchidere cu buton \u0219i mecanism extensibil p\u00e2n\u0103 la 70 cm. Inclus clip metalic","breadcrumb":{"@id":"https:\/\/promis.ro\/product\/alikra\/#breadcrumb"},"inLanguage":"ro-RO","potentialAction":[{"@type":"ReadAction","target":["https:\/\/promis.ro\/product\/alikra\/"]}]},{"@type":"ImageObject","inLanguage":"ro-RO","@id":"https:\/\/promis.ro\/product\/alikra\/#primaryimage","url":"https:\/\/promis.ro\/wp-content\/uploads\/2025\/11\/20999-W-1.jpg","contentUrl":"https:\/\/promis.ro\/wp-content\/uploads\/2025\/11\/20999-W-1.jpg","width":1080,"height":1080},{"@type":"BreadcrumbList","@id":"https:\/\/promis.ro\/product\/alikra\/#breadcrumb","itemListElement":[{"@type":"ListItem","position":1,"name":"Home","item":"https:\/\/promis.ro\/"},{"@type":"ListItem","position":2,"name":"Magazin","item":"https:\/\/promis.ro\/magazin\/"},{"@type":"ListItem","position":3,"name":"Alikra"}]},{"@type":"WebSite","@id":"https:\/\/promis.ro\/#website","url":"https:\/\/promis.ro\/","name":"Promis.ro","description":"","potentialAction":[{"@type":"SearchAction","target":{"@type":"EntryPoint","urlTemplate":"https:\/\/promis.ro\/?s={search_term_string}"},"query-input":{"@type":"PropertyValueSpecification","valueRequired":true,"valueName":"search_term_string"}}],"inLanguage":"ro-RO"}]}},"_links":{"self":[{"href":"https:\/\/promis.ro\/ro\/wp-json\/wp\/v2\/product\/92903","targetHints":{"allow":["GET"]}}],"collection":[{"href":"https:\/\/promis.ro\/ro\/wp-json\/wp\/v2\/product"}],"about":[{"href":"https:\/\/promis.ro\/ro\/wp-json\/wp\/v2\/types\/product"}],"replies":[{"embeddable":true,"href":"https:\/\/promis.ro\/ro\/wp-json\/wp\/v2\/comments?post=92903"}],"version-history":[{"count":1,"href":"https:\/\/promis.ro\/ro\/wp-json\/wp\/v2\/product\/92903\/revisions"}],"predecessor-version":[{"id":111689,"href":"https:\/\/promis.ro\/ro\/wp-json\/wp\/v2\/product\/92903\/revisions\/111689"}],"wp:featuredmedia":[{"embeddable":true,"href":"https:\/\/promis.ro\/ro\/wp-json\/wp\/v2\/media\/134146"}],"wp:attachment":[{"href":"https:\/\/promis.ro\/ro\/wp-json\/wp\/v2\/media?parent=92903"}],"wp:term":[{"taxonomy":"product_brand","embeddable":true,"href":"https:\/\/promis.ro\/ro\/wp-json\/wp\/v2\/product_brand?post=92903"},{"taxonomy":"product_cat","embeddable":true,"href":"https:\/\/promis.ro\/ro\/wp-json\/wp\/v2\/product_cat?post=92903"},{"taxonomy":"product_tag","embeddable":true,"href":"https:\/\/promis.ro\/ro\/wp-json\/wp\/v2\/product_tag?post=92903"}],"curies":[{"name":"wp","href":"https:\/\/api.w.org\/{rel}","templated":true}]}}