{"id":93014,"date":"2025-11-04T23:02:18","date_gmt":"2025-11-04T23:02:18","guid":{"rendered":"https:\/\/promis.ro\/product\/kaizen\/"},"modified":"2025-11-11T16:37:50","modified_gmt":"2025-11-11T16:37:50","slug":"kaizen","status":"publish","type":"product","link":"https:\/\/promis.ro\/ro\/produs\/kaizen\/","title":{"rendered":"Kaizen"},"content":{"rendered":"<p>Deschiz\u0103tor metalic util cu inel pentru chei \u0219i carabin\u0103 pentru ata\u0219are rapid\u0103. Cu deschiz\u0103tor de sticle la un cap\u0103t \u0219i cu un mic cu\u021bit din o\u021bel inoxidabil la cap\u0103tul opus, ideal pentru deschiderea scrisorilor, pachetelor&#8230; \u00centr-o elegant\u0103 culoare neagr\u0103 metalic\u0103 \u0219i prezentat \u00eentr-un sac din h\u00e2rtie reciclat\u0103.<\/p>","protected":false},"excerpt":{"rendered":"<p>Deschiz\u0103tor metalic util cu inel pentru chei \u0219i carabin\u0103 pentru ata\u0219are rapid\u0103. Cu deschiz\u0103tor de sticle la un cap\u0103t \u0219i<\/p>","protected":false},"featured_media":134151,"comment_status":"open","ping_status":"closed","template":"","meta":[],"product_brand":[],"product_cat":[180],"product_tag":[],"class_list":{"0":"post-93014","1":"product","2":"type-product","3":"status-publish","4":"has-post-thumbnail","6":"product_cat-cadouri-si-prime","8":"first","9":"instock","10":"shipping-taxable","11":"purchasable","12":"product-type-simple"},"yoast_head":"<!-- This site is optimized with the Yoast SEO plugin v27.4 - https:\/\/yoast.com\/product\/yoast-seo-wordpress\/ -->\n<title>Kaizen - Promis.ro<\/title>\n<meta name=\"description\" content=\"Deschiz\u0103tor metalic util cu inel pentru chei \u0219i carabin\u0103 pentru ata\u0219are rapid\u0103. Cu deschiz\u0103tor de sticle la un cap\u0103t \u0219i cu un mic cu\u021bit din o\u021bel\" \/>\n<meta name=\"robots\" content=\"index, follow, max-snippet:-1, max-image-preview:large, max-video-preview:-1\" \/>\n<link rel=\"canonical\" href=\"https:\/\/promis.ro\/ro\/produs\/kaizen\/\" \/>\n<meta property=\"og:locale\" content=\"ro_RO\" \/>\n<meta property=\"og:type\" content=\"article\" \/>\n<meta property=\"og:title\" content=\"Kaizen - Promis.ro\" \/>\n<meta property=\"og:description\" content=\"Deschiz\u0103tor metalic util cu inel pentru chei \u0219i carabin\u0103 pentru ata\u0219are rapid\u0103. Cu deschiz\u0103tor de sticle la un cap\u0103t \u0219i cu un mic cu\u021bit din o\u021bel\" \/>\n<meta property=\"og:url\" content=\"https:\/\/promis.ro\/ro\/produs\/kaizen\/\" \/>\n<meta property=\"og:site_name\" content=\"Promis.ro\" \/>\n<meta property=\"article:modified_time\" content=\"2025-11-11T16:37:50+00:00\" \/>\n<meta property=\"og:image\" content=\"https:\/\/promis.ro\/wp-content\/uploads\/2025\/11\/21000-W-1.jpg\" \/>\n\t<meta property=\"og:image:width\" content=\"1080\" \/>\n\t<meta property=\"og:image:height\" content=\"1080\" \/>\n\t<meta property=\"og:image:type\" content=\"image\/jpeg\" \/>\n<meta name=\"twitter:card\" content=\"summary_large_image\" \/>\n<script type=\"application\/ld+json\" class=\"yoast-schema-graph\">{\"@context\":\"https:\\\/\\\/schema.org\",\"@graph\":[{\"@type\":\"WebPage\",\"@id\":\"https:\\\/\\\/promis.ro\\\/product\\\/kaizen\\\/\",\"url\":\"https:\\\/\\\/promis.ro\\\/product\\\/kaizen\\\/\",\"name\":\"Kaizen - Promis.ro\",\"isPartOf\":{\"@id\":\"https:\\\/\\\/promis.ro\\\/#website\"},\"primaryImageOfPage\":{\"@id\":\"https:\\\/\\\/promis.ro\\\/product\\\/kaizen\\\/#primaryimage\"},\"image\":{\"@id\":\"https:\\\/\\\/promis.ro\\\/product\\\/kaizen\\\/#primaryimage\"},\"thumbnailUrl\":\"https:\\\/\\\/promis.ro\\\/wp-content\\\/uploads\\\/2025\\\/11\\\/21000-W-1.jpg\",\"datePublished\":\"2025-11-04T23:02:18+00:00\",\"dateModified\":\"2025-11-11T16:37:50+00:00\",\"description\":\"Deschiz\u0103tor metalic util cu inel pentru chei \u0219i carabin\u0103 pentru ata\u0219are rapid\u0103. Cu deschiz\u0103tor de sticle la un cap\u0103t \u0219i cu un mic cu\u021bit din o\u021bel\",\"breadcrumb\":{\"@id\":\"https:\\\/\\\/promis.ro\\\/product\\\/kaizen\\\/#breadcrumb\"},\"inLanguage\":\"ro-RO\",\"potentialAction\":[{\"@type\":\"ReadAction\",\"target\":[\"https:\\\/\\\/promis.ro\\\/product\\\/kaizen\\\/\"]}]},{\"@type\":\"ImageObject\",\"inLanguage\":\"ro-RO\",\"@id\":\"https:\\\/\\\/promis.ro\\\/product\\\/kaizen\\\/#primaryimage\",\"url\":\"https:\\\/\\\/promis.ro\\\/wp-content\\\/uploads\\\/2025\\\/11\\\/21000-W-1.jpg\",\"contentUrl\":\"https:\\\/\\\/promis.ro\\\/wp-content\\\/uploads\\\/2025\\\/11\\\/21000-W-1.jpg\",\"width\":1080,\"height\":1080},{\"@type\":\"BreadcrumbList\",\"@id\":\"https:\\\/\\\/promis.ro\\\/product\\\/kaizen\\\/#breadcrumb\",\"itemListElement\":[{\"@type\":\"ListItem\",\"position\":1,\"name\":\"Home\",\"item\":\"https:\\\/\\\/promis.ro\\\/\"},{\"@type\":\"ListItem\",\"position\":2,\"name\":\"Magazin\",\"item\":\"https:\\\/\\\/promis.ro\\\/magazin\\\/\"},{\"@type\":\"ListItem\",\"position\":3,\"name\":\"Kaizen\"}]},{\"@type\":\"WebSite\",\"@id\":\"https:\\\/\\\/promis.ro\\\/#website\",\"url\":\"https:\\\/\\\/promis.ro\\\/\",\"name\":\"Promis.ro\",\"description\":\"\",\"potentialAction\":[{\"@type\":\"SearchAction\",\"target\":{\"@type\":\"EntryPoint\",\"urlTemplate\":\"https:\\\/\\\/promis.ro\\\/?s={search_term_string}\"},\"query-input\":{\"@type\":\"PropertyValueSpecification\",\"valueRequired\":true,\"valueName\":\"search_term_string\"}}],\"inLanguage\":\"ro-RO\"}]}<\/script>\n<!-- \/ Yoast SEO plugin. -->","yoast_head_json":{"title":"Kaizen - Promis.ro","description":"Deschiz\u0103tor metalic util cu inel pentru chei \u0219i carabin\u0103 pentru ata\u0219are rapid\u0103. Cu deschiz\u0103tor de sticle la un cap\u0103t \u0219i cu un mic cu\u021bit din o\u021bel","robots":{"index":"index","follow":"follow","max-snippet":"max-snippet:-1","max-image-preview":"max-image-preview:large","max-video-preview":"max-video-preview:-1"},"canonical":"https:\/\/promis.ro\/ro\/produs\/kaizen\/","og_locale":"ro_RO","og_type":"article","og_title":"Kaizen - Promis.ro","og_description":"Deschiz\u0103tor metalic util cu inel pentru chei \u0219i carabin\u0103 pentru ata\u0219are rapid\u0103. Cu deschiz\u0103tor de sticle la un cap\u0103t \u0219i cu un mic cu\u021bit din o\u021bel","og_url":"https:\/\/promis.ro\/ro\/produs\/kaizen\/","og_site_name":"Promis.ro","article_modified_time":"2025-11-11T16:37:50+00:00","og_image":[{"width":1080,"height":1080,"url":"https:\/\/promis.ro\/wp-content\/uploads\/2025\/11\/21000-W-1.jpg","type":"image\/jpeg"}],"twitter_card":"summary_large_image","schema":{"@context":"https:\/\/schema.org","@graph":[{"@type":"WebPage","@id":"https:\/\/promis.ro\/product\/kaizen\/","url":"https:\/\/promis.ro\/product\/kaizen\/","name":"Kaizen - Promis.ro","isPartOf":{"@id":"https:\/\/promis.ro\/#website"},"primaryImageOfPage":{"@id":"https:\/\/promis.ro\/product\/kaizen\/#primaryimage"},"image":{"@id":"https:\/\/promis.ro\/product\/kaizen\/#primaryimage"},"thumbnailUrl":"https:\/\/promis.ro\/wp-content\/uploads\/2025\/11\/21000-W-1.jpg","datePublished":"2025-11-04T23:02:18+00:00","dateModified":"2025-11-11T16:37:50+00:00","description":"Deschiz\u0103tor metalic util cu inel pentru chei \u0219i carabin\u0103 pentru ata\u0219are rapid\u0103. Cu deschiz\u0103tor de sticle la un cap\u0103t \u0219i cu un mic cu\u021bit din o\u021bel","breadcrumb":{"@id":"https:\/\/promis.ro\/product\/kaizen\/#breadcrumb"},"inLanguage":"ro-RO","potentialAction":[{"@type":"ReadAction","target":["https:\/\/promis.ro\/product\/kaizen\/"]}]},{"@type":"ImageObject","inLanguage":"ro-RO","@id":"https:\/\/promis.ro\/product\/kaizen\/#primaryimage","url":"https:\/\/promis.ro\/wp-content\/uploads\/2025\/11\/21000-W-1.jpg","contentUrl":"https:\/\/promis.ro\/wp-content\/uploads\/2025\/11\/21000-W-1.jpg","width":1080,"height":1080},{"@type":"BreadcrumbList","@id":"https:\/\/promis.ro\/product\/kaizen\/#breadcrumb","itemListElement":[{"@type":"ListItem","position":1,"name":"Home","item":"https:\/\/promis.ro\/"},{"@type":"ListItem","position":2,"name":"Magazin","item":"https:\/\/promis.ro\/magazin\/"},{"@type":"ListItem","position":3,"name":"Kaizen"}]},{"@type":"WebSite","@id":"https:\/\/promis.ro\/#website","url":"https:\/\/promis.ro\/","name":"Promis.ro","description":"","potentialAction":[{"@type":"SearchAction","target":{"@type":"EntryPoint","urlTemplate":"https:\/\/promis.ro\/?s={search_term_string}"},"query-input":{"@type":"PropertyValueSpecification","valueRequired":true,"valueName":"search_term_string"}}],"inLanguage":"ro-RO"}]}},"_links":{"self":[{"href":"https:\/\/promis.ro\/ro\/wp-json\/wp\/v2\/product\/93014","targetHints":{"allow":["GET"]}}],"collection":[{"href":"https:\/\/promis.ro\/ro\/wp-json\/wp\/v2\/product"}],"about":[{"href":"https:\/\/promis.ro\/ro\/wp-json\/wp\/v2\/types\/product"}],"replies":[{"embeddable":true,"href":"https:\/\/promis.ro\/ro\/wp-json\/wp\/v2\/comments?post=93014"}],"version-history":[{"count":1,"href":"https:\/\/promis.ro\/ro\/wp-json\/wp\/v2\/product\/93014\/revisions"}],"predecessor-version":[{"id":111695,"href":"https:\/\/promis.ro\/ro\/wp-json\/wp\/v2\/product\/93014\/revisions\/111695"}],"wp:featuredmedia":[{"embeddable":true,"href":"https:\/\/promis.ro\/ro\/wp-json\/wp\/v2\/media\/134151"}],"wp:attachment":[{"href":"https:\/\/promis.ro\/ro\/wp-json\/wp\/v2\/media?parent=93014"}],"wp:term":[{"taxonomy":"product_brand","embeddable":true,"href":"https:\/\/promis.ro\/ro\/wp-json\/wp\/v2\/product_brand?post=93014"},{"taxonomy":"product_cat","embeddable":true,"href":"https:\/\/promis.ro\/ro\/wp-json\/wp\/v2\/product_cat?post=93014"},{"taxonomy":"product_tag","embeddable":true,"href":"https:\/\/promis.ro\/ro\/wp-json\/wp\/v2\/product_tag?post=93014"}],"curies":[{"name":"wp","href":"https:\/\/api.w.org\/{rel}","templated":true}]}}