{"id":93015,"date":"2025-11-04T23:02:19","date_gmt":"2025-11-04T23:02:19","guid":{"rendered":"https:\/\/promis.ro\/product\/joper\/"},"modified":"2025-11-11T16:37:53","modified_gmt":"2025-11-11T16:37:53","slug":"joper","status":"publish","type":"product","link":"https:\/\/promis.ro\/ro\/produs\/joper\/","title":{"rendered":"Joper"},"content":{"rendered":"<pre>\nBreloc din bambus cu tor\u021b\u0103. Cu 1 LED, alimentat de o baterie buton (inclus\u0103), \u0219i prezentat \u00eentr-o cutie de design kraft. Materiale precum bambusul \u00eencurajeaz\u0103 utilizarea materiilor prime naturale, reduc\u00e2nd emisiile de poluan\u021bi. \u00cen plus, bambusul provine dintr-o plant\u0103 foarte rezistent\u0103 \u0219i versatil\u0103, cu o cre\u0219tere \u0219i regenerare rapid\u0103, f\u0103c\u00e2ndu-l o alternativ\u0103 excelent\u0103 la lemnul tradi\u021bional.\n<\/pre>","protected":false},"excerpt":{"rendered":"<p>Breloc din bambus cu tor\u021b\u0103. Cu 1 LED, alimentat de o baterie buton (inclus\u0103), \u0219i prezentat \u00eentr-o cutie de design<\/p>","protected":false},"featured_media":134154,"comment_status":"open","ping_status":"closed","template":"","meta":[],"product_brand":[],"product_cat":[180],"product_tag":[],"class_list":{"0":"post-93015","1":"product","2":"type-product","3":"status-publish","4":"has-post-thumbnail","6":"product_cat-cadouri-si-prime","8":"first","9":"instock","10":"shipping-taxable","11":"purchasable","12":"product-type-simple"},"yoast_head":"<!-- This site is optimized with the Yoast SEO plugin v27.4 - https:\/\/yoast.com\/product\/yoast-seo-wordpress\/ -->\n<title>Joper - Promis.ro<\/title>\n<meta name=\"description\" content=\"Breloc din bambus cu tor\u021b\u0103. Cu 1 LED, alimentat de o baterie buton (inclus\u0103), \u0219i prezentat \u00eentr-o cutie de design kraft. Materiale precum bambusul\" \/>\n<meta name=\"robots\" content=\"index, follow, max-snippet:-1, max-image-preview:large, max-video-preview:-1\" \/>\n<link rel=\"canonical\" href=\"https:\/\/promis.ro\/ro\/produs\/joper\/\" \/>\n<meta property=\"og:locale\" content=\"ro_RO\" \/>\n<meta property=\"og:type\" content=\"article\" \/>\n<meta property=\"og:title\" content=\"Joper - Promis.ro\" \/>\n<meta property=\"og:description\" content=\"Breloc din bambus cu tor\u021b\u0103. Cu 1 LED, alimentat de o baterie buton (inclus\u0103), \u0219i prezentat \u00eentr-o cutie de design kraft. Materiale precum bambusul\" \/>\n<meta property=\"og:url\" content=\"https:\/\/promis.ro\/ro\/produs\/joper\/\" \/>\n<meta property=\"og:site_name\" content=\"Promis.ro\" \/>\n<meta property=\"article:modified_time\" content=\"2025-11-11T16:37:53+00:00\" \/>\n<meta property=\"og:image\" content=\"https:\/\/promis.ro\/wp-content\/uploads\/2025\/11\/21001-W-1.jpg\" \/>\n\t<meta property=\"og:image:width\" content=\"1080\" \/>\n\t<meta property=\"og:image:height\" content=\"1080\" \/>\n\t<meta property=\"og:image:type\" content=\"image\/jpeg\" \/>\n<meta name=\"twitter:card\" content=\"summary_large_image\" \/>\n<script type=\"application\/ld+json\" class=\"yoast-schema-graph\">{\"@context\":\"https:\\\/\\\/schema.org\",\"@graph\":[{\"@type\":\"WebPage\",\"@id\":\"https:\\\/\\\/promis.ro\\\/product\\\/joper\\\/\",\"url\":\"https:\\\/\\\/promis.ro\\\/product\\\/joper\\\/\",\"name\":\"Joper - Promis.ro\",\"isPartOf\":{\"@id\":\"https:\\\/\\\/promis.ro\\\/#website\"},\"primaryImageOfPage\":{\"@id\":\"https:\\\/\\\/promis.ro\\\/product\\\/joper\\\/#primaryimage\"},\"image\":{\"@id\":\"https:\\\/\\\/promis.ro\\\/product\\\/joper\\\/#primaryimage\"},\"thumbnailUrl\":\"https:\\\/\\\/promis.ro\\\/wp-content\\\/uploads\\\/2025\\\/11\\\/21001-W-1.jpg\",\"datePublished\":\"2025-11-04T23:02:19+00:00\",\"dateModified\":\"2025-11-11T16:37:53+00:00\",\"description\":\"Breloc din bambus cu tor\u021b\u0103. Cu 1 LED, alimentat de o baterie buton (inclus\u0103), \u0219i prezentat \u00eentr-o cutie de design kraft. Materiale precum bambusul\",\"breadcrumb\":{\"@id\":\"https:\\\/\\\/promis.ro\\\/product\\\/joper\\\/#breadcrumb\"},\"inLanguage\":\"ro-RO\",\"potentialAction\":[{\"@type\":\"ReadAction\",\"target\":[\"https:\\\/\\\/promis.ro\\\/product\\\/joper\\\/\"]}]},{\"@type\":\"ImageObject\",\"inLanguage\":\"ro-RO\",\"@id\":\"https:\\\/\\\/promis.ro\\\/product\\\/joper\\\/#primaryimage\",\"url\":\"https:\\\/\\\/promis.ro\\\/wp-content\\\/uploads\\\/2025\\\/11\\\/21001-W-1.jpg\",\"contentUrl\":\"https:\\\/\\\/promis.ro\\\/wp-content\\\/uploads\\\/2025\\\/11\\\/21001-W-1.jpg\",\"width\":1080,\"height\":1080},{\"@type\":\"BreadcrumbList\",\"@id\":\"https:\\\/\\\/promis.ro\\\/product\\\/joper\\\/#breadcrumb\",\"itemListElement\":[{\"@type\":\"ListItem\",\"position\":1,\"name\":\"Home\",\"item\":\"https:\\\/\\\/promis.ro\\\/\"},{\"@type\":\"ListItem\",\"position\":2,\"name\":\"Magazin\",\"item\":\"https:\\\/\\\/promis.ro\\\/magazin\\\/\"},{\"@type\":\"ListItem\",\"position\":3,\"name\":\"Joper\"}]},{\"@type\":\"WebSite\",\"@id\":\"https:\\\/\\\/promis.ro\\\/#website\",\"url\":\"https:\\\/\\\/promis.ro\\\/\",\"name\":\"Promis.ro\",\"description\":\"\",\"potentialAction\":[{\"@type\":\"SearchAction\",\"target\":{\"@type\":\"EntryPoint\",\"urlTemplate\":\"https:\\\/\\\/promis.ro\\\/?s={search_term_string}\"},\"query-input\":{\"@type\":\"PropertyValueSpecification\",\"valueRequired\":true,\"valueName\":\"search_term_string\"}}],\"inLanguage\":\"ro-RO\"}]}<\/script>\n<!-- \/ Yoast SEO plugin. -->","yoast_head_json":{"title":"Joper - Promis.ro","description":"Breloc din bambus cu tor\u021b\u0103. Cu 1 LED, alimentat de o baterie buton (inclus\u0103), \u0219i prezentat \u00eentr-o cutie de design kraft. Materiale precum bambusul","robots":{"index":"index","follow":"follow","max-snippet":"max-snippet:-1","max-image-preview":"max-image-preview:large","max-video-preview":"max-video-preview:-1"},"canonical":"https:\/\/promis.ro\/ro\/produs\/joper\/","og_locale":"ro_RO","og_type":"article","og_title":"Joper - Promis.ro","og_description":"Breloc din bambus cu tor\u021b\u0103. Cu 1 LED, alimentat de o baterie buton (inclus\u0103), \u0219i prezentat \u00eentr-o cutie de design kraft. Materiale precum bambusul","og_url":"https:\/\/promis.ro\/ro\/produs\/joper\/","og_site_name":"Promis.ro","article_modified_time":"2025-11-11T16:37:53+00:00","og_image":[{"width":1080,"height":1080,"url":"https:\/\/promis.ro\/wp-content\/uploads\/2025\/11\/21001-W-1.jpg","type":"image\/jpeg"}],"twitter_card":"summary_large_image","schema":{"@context":"https:\/\/schema.org","@graph":[{"@type":"WebPage","@id":"https:\/\/promis.ro\/product\/joper\/","url":"https:\/\/promis.ro\/product\/joper\/","name":"Joper - Promis.ro","isPartOf":{"@id":"https:\/\/promis.ro\/#website"},"primaryImageOfPage":{"@id":"https:\/\/promis.ro\/product\/joper\/#primaryimage"},"image":{"@id":"https:\/\/promis.ro\/product\/joper\/#primaryimage"},"thumbnailUrl":"https:\/\/promis.ro\/wp-content\/uploads\/2025\/11\/21001-W-1.jpg","datePublished":"2025-11-04T23:02:19+00:00","dateModified":"2025-11-11T16:37:53+00:00","description":"Breloc din bambus cu tor\u021b\u0103. Cu 1 LED, alimentat de o baterie buton (inclus\u0103), \u0219i prezentat \u00eentr-o cutie de design kraft. Materiale precum bambusul","breadcrumb":{"@id":"https:\/\/promis.ro\/product\/joper\/#breadcrumb"},"inLanguage":"ro-RO","potentialAction":[{"@type":"ReadAction","target":["https:\/\/promis.ro\/product\/joper\/"]}]},{"@type":"ImageObject","inLanguage":"ro-RO","@id":"https:\/\/promis.ro\/product\/joper\/#primaryimage","url":"https:\/\/promis.ro\/wp-content\/uploads\/2025\/11\/21001-W-1.jpg","contentUrl":"https:\/\/promis.ro\/wp-content\/uploads\/2025\/11\/21001-W-1.jpg","width":1080,"height":1080},{"@type":"BreadcrumbList","@id":"https:\/\/promis.ro\/product\/joper\/#breadcrumb","itemListElement":[{"@type":"ListItem","position":1,"name":"Home","item":"https:\/\/promis.ro\/"},{"@type":"ListItem","position":2,"name":"Magazin","item":"https:\/\/promis.ro\/magazin\/"},{"@type":"ListItem","position":3,"name":"Joper"}]},{"@type":"WebSite","@id":"https:\/\/promis.ro\/#website","url":"https:\/\/promis.ro\/","name":"Promis.ro","description":"","potentialAction":[{"@type":"SearchAction","target":{"@type":"EntryPoint","urlTemplate":"https:\/\/promis.ro\/?s={search_term_string}"},"query-input":{"@type":"PropertyValueSpecification","valueRequired":true,"valueName":"search_term_string"}}],"inLanguage":"ro-RO"}]}},"_links":{"self":[{"href":"https:\/\/promis.ro\/ro\/wp-json\/wp\/v2\/product\/93015","targetHints":{"allow":["GET"]}}],"collection":[{"href":"https:\/\/promis.ro\/ro\/wp-json\/wp\/v2\/product"}],"about":[{"href":"https:\/\/promis.ro\/ro\/wp-json\/wp\/v2\/types\/product"}],"replies":[{"embeddable":true,"href":"https:\/\/promis.ro\/ro\/wp-json\/wp\/v2\/comments?post=93015"}],"version-history":[{"count":1,"href":"https:\/\/promis.ro\/ro\/wp-json\/wp\/v2\/product\/93015\/revisions"}],"predecessor-version":[{"id":111684,"href":"https:\/\/promis.ro\/ro\/wp-json\/wp\/v2\/product\/93015\/revisions\/111684"}],"wp:featuredmedia":[{"embeddable":true,"href":"https:\/\/promis.ro\/ro\/wp-json\/wp\/v2\/media\/134154"}],"wp:attachment":[{"href":"https:\/\/promis.ro\/ro\/wp-json\/wp\/v2\/media?parent=93015"}],"wp:term":[{"taxonomy":"product_brand","embeddable":true,"href":"https:\/\/promis.ro\/ro\/wp-json\/wp\/v2\/product_brand?post=93015"},{"taxonomy":"product_cat","embeddable":true,"href":"https:\/\/promis.ro\/ro\/wp-json\/wp\/v2\/product_cat?post=93015"},{"taxonomy":"product_tag","embeddable":true,"href":"https:\/\/promis.ro\/ro\/wp-json\/wp\/v2\/product_tag?post=93015"}],"curies":[{"name":"wp","href":"https:\/\/api.w.org\/{rel}","templated":true}]}}