{"id":93025,"date":"2025-11-04T23:02:23","date_gmt":"2025-11-04T23:02:23","guid":{"rendered":"https:\/\/promis.ro\/product\/lexi\/"},"modified":"2025-11-11T16:43:27","modified_gmt":"2025-11-11T16:43:27","slug":"lexi","status":"publish","type":"product","link":"https:\/\/promis.ro\/ro\/produs\/lexi\/","title":{"rendered":"Lexi"},"content":{"rendered":"<p>Pix multifunctional practic fabricat din aluminiu. Cu 5 func\u021bii diferite: pix, rigl\u0103, indicator \u0219i \u0219urubelni\u021b\u0103 plat\u0103\/philips. Disponibil \u00eentr-o gam\u0103 larg\u0103 de culori \u0219i prezentat \u00eentr-un sac reciclabil individual.<\/p>","protected":false},"excerpt":{"rendered":"<p>Pix multifunctional practic fabricat din aluminiu. Cu 5 func\u021bii diferite: pix, rigl\u0103, indicator \u0219i \u0219urubelni\u021b\u0103 plat\u0103\/philips. Disponibil \u00eentr-o gam\u0103 larg\u0103<\/p>","protected":false},"featured_media":134186,"comment_status":"open","ping_status":"closed","template":"","meta":[],"product_brand":[],"product_cat":[184],"product_tag":[],"class_list":{"0":"post-93025","1":"product","2":"type-product","3":"status-publish","4":"has-post-thumbnail","6":"product_cat-unelte-pentru-bricolaj-si-masini","8":"first","9":"instock","10":"shipping-taxable","11":"purchasable","12":"product-type-variable"},"yoast_head":"<!-- This site is optimized with the Yoast SEO plugin v27.4 - https:\/\/yoast.com\/product\/yoast-seo-wordpress\/ -->\n<title>Lexi - Promis.ro<\/title>\n<meta name=\"description\" content=\"Pix multifunctional practic fabricat din aluminiu. Cu 5 func\u021bii diferite: pix, rigl\u0103, indicator \u0219i \u0219urubelni\u021b\u0103 plat\u0103\/philips. Disponibil \u00eentr-o gam\u0103 larg\u0103\" \/>\n<meta name=\"robots\" content=\"index, follow, max-snippet:-1, max-image-preview:large, max-video-preview:-1\" \/>\n<link rel=\"canonical\" href=\"https:\/\/promis.ro\/ro\/produs\/lexi\/\" \/>\n<meta property=\"og:locale\" content=\"ro_RO\" \/>\n<meta property=\"og:type\" content=\"article\" \/>\n<meta property=\"og:title\" content=\"Lexi - Promis.ro\" \/>\n<meta property=\"og:description\" content=\"Pix multifunctional practic fabricat din aluminiu. Cu 5 func\u021bii diferite: pix, rigl\u0103, indicator \u0219i \u0219urubelni\u021b\u0103 plat\u0103\/philips. Disponibil \u00eentr-o gam\u0103 larg\u0103\" \/>\n<meta property=\"og:url\" content=\"https:\/\/promis.ro\/ro\/produs\/lexi\/\" \/>\n<meta property=\"og:site_name\" content=\"Promis.ro\" \/>\n<meta property=\"article:modified_time\" content=\"2025-11-11T16:43:27+00:00\" \/>\n<meta property=\"og:image\" content=\"https:\/\/promis.ro\/wp-content\/uploads\/2025\/11\/21011-W-1.jpg\" \/>\n\t<meta property=\"og:image:width\" content=\"1080\" \/>\n\t<meta property=\"og:image:height\" content=\"1080\" \/>\n\t<meta property=\"og:image:type\" content=\"image\/jpeg\" \/>\n<meta name=\"twitter:card\" content=\"summary_large_image\" \/>\n<script type=\"application\/ld+json\" class=\"yoast-schema-graph\">{\"@context\":\"https:\\\/\\\/schema.org\",\"@graph\":[{\"@type\":\"WebPage\",\"@id\":\"https:\\\/\\\/promis.ro\\\/product\\\/lexi\\\/\",\"url\":\"https:\\\/\\\/promis.ro\\\/product\\\/lexi\\\/\",\"name\":\"Lexi - Promis.ro\",\"isPartOf\":{\"@id\":\"https:\\\/\\\/promis.ro\\\/#website\"},\"primaryImageOfPage\":{\"@id\":\"https:\\\/\\\/promis.ro\\\/product\\\/lexi\\\/#primaryimage\"},\"image\":{\"@id\":\"https:\\\/\\\/promis.ro\\\/product\\\/lexi\\\/#primaryimage\"},\"thumbnailUrl\":\"https:\\\/\\\/promis.ro\\\/wp-content\\\/uploads\\\/2025\\\/11\\\/21011-W-1.jpg\",\"datePublished\":\"2025-11-04T23:02:23+00:00\",\"dateModified\":\"2025-11-11T16:43:27+00:00\",\"description\":\"Pix multifunctional practic fabricat din aluminiu. Cu 5 func\u021bii diferite: pix, rigl\u0103, indicator \u0219i \u0219urubelni\u021b\u0103 plat\u0103\\\/philips. Disponibil \u00eentr-o gam\u0103 larg\u0103\",\"breadcrumb\":{\"@id\":\"https:\\\/\\\/promis.ro\\\/product\\\/lexi\\\/#breadcrumb\"},\"inLanguage\":\"ro-RO\",\"potentialAction\":[{\"@type\":\"ReadAction\",\"target\":[\"https:\\\/\\\/promis.ro\\\/product\\\/lexi\\\/\"]}]},{\"@type\":\"ImageObject\",\"inLanguage\":\"ro-RO\",\"@id\":\"https:\\\/\\\/promis.ro\\\/product\\\/lexi\\\/#primaryimage\",\"url\":\"https:\\\/\\\/promis.ro\\\/wp-content\\\/uploads\\\/2025\\\/11\\\/21011-W-1.jpg\",\"contentUrl\":\"https:\\\/\\\/promis.ro\\\/wp-content\\\/uploads\\\/2025\\\/11\\\/21011-W-1.jpg\",\"width\":1080,\"height\":1080},{\"@type\":\"BreadcrumbList\",\"@id\":\"https:\\\/\\\/promis.ro\\\/product\\\/lexi\\\/#breadcrumb\",\"itemListElement\":[{\"@type\":\"ListItem\",\"position\":1,\"name\":\"Home\",\"item\":\"https:\\\/\\\/promis.ro\\\/\"},{\"@type\":\"ListItem\",\"position\":2,\"name\":\"Magazin\",\"item\":\"https:\\\/\\\/promis.ro\\\/magazin\\\/\"},{\"@type\":\"ListItem\",\"position\":3,\"name\":\"Lexi\"}]},{\"@type\":\"WebSite\",\"@id\":\"https:\\\/\\\/promis.ro\\\/#website\",\"url\":\"https:\\\/\\\/promis.ro\\\/\",\"name\":\"Promis.ro\",\"description\":\"\",\"potentialAction\":[{\"@type\":\"SearchAction\",\"target\":{\"@type\":\"EntryPoint\",\"urlTemplate\":\"https:\\\/\\\/promis.ro\\\/?s={search_term_string}\"},\"query-input\":{\"@type\":\"PropertyValueSpecification\",\"valueRequired\":true,\"valueName\":\"search_term_string\"}}],\"inLanguage\":\"ro-RO\"}]}<\/script>\n<!-- \/ Yoast SEO plugin. -->","yoast_head_json":{"title":"Lexi - Promis.ro","description":"Pix multifunctional practic fabricat din aluminiu. Cu 5 func\u021bii diferite: pix, rigl\u0103, indicator \u0219i \u0219urubelni\u021b\u0103 plat\u0103\/philips. Disponibil \u00eentr-o gam\u0103 larg\u0103","robots":{"index":"index","follow":"follow","max-snippet":"max-snippet:-1","max-image-preview":"max-image-preview:large","max-video-preview":"max-video-preview:-1"},"canonical":"https:\/\/promis.ro\/ro\/produs\/lexi\/","og_locale":"ro_RO","og_type":"article","og_title":"Lexi - Promis.ro","og_description":"Pix multifunctional practic fabricat din aluminiu. Cu 5 func\u021bii diferite: pix, rigl\u0103, indicator \u0219i \u0219urubelni\u021b\u0103 plat\u0103\/philips. Disponibil \u00eentr-o gam\u0103 larg\u0103","og_url":"https:\/\/promis.ro\/ro\/produs\/lexi\/","og_site_name":"Promis.ro","article_modified_time":"2025-11-11T16:43:27+00:00","og_image":[{"width":1080,"height":1080,"url":"https:\/\/promis.ro\/wp-content\/uploads\/2025\/11\/21011-W-1.jpg","type":"image\/jpeg"}],"twitter_card":"summary_large_image","schema":{"@context":"https:\/\/schema.org","@graph":[{"@type":"WebPage","@id":"https:\/\/promis.ro\/product\/lexi\/","url":"https:\/\/promis.ro\/product\/lexi\/","name":"Lexi - Promis.ro","isPartOf":{"@id":"https:\/\/promis.ro\/#website"},"primaryImageOfPage":{"@id":"https:\/\/promis.ro\/product\/lexi\/#primaryimage"},"image":{"@id":"https:\/\/promis.ro\/product\/lexi\/#primaryimage"},"thumbnailUrl":"https:\/\/promis.ro\/wp-content\/uploads\/2025\/11\/21011-W-1.jpg","datePublished":"2025-11-04T23:02:23+00:00","dateModified":"2025-11-11T16:43:27+00:00","description":"Pix multifunctional practic fabricat din aluminiu. Cu 5 func\u021bii diferite: pix, rigl\u0103, indicator \u0219i \u0219urubelni\u021b\u0103 plat\u0103\/philips. Disponibil \u00eentr-o gam\u0103 larg\u0103","breadcrumb":{"@id":"https:\/\/promis.ro\/product\/lexi\/#breadcrumb"},"inLanguage":"ro-RO","potentialAction":[{"@type":"ReadAction","target":["https:\/\/promis.ro\/product\/lexi\/"]}]},{"@type":"ImageObject","inLanguage":"ro-RO","@id":"https:\/\/promis.ro\/product\/lexi\/#primaryimage","url":"https:\/\/promis.ro\/wp-content\/uploads\/2025\/11\/21011-W-1.jpg","contentUrl":"https:\/\/promis.ro\/wp-content\/uploads\/2025\/11\/21011-W-1.jpg","width":1080,"height":1080},{"@type":"BreadcrumbList","@id":"https:\/\/promis.ro\/product\/lexi\/#breadcrumb","itemListElement":[{"@type":"ListItem","position":1,"name":"Home","item":"https:\/\/promis.ro\/"},{"@type":"ListItem","position":2,"name":"Magazin","item":"https:\/\/promis.ro\/magazin\/"},{"@type":"ListItem","position":3,"name":"Lexi"}]},{"@type":"WebSite","@id":"https:\/\/promis.ro\/#website","url":"https:\/\/promis.ro\/","name":"Promis.ro","description":"","potentialAction":[{"@type":"SearchAction","target":{"@type":"EntryPoint","urlTemplate":"https:\/\/promis.ro\/?s={search_term_string}"},"query-input":{"@type":"PropertyValueSpecification","valueRequired":true,"valueName":"search_term_string"}}],"inLanguage":"ro-RO"}]}},"_links":{"self":[{"href":"https:\/\/promis.ro\/ro\/wp-json\/wp\/v2\/product\/93025","targetHints":{"allow":["GET"]}}],"collection":[{"href":"https:\/\/promis.ro\/ro\/wp-json\/wp\/v2\/product"}],"about":[{"href":"https:\/\/promis.ro\/ro\/wp-json\/wp\/v2\/types\/product"}],"replies":[{"embeddable":true,"href":"https:\/\/promis.ro\/ro\/wp-json\/wp\/v2\/comments?post=93025"}],"version-history":[{"count":1,"href":"https:\/\/promis.ro\/ro\/wp-json\/wp\/v2\/product\/93025\/revisions"}],"predecessor-version":[{"id":111677,"href":"https:\/\/promis.ro\/ro\/wp-json\/wp\/v2\/product\/93025\/revisions\/111677"}],"wp:featuredmedia":[{"embeddable":true,"href":"https:\/\/promis.ro\/ro\/wp-json\/wp\/v2\/media\/134186"}],"wp:attachment":[{"href":"https:\/\/promis.ro\/ro\/wp-json\/wp\/v2\/media?parent=93025"}],"wp:term":[{"taxonomy":"product_brand","embeddable":true,"href":"https:\/\/promis.ro\/ro\/wp-json\/wp\/v2\/product_brand?post=93025"},{"taxonomy":"product_cat","embeddable":true,"href":"https:\/\/promis.ro\/ro\/wp-json\/wp\/v2\/product_cat?post=93025"},{"taxonomy":"product_tag","embeddable":true,"href":"https:\/\/promis.ro\/ro\/wp-json\/wp\/v2\/product_tag?post=93025"}],"curies":[{"name":"wp","href":"https:\/\/api.w.org\/{rel}","templated":true}]}}