{"id":93028,"date":"2025-11-04T23:02:24","date_gmt":"2025-11-04T23:02:24","guid":{"rendered":"https:\/\/promis.ro\/product\/grotex\/"},"modified":"2025-11-11T16:38:39","modified_gmt":"2025-11-11T16:38:39","slug":"grotex","status":"publish","type":"product","link":"https:\/\/promis.ro\/ro\/produs\/grotex\/","title":{"rendered":"Grotex"},"content":{"rendered":"<p>Camer\u0103 de securitate Smart HD 360\u00b0 cu suport de perete \u0219i bracket. Control \u0219i vizualizare de la distan\u021b\u0103, conexiune wifi, sistem de notificare push, captur\u0103 video \u0219i audio \u00een timp real, camer\u0103 foto, difuzor, detector de mi\u0219care cu viziune nocturn\u0103 \u0219i alarm\u0103. Sistem de configurare simplu, cu alimentare AC 220V-240V. Prezentat\u0103 \u00eentr-o cutie de design atractiv, cu manual de instruc\u021biuni \u00een spaniol\u0103 \u0219i englez\u0103.<\/p>","protected":false},"excerpt":{"rendered":"<p>Camer\u0103 de securitate Smart HD 360\u00b0 cu suport de perete \u0219i bracket. Control \u0219i vizualizare de la distan\u021b\u0103, conexiune wifi,<\/p>","protected":false},"featured_media":134196,"comment_status":"open","ping_status":"closed","template":"","meta":[],"product_brand":[],"product_cat":[170],"product_tag":[],"class_list":{"0":"post-93028","1":"product","2":"type-product","3":"status-publish","4":"has-post-thumbnail","6":"product_cat-tehnologie-si-accesorii","8":"first","9":"instock","10":"shipping-taxable","11":"purchasable","12":"product-type-simple"},"yoast_head":"<!-- This site is optimized with the Yoast SEO plugin v27.4 - https:\/\/yoast.com\/product\/yoast-seo-wordpress\/ -->\n<title>Grotex - Promis.ro<\/title>\n<meta name=\"description\" content=\"Camer\u0103 de securitate Smart HD 360\u00b0 cu suport de perete \u0219i bracket. Control \u0219i vizualizare de la distan\u021b\u0103, conexiune wifi, sistem de notificare push,\" \/>\n<meta name=\"robots\" content=\"index, follow, max-snippet:-1, max-image-preview:large, max-video-preview:-1\" \/>\n<link rel=\"canonical\" href=\"https:\/\/promis.ro\/ro\/produs\/grotex\/\" \/>\n<meta property=\"og:locale\" content=\"ro_RO\" \/>\n<meta property=\"og:type\" content=\"article\" \/>\n<meta property=\"og:title\" content=\"Grotex - Promis.ro\" \/>\n<meta property=\"og:description\" content=\"Camer\u0103 de securitate Smart HD 360\u00b0 cu suport de perete \u0219i bracket. Control \u0219i vizualizare de la distan\u021b\u0103, conexiune wifi, sistem de notificare push,\" \/>\n<meta property=\"og:url\" content=\"https:\/\/promis.ro\/ro\/produs\/grotex\/\" \/>\n<meta property=\"og:site_name\" content=\"Promis.ro\" \/>\n<meta property=\"article:modified_time\" content=\"2025-11-11T16:38:39+00:00\" \/>\n<meta property=\"og:image\" content=\"https:\/\/promis.ro\/wp-content\/uploads\/2025\/11\/21014-W-1.jpg\" \/>\n\t<meta property=\"og:image:width\" content=\"1080\" \/>\n\t<meta property=\"og:image:height\" content=\"1080\" \/>\n\t<meta property=\"og:image:type\" content=\"image\/jpeg\" \/>\n<meta name=\"twitter:card\" content=\"summary_large_image\" \/>\n<script type=\"application\/ld+json\" class=\"yoast-schema-graph\">{\"@context\":\"https:\\\/\\\/schema.org\",\"@graph\":[{\"@type\":\"WebPage\",\"@id\":\"https:\\\/\\\/promis.ro\\\/product\\\/grotex\\\/\",\"url\":\"https:\\\/\\\/promis.ro\\\/product\\\/grotex\\\/\",\"name\":\"Grotex - Promis.ro\",\"isPartOf\":{\"@id\":\"https:\\\/\\\/promis.ro\\\/#website\"},\"primaryImageOfPage\":{\"@id\":\"https:\\\/\\\/promis.ro\\\/product\\\/grotex\\\/#primaryimage\"},\"image\":{\"@id\":\"https:\\\/\\\/promis.ro\\\/product\\\/grotex\\\/#primaryimage\"},\"thumbnailUrl\":\"https:\\\/\\\/promis.ro\\\/wp-content\\\/uploads\\\/2025\\\/11\\\/21014-W-1.jpg\",\"datePublished\":\"2025-11-04T23:02:24+00:00\",\"dateModified\":\"2025-11-11T16:38:39+00:00\",\"description\":\"Camer\u0103 de securitate Smart HD 360\u00b0 cu suport de perete \u0219i bracket. Control \u0219i vizualizare de la distan\u021b\u0103, conexiune wifi, sistem de notificare push,\",\"breadcrumb\":{\"@id\":\"https:\\\/\\\/promis.ro\\\/product\\\/grotex\\\/#breadcrumb\"},\"inLanguage\":\"ro-RO\",\"potentialAction\":[{\"@type\":\"ReadAction\",\"target\":[\"https:\\\/\\\/promis.ro\\\/product\\\/grotex\\\/\"]}]},{\"@type\":\"ImageObject\",\"inLanguage\":\"ro-RO\",\"@id\":\"https:\\\/\\\/promis.ro\\\/product\\\/grotex\\\/#primaryimage\",\"url\":\"https:\\\/\\\/promis.ro\\\/wp-content\\\/uploads\\\/2025\\\/11\\\/21014-W-1.jpg\",\"contentUrl\":\"https:\\\/\\\/promis.ro\\\/wp-content\\\/uploads\\\/2025\\\/11\\\/21014-W-1.jpg\",\"width\":1080,\"height\":1080},{\"@type\":\"BreadcrumbList\",\"@id\":\"https:\\\/\\\/promis.ro\\\/product\\\/grotex\\\/#breadcrumb\",\"itemListElement\":[{\"@type\":\"ListItem\",\"position\":1,\"name\":\"Home\",\"item\":\"https:\\\/\\\/promis.ro\\\/\"},{\"@type\":\"ListItem\",\"position\":2,\"name\":\"Magazin\",\"item\":\"https:\\\/\\\/promis.ro\\\/magazin\\\/\"},{\"@type\":\"ListItem\",\"position\":3,\"name\":\"Grotex\"}]},{\"@type\":\"WebSite\",\"@id\":\"https:\\\/\\\/promis.ro\\\/#website\",\"url\":\"https:\\\/\\\/promis.ro\\\/\",\"name\":\"Promis.ro\",\"description\":\"\",\"potentialAction\":[{\"@type\":\"SearchAction\",\"target\":{\"@type\":\"EntryPoint\",\"urlTemplate\":\"https:\\\/\\\/promis.ro\\\/?s={search_term_string}\"},\"query-input\":{\"@type\":\"PropertyValueSpecification\",\"valueRequired\":true,\"valueName\":\"search_term_string\"}}],\"inLanguage\":\"ro-RO\"}]}<\/script>\n<!-- \/ Yoast SEO plugin. -->","yoast_head_json":{"title":"Grotex - Promis.ro","description":"Camer\u0103 de securitate Smart HD 360\u00b0 cu suport de perete \u0219i bracket. Control \u0219i vizualizare de la distan\u021b\u0103, conexiune wifi, sistem de notificare push,","robots":{"index":"index","follow":"follow","max-snippet":"max-snippet:-1","max-image-preview":"max-image-preview:large","max-video-preview":"max-video-preview:-1"},"canonical":"https:\/\/promis.ro\/ro\/produs\/grotex\/","og_locale":"ro_RO","og_type":"article","og_title":"Grotex - Promis.ro","og_description":"Camer\u0103 de securitate Smart HD 360\u00b0 cu suport de perete \u0219i bracket. Control \u0219i vizualizare de la distan\u021b\u0103, conexiune wifi, sistem de notificare push,","og_url":"https:\/\/promis.ro\/ro\/produs\/grotex\/","og_site_name":"Promis.ro","article_modified_time":"2025-11-11T16:38:39+00:00","og_image":[{"width":1080,"height":1080,"url":"https:\/\/promis.ro\/wp-content\/uploads\/2025\/11\/21014-W-1.jpg","type":"image\/jpeg"}],"twitter_card":"summary_large_image","schema":{"@context":"https:\/\/schema.org","@graph":[{"@type":"WebPage","@id":"https:\/\/promis.ro\/product\/grotex\/","url":"https:\/\/promis.ro\/product\/grotex\/","name":"Grotex - Promis.ro","isPartOf":{"@id":"https:\/\/promis.ro\/#website"},"primaryImageOfPage":{"@id":"https:\/\/promis.ro\/product\/grotex\/#primaryimage"},"image":{"@id":"https:\/\/promis.ro\/product\/grotex\/#primaryimage"},"thumbnailUrl":"https:\/\/promis.ro\/wp-content\/uploads\/2025\/11\/21014-W-1.jpg","datePublished":"2025-11-04T23:02:24+00:00","dateModified":"2025-11-11T16:38:39+00:00","description":"Camer\u0103 de securitate Smart HD 360\u00b0 cu suport de perete \u0219i bracket. Control \u0219i vizualizare de la distan\u021b\u0103, conexiune wifi, sistem de notificare push,","breadcrumb":{"@id":"https:\/\/promis.ro\/product\/grotex\/#breadcrumb"},"inLanguage":"ro-RO","potentialAction":[{"@type":"ReadAction","target":["https:\/\/promis.ro\/product\/grotex\/"]}]},{"@type":"ImageObject","inLanguage":"ro-RO","@id":"https:\/\/promis.ro\/product\/grotex\/#primaryimage","url":"https:\/\/promis.ro\/wp-content\/uploads\/2025\/11\/21014-W-1.jpg","contentUrl":"https:\/\/promis.ro\/wp-content\/uploads\/2025\/11\/21014-W-1.jpg","width":1080,"height":1080},{"@type":"BreadcrumbList","@id":"https:\/\/promis.ro\/product\/grotex\/#breadcrumb","itemListElement":[{"@type":"ListItem","position":1,"name":"Home","item":"https:\/\/promis.ro\/"},{"@type":"ListItem","position":2,"name":"Magazin","item":"https:\/\/promis.ro\/magazin\/"},{"@type":"ListItem","position":3,"name":"Grotex"}]},{"@type":"WebSite","@id":"https:\/\/promis.ro\/#website","url":"https:\/\/promis.ro\/","name":"Promis.ro","description":"","potentialAction":[{"@type":"SearchAction","target":{"@type":"EntryPoint","urlTemplate":"https:\/\/promis.ro\/?s={search_term_string}"},"query-input":{"@type":"PropertyValueSpecification","valueRequired":true,"valueName":"search_term_string"}}],"inLanguage":"ro-RO"}]}},"_links":{"self":[{"href":"https:\/\/promis.ro\/ro\/wp-json\/wp\/v2\/product\/93028","targetHints":{"allow":["GET"]}}],"collection":[{"href":"https:\/\/promis.ro\/ro\/wp-json\/wp\/v2\/product"}],"about":[{"href":"https:\/\/promis.ro\/ro\/wp-json\/wp\/v2\/types\/product"}],"replies":[{"embeddable":true,"href":"https:\/\/promis.ro\/ro\/wp-json\/wp\/v2\/comments?post=93028"}],"version-history":[{"count":1,"href":"https:\/\/promis.ro\/ro\/wp-json\/wp\/v2\/product\/93028\/revisions"}],"predecessor-version":[{"id":111693,"href":"https:\/\/promis.ro\/ro\/wp-json\/wp\/v2\/product\/93028\/revisions\/111693"}],"wp:featuredmedia":[{"embeddable":true,"href":"https:\/\/promis.ro\/ro\/wp-json\/wp\/v2\/media\/134196"}],"wp:attachment":[{"href":"https:\/\/promis.ro\/ro\/wp-json\/wp\/v2\/media?parent=93028"}],"wp:term":[{"taxonomy":"product_brand","embeddable":true,"href":"https:\/\/promis.ro\/ro\/wp-json\/wp\/v2\/product_brand?post=93028"},{"taxonomy":"product_cat","embeddable":true,"href":"https:\/\/promis.ro\/ro\/wp-json\/wp\/v2\/product_cat?post=93028"},{"taxonomy":"product_tag","embeddable":true,"href":"https:\/\/promis.ro\/ro\/wp-json\/wp\/v2\/product_tag?post=93028"}],"curies":[{"name":"wp","href":"https:\/\/api.w.org\/{rel}","templated":true}]}}