{"id":93031,"date":"2025-11-04T23:02:25","date_gmt":"2025-11-04T23:02:25","guid":{"rendered":"https:\/\/promis.ro\/product\/picty\/"},"modified":"2025-11-11T16:38:51","modified_gmt":"2025-11-11T16:38:51","slug":"picty","status":"publish","type":"product","link":"https:\/\/promis.ro\/ro\/produs\/picty\/","title":{"rendered":"Picty"},"content":{"rendered":"<p>Cadru foto digital de 10,1 inci. Cu ecran tactil IPS de \u00eenalt\u0103 rezolu\u021bie 1280&#215;800 pixeli, conectivitate WiFi \u0219i dotat cu func\u021bii inteligente precum afi\u0219ajul vremii, alarm\u0103 \u0219i ceas. De asemenea, \u00eencorporeaz\u0103 un meniu pentru a explora o lume de posibilit\u0103\u021bi \u00een timp ce viziona\u021bi videoclipuri, naviga\u021bi prin fotografii \u0219i asculta\u021bi muzic\u0103, cu op\u021biune de vizionare orizontal\u0103 \u0219i vertical\u0103. Cu suport posterior \u0219i sloturi pentru montare pe perete. Alimentare AC 220V-240V, cu \u00eenc\u0103rc\u0103tor inclus. Prezentat \u00eentr-o cutie cu design kraft \u0219i cu manual de instruc\u021biuni disponibil \u00een englez\u0103 \u0219i spaniol\u0103.<\/p>","protected":false},"excerpt":{"rendered":"<p>Cadru foto digital de 10,1 inci. Cu ecran tactil IPS de \u00eenalt\u0103 rezolu\u021bie 1280&#215;800 pixeli, conectivitate WiFi \u0219i dotat cu<\/p>","protected":false},"featured_media":134204,"comment_status":"open","ping_status":"closed","template":"","meta":[],"product_brand":[],"product_cat":[170],"product_tag":[],"class_list":{"0":"post-93031","1":"product","2":"type-product","3":"status-publish","4":"has-post-thumbnail","6":"product_cat-tehnologie-si-accesorii","8":"first","9":"instock","10":"shipping-taxable","11":"purchasable","12":"product-type-simple"},"yoast_head":"<!-- This site is optimized with the Yoast SEO plugin v27.4 - https:\/\/yoast.com\/product\/yoast-seo-wordpress\/ -->\n<title>Picty - Promis.ro<\/title>\n<meta name=\"description\" content=\"Cadru foto digital de 10,1 inci. Cu ecran tactil IPS de \u00eenalt\u0103 rezolu\u021bie 1280x800 pixeli, conectivitate WiFi \u0219i dotat cu func\u021bii inteligente precum\" \/>\n<meta name=\"robots\" content=\"index, follow, max-snippet:-1, max-image-preview:large, max-video-preview:-1\" \/>\n<link rel=\"canonical\" href=\"https:\/\/promis.ro\/ro\/produs\/picty\/\" \/>\n<meta property=\"og:locale\" content=\"ro_RO\" \/>\n<meta property=\"og:type\" content=\"article\" \/>\n<meta property=\"og:title\" content=\"Picty - Promis.ro\" \/>\n<meta property=\"og:description\" content=\"Cadru foto digital de 10,1 inci. Cu ecran tactil IPS de \u00eenalt\u0103 rezolu\u021bie 1280x800 pixeli, conectivitate WiFi \u0219i dotat cu func\u021bii inteligente precum\" \/>\n<meta property=\"og:url\" content=\"https:\/\/promis.ro\/ro\/produs\/picty\/\" \/>\n<meta property=\"og:site_name\" content=\"Promis.ro\" \/>\n<meta property=\"article:modified_time\" content=\"2025-11-11T16:38:51+00:00\" \/>\n<meta property=\"og:image\" content=\"https:\/\/promis.ro\/wp-content\/uploads\/2025\/11\/21017-W-1.jpg\" \/>\n\t<meta property=\"og:image:width\" content=\"1080\" \/>\n\t<meta property=\"og:image:height\" content=\"1080\" \/>\n\t<meta property=\"og:image:type\" content=\"image\/jpeg\" \/>\n<meta name=\"twitter:card\" content=\"summary_large_image\" \/>\n<meta name=\"twitter:label1\" content=\"Timp estimat pentru citire\" \/>\n\t<meta name=\"twitter:data1\" content=\"1 minut\" \/>\n<script type=\"application\/ld+json\" class=\"yoast-schema-graph\">{\"@context\":\"https:\\\/\\\/schema.org\",\"@graph\":[{\"@type\":\"WebPage\",\"@id\":\"https:\\\/\\\/promis.ro\\\/product\\\/picty\\\/\",\"url\":\"https:\\\/\\\/promis.ro\\\/product\\\/picty\\\/\",\"name\":\"Picty - Promis.ro\",\"isPartOf\":{\"@id\":\"https:\\\/\\\/promis.ro\\\/#website\"},\"primaryImageOfPage\":{\"@id\":\"https:\\\/\\\/promis.ro\\\/product\\\/picty\\\/#primaryimage\"},\"image\":{\"@id\":\"https:\\\/\\\/promis.ro\\\/product\\\/picty\\\/#primaryimage\"},\"thumbnailUrl\":\"https:\\\/\\\/promis.ro\\\/wp-content\\\/uploads\\\/2025\\\/11\\\/21017-W-1.jpg\",\"datePublished\":\"2025-11-04T23:02:25+00:00\",\"dateModified\":\"2025-11-11T16:38:51+00:00\",\"description\":\"Cadru foto digital de 10,1 inci. Cu ecran tactil IPS de \u00eenalt\u0103 rezolu\u021bie 1280x800 pixeli, conectivitate WiFi \u0219i dotat cu func\u021bii inteligente precum\",\"breadcrumb\":{\"@id\":\"https:\\\/\\\/promis.ro\\\/product\\\/picty\\\/#breadcrumb\"},\"inLanguage\":\"ro-RO\",\"potentialAction\":[{\"@type\":\"ReadAction\",\"target\":[\"https:\\\/\\\/promis.ro\\\/product\\\/picty\\\/\"]}]},{\"@type\":\"ImageObject\",\"inLanguage\":\"ro-RO\",\"@id\":\"https:\\\/\\\/promis.ro\\\/product\\\/picty\\\/#primaryimage\",\"url\":\"https:\\\/\\\/promis.ro\\\/wp-content\\\/uploads\\\/2025\\\/11\\\/21017-W-1.jpg\",\"contentUrl\":\"https:\\\/\\\/promis.ro\\\/wp-content\\\/uploads\\\/2025\\\/11\\\/21017-W-1.jpg\",\"width\":1080,\"height\":1080},{\"@type\":\"BreadcrumbList\",\"@id\":\"https:\\\/\\\/promis.ro\\\/product\\\/picty\\\/#breadcrumb\",\"itemListElement\":[{\"@type\":\"ListItem\",\"position\":1,\"name\":\"Home\",\"item\":\"https:\\\/\\\/promis.ro\\\/\"},{\"@type\":\"ListItem\",\"position\":2,\"name\":\"Magazin\",\"item\":\"https:\\\/\\\/promis.ro\\\/magazin\\\/\"},{\"@type\":\"ListItem\",\"position\":3,\"name\":\"Picty\"}]},{\"@type\":\"WebSite\",\"@id\":\"https:\\\/\\\/promis.ro\\\/#website\",\"url\":\"https:\\\/\\\/promis.ro\\\/\",\"name\":\"Promis.ro\",\"description\":\"\",\"potentialAction\":[{\"@type\":\"SearchAction\",\"target\":{\"@type\":\"EntryPoint\",\"urlTemplate\":\"https:\\\/\\\/promis.ro\\\/?s={search_term_string}\"},\"query-input\":{\"@type\":\"PropertyValueSpecification\",\"valueRequired\":true,\"valueName\":\"search_term_string\"}}],\"inLanguage\":\"ro-RO\"}]}<\/script>\n<!-- \/ Yoast SEO plugin. -->","yoast_head_json":{"title":"Picty - Promis.ro","description":"Cadru foto digital de 10,1 inci. Cu ecran tactil IPS de \u00eenalt\u0103 rezolu\u021bie 1280x800 pixeli, conectivitate WiFi \u0219i dotat cu func\u021bii inteligente precum","robots":{"index":"index","follow":"follow","max-snippet":"max-snippet:-1","max-image-preview":"max-image-preview:large","max-video-preview":"max-video-preview:-1"},"canonical":"https:\/\/promis.ro\/ro\/produs\/picty\/","og_locale":"ro_RO","og_type":"article","og_title":"Picty - Promis.ro","og_description":"Cadru foto digital de 10,1 inci. Cu ecran tactil IPS de \u00eenalt\u0103 rezolu\u021bie 1280x800 pixeli, conectivitate WiFi \u0219i dotat cu func\u021bii inteligente precum","og_url":"https:\/\/promis.ro\/ro\/produs\/picty\/","og_site_name":"Promis.ro","article_modified_time":"2025-11-11T16:38:51+00:00","og_image":[{"width":1080,"height":1080,"url":"https:\/\/promis.ro\/wp-content\/uploads\/2025\/11\/21017-W-1.jpg","type":"image\/jpeg"}],"twitter_card":"summary_large_image","twitter_misc":{"Timp estimat pentru citire":"1 minut"},"schema":{"@context":"https:\/\/schema.org","@graph":[{"@type":"WebPage","@id":"https:\/\/promis.ro\/product\/picty\/","url":"https:\/\/promis.ro\/product\/picty\/","name":"Picty - Promis.ro","isPartOf":{"@id":"https:\/\/promis.ro\/#website"},"primaryImageOfPage":{"@id":"https:\/\/promis.ro\/product\/picty\/#primaryimage"},"image":{"@id":"https:\/\/promis.ro\/product\/picty\/#primaryimage"},"thumbnailUrl":"https:\/\/promis.ro\/wp-content\/uploads\/2025\/11\/21017-W-1.jpg","datePublished":"2025-11-04T23:02:25+00:00","dateModified":"2025-11-11T16:38:51+00:00","description":"Cadru foto digital de 10,1 inci. Cu ecran tactil IPS de \u00eenalt\u0103 rezolu\u021bie 1280x800 pixeli, conectivitate WiFi \u0219i dotat cu func\u021bii inteligente precum","breadcrumb":{"@id":"https:\/\/promis.ro\/product\/picty\/#breadcrumb"},"inLanguage":"ro-RO","potentialAction":[{"@type":"ReadAction","target":["https:\/\/promis.ro\/product\/picty\/"]}]},{"@type":"ImageObject","inLanguage":"ro-RO","@id":"https:\/\/promis.ro\/product\/picty\/#primaryimage","url":"https:\/\/promis.ro\/wp-content\/uploads\/2025\/11\/21017-W-1.jpg","contentUrl":"https:\/\/promis.ro\/wp-content\/uploads\/2025\/11\/21017-W-1.jpg","width":1080,"height":1080},{"@type":"BreadcrumbList","@id":"https:\/\/promis.ro\/product\/picty\/#breadcrumb","itemListElement":[{"@type":"ListItem","position":1,"name":"Home","item":"https:\/\/promis.ro\/"},{"@type":"ListItem","position":2,"name":"Magazin","item":"https:\/\/promis.ro\/magazin\/"},{"@type":"ListItem","position":3,"name":"Picty"}]},{"@type":"WebSite","@id":"https:\/\/promis.ro\/#website","url":"https:\/\/promis.ro\/","name":"Promis.ro","description":"","potentialAction":[{"@type":"SearchAction","target":{"@type":"EntryPoint","urlTemplate":"https:\/\/promis.ro\/?s={search_term_string}"},"query-input":{"@type":"PropertyValueSpecification","valueRequired":true,"valueName":"search_term_string"}}],"inLanguage":"ro-RO"}]}},"_links":{"self":[{"href":"https:\/\/promis.ro\/ro\/wp-json\/wp\/v2\/product\/93031","targetHints":{"allow":["GET"]}}],"collection":[{"href":"https:\/\/promis.ro\/ro\/wp-json\/wp\/v2\/product"}],"about":[{"href":"https:\/\/promis.ro\/ro\/wp-json\/wp\/v2\/types\/product"}],"replies":[{"embeddable":true,"href":"https:\/\/promis.ro\/ro\/wp-json\/wp\/v2\/comments?post=93031"}],"version-history":[{"count":1,"href":"https:\/\/promis.ro\/ro\/wp-json\/wp\/v2\/product\/93031\/revisions"}],"predecessor-version":[{"id":111702,"href":"https:\/\/promis.ro\/ro\/wp-json\/wp\/v2\/product\/93031\/revisions\/111702"}],"wp:featuredmedia":[{"embeddable":true,"href":"https:\/\/promis.ro\/ro\/wp-json\/wp\/v2\/media\/134204"}],"wp:attachment":[{"href":"https:\/\/promis.ro\/ro\/wp-json\/wp\/v2\/media?parent=93031"}],"wp:term":[{"taxonomy":"product_brand","embeddable":true,"href":"https:\/\/promis.ro\/ro\/wp-json\/wp\/v2\/product_brand?post=93031"},{"taxonomy":"product_cat","embeddable":true,"href":"https:\/\/promis.ro\/ro\/wp-json\/wp\/v2\/product_cat?post=93031"},{"taxonomy":"product_tag","embeddable":true,"href":"https:\/\/promis.ro\/ro\/wp-json\/wp\/v2\/product_tag?post=93031"}],"curies":[{"name":"wp","href":"https:\/\/api.w.org\/{rel}","templated":true}]}}