{"id":93033,"date":"2025-11-04T23:02:26","date_gmt":"2025-11-04T23:02:26","guid":{"rendered":"https:\/\/promis.ro\/product\/acrot\/"},"modified":"2025-11-11T16:38:57","modified_gmt":"2025-11-11T16:38:57","slug":"acrot","status":"publish","type":"product","link":"https:\/\/promis.ro\/ro\/produs\/acrot\/","title":{"rendered":"Acrot"},"content":{"rendered":"<p>Dron\u0103 fabricat\u0103 din material ABS rezistent. Cu conectivitate Wi-Fi, mod de \u00eenregistrare video \u0219i captur\u0103 foto. Operarea dronei de pe un dispozitiv mobil -APP compatibil cu iOS \u0219i Android- sau prin telecomand\u0103 -inclus\u0103-. Cu mod de zbor automat -auto hover- care las\u0103 drona suspendat\u0103 \u00een aer. Baterie de 600 mAh, re\u00eenc\u0103rcabil\u0103 prin cablu Micro USB -inclus- \u0219i telecomand\u0103 alimentat\u0103 de baterii -3xAAA neincluse-. Inclus\u0103 o carcas\u0103 cu piese de schimb: 4 elice, 4 protec\u021bii \u0219i \u0219urubelni\u021b\u0103, cu \u00eenchidere tip zip \u0219i interior din spum\u0103 t\u0103iat\u0103. Prezentat\u0103 \u00eentr-o cutie atractiv\u0103 de design kraft, cu manual de instruc\u021biuni \u00een englez\u0103 \u0219i spaniol\u0103.<\/p>","protected":false},"excerpt":{"rendered":"<p>Dron\u0103 fabricat\u0103 din material ABS rezistent. Cu conectivitate Wi-Fi, mod de \u00eenregistrare video \u0219i captur\u0103 foto. Operarea dronei de pe<\/p>","protected":false},"featured_media":134211,"comment_status":"open","ping_status":"closed","template":"","meta":[],"product_brand":[],"product_cat":[170],"product_tag":[],"class_list":{"0":"post-93033","1":"product","2":"type-product","3":"status-publish","4":"has-post-thumbnail","6":"product_cat-tehnologie-si-accesorii","8":"first","9":"instock","10":"shipping-taxable","11":"purchasable","12":"product-type-simple"},"yoast_head":"<!-- This site is optimized with the Yoast SEO plugin v27.4 - https:\/\/yoast.com\/product\/yoast-seo-wordpress\/ -->\n<title>Acrot - Promis.ro<\/title>\n<meta name=\"description\" content=\"Dron\u0103 fabricat\u0103 din material ABS rezistent. Cu conectivitate Wi-Fi, mod de \u00eenregistrare video \u0219i captur\u0103 foto. Operarea dronei de pe un dispozitiv mobil\" \/>\n<meta name=\"robots\" content=\"index, follow, max-snippet:-1, max-image-preview:large, max-video-preview:-1\" \/>\n<link rel=\"canonical\" href=\"https:\/\/promis.ro\/ro\/produs\/acrot\/\" \/>\n<meta property=\"og:locale\" content=\"ro_RO\" \/>\n<meta property=\"og:type\" content=\"article\" \/>\n<meta property=\"og:title\" content=\"Acrot - Promis.ro\" \/>\n<meta property=\"og:description\" content=\"Dron\u0103 fabricat\u0103 din material ABS rezistent. Cu conectivitate Wi-Fi, mod de \u00eenregistrare video \u0219i captur\u0103 foto. Operarea dronei de pe un dispozitiv mobil\" \/>\n<meta property=\"og:url\" content=\"https:\/\/promis.ro\/ro\/produs\/acrot\/\" \/>\n<meta property=\"og:site_name\" content=\"Promis.ro\" \/>\n<meta property=\"article:modified_time\" content=\"2025-11-11T16:38:57+00:00\" \/>\n<meta property=\"og:image\" content=\"https:\/\/promis.ro\/wp-content\/uploads\/2025\/11\/21019-W-1.jpg\" \/>\n\t<meta property=\"og:image:width\" content=\"1080\" \/>\n\t<meta property=\"og:image:height\" content=\"1080\" \/>\n\t<meta property=\"og:image:type\" content=\"image\/jpeg\" \/>\n<meta name=\"twitter:card\" content=\"summary_large_image\" \/>\n<meta name=\"twitter:label1\" content=\"Timp estimat pentru citire\" \/>\n\t<meta name=\"twitter:data1\" content=\"1 minut\" \/>\n<script type=\"application\/ld+json\" class=\"yoast-schema-graph\">{\"@context\":\"https:\\\/\\\/schema.org\",\"@graph\":[{\"@type\":\"WebPage\",\"@id\":\"https:\\\/\\\/promis.ro\\\/product\\\/acrot\\\/\",\"url\":\"https:\\\/\\\/promis.ro\\\/product\\\/acrot\\\/\",\"name\":\"Acrot - Promis.ro\",\"isPartOf\":{\"@id\":\"https:\\\/\\\/promis.ro\\\/#website\"},\"primaryImageOfPage\":{\"@id\":\"https:\\\/\\\/promis.ro\\\/product\\\/acrot\\\/#primaryimage\"},\"image\":{\"@id\":\"https:\\\/\\\/promis.ro\\\/product\\\/acrot\\\/#primaryimage\"},\"thumbnailUrl\":\"https:\\\/\\\/promis.ro\\\/wp-content\\\/uploads\\\/2025\\\/11\\\/21019-W-1.jpg\",\"datePublished\":\"2025-11-04T23:02:26+00:00\",\"dateModified\":\"2025-11-11T16:38:57+00:00\",\"description\":\"Dron\u0103 fabricat\u0103 din material ABS rezistent. Cu conectivitate Wi-Fi, mod de \u00eenregistrare video \u0219i captur\u0103 foto. Operarea dronei de pe un dispozitiv mobil\",\"breadcrumb\":{\"@id\":\"https:\\\/\\\/promis.ro\\\/product\\\/acrot\\\/#breadcrumb\"},\"inLanguage\":\"ro-RO\",\"potentialAction\":[{\"@type\":\"ReadAction\",\"target\":[\"https:\\\/\\\/promis.ro\\\/product\\\/acrot\\\/\"]}]},{\"@type\":\"ImageObject\",\"inLanguage\":\"ro-RO\",\"@id\":\"https:\\\/\\\/promis.ro\\\/product\\\/acrot\\\/#primaryimage\",\"url\":\"https:\\\/\\\/promis.ro\\\/wp-content\\\/uploads\\\/2025\\\/11\\\/21019-W-1.jpg\",\"contentUrl\":\"https:\\\/\\\/promis.ro\\\/wp-content\\\/uploads\\\/2025\\\/11\\\/21019-W-1.jpg\",\"width\":1080,\"height\":1080},{\"@type\":\"BreadcrumbList\",\"@id\":\"https:\\\/\\\/promis.ro\\\/product\\\/acrot\\\/#breadcrumb\",\"itemListElement\":[{\"@type\":\"ListItem\",\"position\":1,\"name\":\"Home\",\"item\":\"https:\\\/\\\/promis.ro\\\/\"},{\"@type\":\"ListItem\",\"position\":2,\"name\":\"Magazin\",\"item\":\"https:\\\/\\\/promis.ro\\\/magazin\\\/\"},{\"@type\":\"ListItem\",\"position\":3,\"name\":\"Acrot\"}]},{\"@type\":\"WebSite\",\"@id\":\"https:\\\/\\\/promis.ro\\\/#website\",\"url\":\"https:\\\/\\\/promis.ro\\\/\",\"name\":\"Promis.ro\",\"description\":\"\",\"potentialAction\":[{\"@type\":\"SearchAction\",\"target\":{\"@type\":\"EntryPoint\",\"urlTemplate\":\"https:\\\/\\\/promis.ro\\\/?s={search_term_string}\"},\"query-input\":{\"@type\":\"PropertyValueSpecification\",\"valueRequired\":true,\"valueName\":\"search_term_string\"}}],\"inLanguage\":\"ro-RO\"}]}<\/script>\n<!-- \/ Yoast SEO plugin. -->","yoast_head_json":{"title":"Acrot - Promis.ro","description":"Dron\u0103 fabricat\u0103 din material ABS rezistent. Cu conectivitate Wi-Fi, mod de \u00eenregistrare video \u0219i captur\u0103 foto. Operarea dronei de pe un dispozitiv mobil","robots":{"index":"index","follow":"follow","max-snippet":"max-snippet:-1","max-image-preview":"max-image-preview:large","max-video-preview":"max-video-preview:-1"},"canonical":"https:\/\/promis.ro\/ro\/produs\/acrot\/","og_locale":"ro_RO","og_type":"article","og_title":"Acrot - Promis.ro","og_description":"Dron\u0103 fabricat\u0103 din material ABS rezistent. Cu conectivitate Wi-Fi, mod de \u00eenregistrare video \u0219i captur\u0103 foto. Operarea dronei de pe un dispozitiv mobil","og_url":"https:\/\/promis.ro\/ro\/produs\/acrot\/","og_site_name":"Promis.ro","article_modified_time":"2025-11-11T16:38:57+00:00","og_image":[{"width":1080,"height":1080,"url":"https:\/\/promis.ro\/wp-content\/uploads\/2025\/11\/21019-W-1.jpg","type":"image\/jpeg"}],"twitter_card":"summary_large_image","twitter_misc":{"Timp estimat pentru citire":"1 minut"},"schema":{"@context":"https:\/\/schema.org","@graph":[{"@type":"WebPage","@id":"https:\/\/promis.ro\/product\/acrot\/","url":"https:\/\/promis.ro\/product\/acrot\/","name":"Acrot - Promis.ro","isPartOf":{"@id":"https:\/\/promis.ro\/#website"},"primaryImageOfPage":{"@id":"https:\/\/promis.ro\/product\/acrot\/#primaryimage"},"image":{"@id":"https:\/\/promis.ro\/product\/acrot\/#primaryimage"},"thumbnailUrl":"https:\/\/promis.ro\/wp-content\/uploads\/2025\/11\/21019-W-1.jpg","datePublished":"2025-11-04T23:02:26+00:00","dateModified":"2025-11-11T16:38:57+00:00","description":"Dron\u0103 fabricat\u0103 din material ABS rezistent. Cu conectivitate Wi-Fi, mod de \u00eenregistrare video \u0219i captur\u0103 foto. Operarea dronei de pe un dispozitiv mobil","breadcrumb":{"@id":"https:\/\/promis.ro\/product\/acrot\/#breadcrumb"},"inLanguage":"ro-RO","potentialAction":[{"@type":"ReadAction","target":["https:\/\/promis.ro\/product\/acrot\/"]}]},{"@type":"ImageObject","inLanguage":"ro-RO","@id":"https:\/\/promis.ro\/product\/acrot\/#primaryimage","url":"https:\/\/promis.ro\/wp-content\/uploads\/2025\/11\/21019-W-1.jpg","contentUrl":"https:\/\/promis.ro\/wp-content\/uploads\/2025\/11\/21019-W-1.jpg","width":1080,"height":1080},{"@type":"BreadcrumbList","@id":"https:\/\/promis.ro\/product\/acrot\/#breadcrumb","itemListElement":[{"@type":"ListItem","position":1,"name":"Home","item":"https:\/\/promis.ro\/"},{"@type":"ListItem","position":2,"name":"Magazin","item":"https:\/\/promis.ro\/magazin\/"},{"@type":"ListItem","position":3,"name":"Acrot"}]},{"@type":"WebSite","@id":"https:\/\/promis.ro\/#website","url":"https:\/\/promis.ro\/","name":"Promis.ro","description":"","potentialAction":[{"@type":"SearchAction","target":{"@type":"EntryPoint","urlTemplate":"https:\/\/promis.ro\/?s={search_term_string}"},"query-input":{"@type":"PropertyValueSpecification","valueRequired":true,"valueName":"search_term_string"}}],"inLanguage":"ro-RO"}]}},"_links":{"self":[{"href":"https:\/\/promis.ro\/ro\/wp-json\/wp\/v2\/product\/93033","targetHints":{"allow":["GET"]}}],"collection":[{"href":"https:\/\/promis.ro\/ro\/wp-json\/wp\/v2\/product"}],"about":[{"href":"https:\/\/promis.ro\/ro\/wp-json\/wp\/v2\/types\/product"}],"replies":[{"embeddable":true,"href":"https:\/\/promis.ro\/ro\/wp-json\/wp\/v2\/comments?post=93033"}],"version-history":[{"count":1,"href":"https:\/\/promis.ro\/ro\/wp-json\/wp\/v2\/product\/93033\/revisions"}],"predecessor-version":[{"id":111732,"href":"https:\/\/promis.ro\/ro\/wp-json\/wp\/v2\/product\/93033\/revisions\/111732"}],"wp:featuredmedia":[{"embeddable":true,"href":"https:\/\/promis.ro\/ro\/wp-json\/wp\/v2\/media\/134211"}],"wp:attachment":[{"href":"https:\/\/promis.ro\/ro\/wp-json\/wp\/v2\/media?parent=93033"}],"wp:term":[{"taxonomy":"product_brand","embeddable":true,"href":"https:\/\/promis.ro\/ro\/wp-json\/wp\/v2\/product_brand?post=93033"},{"taxonomy":"product_cat","embeddable":true,"href":"https:\/\/promis.ro\/ro\/wp-json\/wp\/v2\/product_cat?post=93033"},{"taxonomy":"product_tag","embeddable":true,"href":"https:\/\/promis.ro\/ro\/wp-json\/wp\/v2\/product_tag?post=93033"}],"curies":[{"name":"wp","href":"https:\/\/api.w.org\/{rel}","templated":true}]}}