{"id":93034,"date":"2025-11-04T23:02:26","date_gmt":"2025-11-04T23:02:26","guid":{"rendered":"https:\/\/promis.ro\/product\/florens\/"},"modified":"2025-11-11T16:39:01","modified_gmt":"2025-11-11T16:39:01","slug":"florens","status":"publish","type":"product","link":"https:\/\/promis.ro\/ro\/produs\/florens\/","title":{"rendered":"Florens"},"content":{"rendered":"<p>Box\u0103 compact\u0103 \u00een stil vintage, \u00een form\u0103 de radio vintage, cu 3W putere. Cu conexiune Bluetooth\u00ae pentru libertate f\u0103r\u0103 fir, red\u00e2nd muzic\u0103 \u0219i fiind elegant \u00een acela\u0219i timp. Cu lumini de indicator, slot pentru carduri Micro SD de p\u00e2n\u0103 la 64 GB \u0219i baterie de 500 mAh. Prezentat\u0103 \u00eentr-o cutie atractiv\u0103 de design kraft, cu manual de instruc\u021biuni \u00een englez\u0103 \u0219i spaniol\u0103.<\/p>","protected":false},"excerpt":{"rendered":"<p>Box\u0103 compact\u0103 \u00een stil vintage, \u00een form\u0103 de radio vintage, cu 3W putere. Cu conexiune Bluetooth\u00ae pentru libertate f\u0103r\u0103 fir,<\/p>","protected":false},"featured_media":134214,"comment_status":"open","ping_status":"closed","template":"","meta":[],"product_brand":[],"product_cat":[170],"product_tag":[],"class_list":{"0":"post-93034","1":"product","2":"type-product","3":"status-publish","4":"has-post-thumbnail","6":"product_cat-tehnologie-si-accesorii","8":"first","9":"instock","10":"shipping-taxable","11":"purchasable","12":"product-type-simple"},"yoast_head":"<!-- This site is optimized with the Yoast SEO plugin v27.4 - https:\/\/yoast.com\/product\/yoast-seo-wordpress\/ -->\n<title>Florens - Promis.ro<\/title>\n<meta name=\"description\" content=\"Box\u0103 compact\u0103 \u00een stil vintage, \u00een form\u0103 de radio vintage, cu 3W putere. Cu conexiune Bluetooth\u00ae pentru libertate f\u0103r\u0103 fir, red\u00e2nd muzic\u0103 \u0219i fiind elegant\" \/>\n<meta name=\"robots\" content=\"index, follow, max-snippet:-1, max-image-preview:large, max-video-preview:-1\" \/>\n<link rel=\"canonical\" href=\"https:\/\/promis.ro\/ro\/produs\/florens\/\" \/>\n<meta property=\"og:locale\" content=\"ro_RO\" \/>\n<meta property=\"og:type\" content=\"article\" \/>\n<meta property=\"og:title\" content=\"Florens - Promis.ro\" \/>\n<meta property=\"og:description\" content=\"Box\u0103 compact\u0103 \u00een stil vintage, \u00een form\u0103 de radio vintage, cu 3W putere. Cu conexiune Bluetooth\u00ae pentru libertate f\u0103r\u0103 fir, red\u00e2nd muzic\u0103 \u0219i fiind elegant\" \/>\n<meta property=\"og:url\" content=\"https:\/\/promis.ro\/ro\/produs\/florens\/\" \/>\n<meta property=\"og:site_name\" content=\"Promis.ro\" \/>\n<meta property=\"article:modified_time\" content=\"2025-11-11T16:39:01+00:00\" \/>\n<meta property=\"og:image\" content=\"https:\/\/promis.ro\/wp-content\/uploads\/2025\/11\/21020-W-1.jpg\" \/>\n\t<meta property=\"og:image:width\" content=\"1080\" \/>\n\t<meta property=\"og:image:height\" content=\"1080\" \/>\n\t<meta property=\"og:image:type\" content=\"image\/jpeg\" \/>\n<meta name=\"twitter:card\" content=\"summary_large_image\" \/>\n<script type=\"application\/ld+json\" class=\"yoast-schema-graph\">{\"@context\":\"https:\\\/\\\/schema.org\",\"@graph\":[{\"@type\":\"WebPage\",\"@id\":\"https:\\\/\\\/promis.ro\\\/product\\\/florens\\\/\",\"url\":\"https:\\\/\\\/promis.ro\\\/product\\\/florens\\\/\",\"name\":\"Florens - Promis.ro\",\"isPartOf\":{\"@id\":\"https:\\\/\\\/promis.ro\\\/#website\"},\"primaryImageOfPage\":{\"@id\":\"https:\\\/\\\/promis.ro\\\/product\\\/florens\\\/#primaryimage\"},\"image\":{\"@id\":\"https:\\\/\\\/promis.ro\\\/product\\\/florens\\\/#primaryimage\"},\"thumbnailUrl\":\"https:\\\/\\\/promis.ro\\\/wp-content\\\/uploads\\\/2025\\\/11\\\/21020-W-1.jpg\",\"datePublished\":\"2025-11-04T23:02:26+00:00\",\"dateModified\":\"2025-11-11T16:39:01+00:00\",\"description\":\"Box\u0103 compact\u0103 \u00een stil vintage, \u00een form\u0103 de radio vintage, cu 3W putere. Cu conexiune Bluetooth\u00ae pentru libertate f\u0103r\u0103 fir, red\u00e2nd muzic\u0103 \u0219i fiind elegant\",\"breadcrumb\":{\"@id\":\"https:\\\/\\\/promis.ro\\\/product\\\/florens\\\/#breadcrumb\"},\"inLanguage\":\"ro-RO\",\"potentialAction\":[{\"@type\":\"ReadAction\",\"target\":[\"https:\\\/\\\/promis.ro\\\/product\\\/florens\\\/\"]}]},{\"@type\":\"ImageObject\",\"inLanguage\":\"ro-RO\",\"@id\":\"https:\\\/\\\/promis.ro\\\/product\\\/florens\\\/#primaryimage\",\"url\":\"https:\\\/\\\/promis.ro\\\/wp-content\\\/uploads\\\/2025\\\/11\\\/21020-W-1.jpg\",\"contentUrl\":\"https:\\\/\\\/promis.ro\\\/wp-content\\\/uploads\\\/2025\\\/11\\\/21020-W-1.jpg\",\"width\":1080,\"height\":1080},{\"@type\":\"BreadcrumbList\",\"@id\":\"https:\\\/\\\/promis.ro\\\/product\\\/florens\\\/#breadcrumb\",\"itemListElement\":[{\"@type\":\"ListItem\",\"position\":1,\"name\":\"Home\",\"item\":\"https:\\\/\\\/promis.ro\\\/\"},{\"@type\":\"ListItem\",\"position\":2,\"name\":\"Magazin\",\"item\":\"https:\\\/\\\/promis.ro\\\/magazin\\\/\"},{\"@type\":\"ListItem\",\"position\":3,\"name\":\"Florens\"}]},{\"@type\":\"WebSite\",\"@id\":\"https:\\\/\\\/promis.ro\\\/#website\",\"url\":\"https:\\\/\\\/promis.ro\\\/\",\"name\":\"Promis.ro\",\"description\":\"\",\"potentialAction\":[{\"@type\":\"SearchAction\",\"target\":{\"@type\":\"EntryPoint\",\"urlTemplate\":\"https:\\\/\\\/promis.ro\\\/?s={search_term_string}\"},\"query-input\":{\"@type\":\"PropertyValueSpecification\",\"valueRequired\":true,\"valueName\":\"search_term_string\"}}],\"inLanguage\":\"ro-RO\"}]}<\/script>\n<!-- \/ Yoast SEO plugin. -->","yoast_head_json":{"title":"Florens - Promis.ro","description":"Box\u0103 compact\u0103 \u00een stil vintage, \u00een form\u0103 de radio vintage, cu 3W putere. Cu conexiune Bluetooth\u00ae pentru libertate f\u0103r\u0103 fir, red\u00e2nd muzic\u0103 \u0219i fiind elegant","robots":{"index":"index","follow":"follow","max-snippet":"max-snippet:-1","max-image-preview":"max-image-preview:large","max-video-preview":"max-video-preview:-1"},"canonical":"https:\/\/promis.ro\/ro\/produs\/florens\/","og_locale":"ro_RO","og_type":"article","og_title":"Florens - Promis.ro","og_description":"Box\u0103 compact\u0103 \u00een stil vintage, \u00een form\u0103 de radio vintage, cu 3W putere. Cu conexiune Bluetooth\u00ae pentru libertate f\u0103r\u0103 fir, red\u00e2nd muzic\u0103 \u0219i fiind elegant","og_url":"https:\/\/promis.ro\/ro\/produs\/florens\/","og_site_name":"Promis.ro","article_modified_time":"2025-11-11T16:39:01+00:00","og_image":[{"width":1080,"height":1080,"url":"https:\/\/promis.ro\/wp-content\/uploads\/2025\/11\/21020-W-1.jpg","type":"image\/jpeg"}],"twitter_card":"summary_large_image","schema":{"@context":"https:\/\/schema.org","@graph":[{"@type":"WebPage","@id":"https:\/\/promis.ro\/product\/florens\/","url":"https:\/\/promis.ro\/product\/florens\/","name":"Florens - Promis.ro","isPartOf":{"@id":"https:\/\/promis.ro\/#website"},"primaryImageOfPage":{"@id":"https:\/\/promis.ro\/product\/florens\/#primaryimage"},"image":{"@id":"https:\/\/promis.ro\/product\/florens\/#primaryimage"},"thumbnailUrl":"https:\/\/promis.ro\/wp-content\/uploads\/2025\/11\/21020-W-1.jpg","datePublished":"2025-11-04T23:02:26+00:00","dateModified":"2025-11-11T16:39:01+00:00","description":"Box\u0103 compact\u0103 \u00een stil vintage, \u00een form\u0103 de radio vintage, cu 3W putere. Cu conexiune Bluetooth\u00ae pentru libertate f\u0103r\u0103 fir, red\u00e2nd muzic\u0103 \u0219i fiind elegant","breadcrumb":{"@id":"https:\/\/promis.ro\/product\/florens\/#breadcrumb"},"inLanguage":"ro-RO","potentialAction":[{"@type":"ReadAction","target":["https:\/\/promis.ro\/product\/florens\/"]}]},{"@type":"ImageObject","inLanguage":"ro-RO","@id":"https:\/\/promis.ro\/product\/florens\/#primaryimage","url":"https:\/\/promis.ro\/wp-content\/uploads\/2025\/11\/21020-W-1.jpg","contentUrl":"https:\/\/promis.ro\/wp-content\/uploads\/2025\/11\/21020-W-1.jpg","width":1080,"height":1080},{"@type":"BreadcrumbList","@id":"https:\/\/promis.ro\/product\/florens\/#breadcrumb","itemListElement":[{"@type":"ListItem","position":1,"name":"Home","item":"https:\/\/promis.ro\/"},{"@type":"ListItem","position":2,"name":"Magazin","item":"https:\/\/promis.ro\/magazin\/"},{"@type":"ListItem","position":3,"name":"Florens"}]},{"@type":"WebSite","@id":"https:\/\/promis.ro\/#website","url":"https:\/\/promis.ro\/","name":"Promis.ro","description":"","potentialAction":[{"@type":"SearchAction","target":{"@type":"EntryPoint","urlTemplate":"https:\/\/promis.ro\/?s={search_term_string}"},"query-input":{"@type":"PropertyValueSpecification","valueRequired":true,"valueName":"search_term_string"}}],"inLanguage":"ro-RO"}]}},"_links":{"self":[{"href":"https:\/\/promis.ro\/ro\/wp-json\/wp\/v2\/product\/93034","targetHints":{"allow":["GET"]}}],"collection":[{"href":"https:\/\/promis.ro\/ro\/wp-json\/wp\/v2\/product"}],"about":[{"href":"https:\/\/promis.ro\/ro\/wp-json\/wp\/v2\/types\/product"}],"replies":[{"embeddable":true,"href":"https:\/\/promis.ro\/ro\/wp-json\/wp\/v2\/comments?post=93034"}],"version-history":[{"count":1,"href":"https:\/\/promis.ro\/ro\/wp-json\/wp\/v2\/product\/93034\/revisions"}],"predecessor-version":[{"id":111703,"href":"https:\/\/promis.ro\/ro\/wp-json\/wp\/v2\/product\/93034\/revisions\/111703"}],"wp:featuredmedia":[{"embeddable":true,"href":"https:\/\/promis.ro\/ro\/wp-json\/wp\/v2\/media\/134214"}],"wp:attachment":[{"href":"https:\/\/promis.ro\/ro\/wp-json\/wp\/v2\/media?parent=93034"}],"wp:term":[{"taxonomy":"product_brand","embeddable":true,"href":"https:\/\/promis.ro\/ro\/wp-json\/wp\/v2\/product_brand?post=93034"},{"taxonomy":"product_cat","embeddable":true,"href":"https:\/\/promis.ro\/ro\/wp-json\/wp\/v2\/product_cat?post=93034"},{"taxonomy":"product_tag","embeddable":true,"href":"https:\/\/promis.ro\/ro\/wp-json\/wp\/v2\/product_tag?post=93034"}],"curies":[{"name":"wp","href":"https:\/\/api.w.org\/{rel}","templated":true}]}}