{"id":93036,"date":"2025-11-04T23:02:27","date_gmt":"2025-11-04T23:02:27","guid":{"rendered":"https:\/\/promis.ro\/product\/maginly\/"},"modified":"2025-11-11T16:39:09","modified_gmt":"2025-11-11T16:39:09","slug":"maginly","status":"publish","type":"product","link":"https:\/\/promis.ro\/ro\/produs\/maginly\/","title":{"rendered":"Maginly"},"content":{"rendered":"<p>Sta\u021bie meteorologic\u0103 din paie de gr\u00e2u, cu termometru \u0219i higrometru. Func\u021bii de or\u0103, calendar, alarm\u0103 \u0219i zi a s\u0103pt\u0103m\u00e2nii, u\u0219or vizibile pe ecranul iluminat din spate. Cu baz\u0103\/suport \u0219i c\u00e2rlig pentru ag\u0103\u021bat. Func\u021bioneaz\u0103 cu baterii (2xAAA, nu sunt incluse) \u0219i prezentat\u0103 \u00eentr-o cutie atractiv\u0103 de design kraft. Manual de instruc\u021biuni disponibil \u00een englez\u0103 \u0219i spaniol\u0103. Paiele de gr\u00e2u promoveaz\u0103 utilizarea materiilor prime naturale, reduc\u00e2nd astfel emisiile de poluan\u021bi.<\/p>","protected":false},"excerpt":{"rendered":"<p>Sta\u021bie meteorologic\u0103 din paie de gr\u00e2u, cu termometru \u0219i higrometru. Func\u021bii de or\u0103, calendar, alarm\u0103 \u0219i zi a s\u0103pt\u0103m\u00e2nii, u\u0219or<\/p>","protected":false},"featured_media":134221,"comment_status":"open","ping_status":"closed","template":"","meta":[],"product_brand":[],"product_cat":[197],"product_tag":[],"class_list":{"0":"post-93036","1":"product","2":"type-product","3":"status-publish","4":"has-post-thumbnail","6":"product_cat-articole-durabile","8":"first","9":"instock","10":"shipping-taxable","11":"purchasable","12":"product-type-simple"},"yoast_head":"<!-- This site is optimized with the Yoast SEO plugin v27.4 - https:\/\/yoast.com\/product\/yoast-seo-wordpress\/ -->\n<title>Maginly - Promis.ro<\/title>\n<meta name=\"description\" content=\"Sta\u021bie meteorologic\u0103 din paie de gr\u00e2u, cu termometru \u0219i higrometru. Func\u021bii de or\u0103, calendar, alarm\u0103 \u0219i zi a s\u0103pt\u0103m\u00e2nii, u\u0219or vizibile pe ecranul iluminat\" \/>\n<meta name=\"robots\" content=\"index, follow, max-snippet:-1, max-image-preview:large, max-video-preview:-1\" \/>\n<link rel=\"canonical\" href=\"https:\/\/promis.ro\/ro\/produs\/maginly\/\" \/>\n<meta property=\"og:locale\" content=\"ro_RO\" \/>\n<meta property=\"og:type\" content=\"article\" \/>\n<meta property=\"og:title\" content=\"Maginly - Promis.ro\" \/>\n<meta property=\"og:description\" content=\"Sta\u021bie meteorologic\u0103 din paie de gr\u00e2u, cu termometru \u0219i higrometru. Func\u021bii de or\u0103, calendar, alarm\u0103 \u0219i zi a s\u0103pt\u0103m\u00e2nii, u\u0219or vizibile pe ecranul iluminat\" \/>\n<meta property=\"og:url\" content=\"https:\/\/promis.ro\/ro\/produs\/maginly\/\" \/>\n<meta property=\"og:site_name\" content=\"Promis.ro\" \/>\n<meta property=\"article:modified_time\" content=\"2025-11-11T16:39:09+00:00\" \/>\n<meta property=\"og:image\" content=\"https:\/\/promis.ro\/wp-content\/uploads\/2025\/11\/21022-W-1.jpg\" \/>\n\t<meta property=\"og:image:width\" content=\"1080\" \/>\n\t<meta property=\"og:image:height\" content=\"1080\" \/>\n\t<meta property=\"og:image:type\" content=\"image\/jpeg\" \/>\n<meta name=\"twitter:card\" content=\"summary_large_image\" \/>\n<script type=\"application\/ld+json\" class=\"yoast-schema-graph\">{\"@context\":\"https:\\\/\\\/schema.org\",\"@graph\":[{\"@type\":\"WebPage\",\"@id\":\"https:\\\/\\\/promis.ro\\\/product\\\/maginly\\\/\",\"url\":\"https:\\\/\\\/promis.ro\\\/product\\\/maginly\\\/\",\"name\":\"Maginly - Promis.ro\",\"isPartOf\":{\"@id\":\"https:\\\/\\\/promis.ro\\\/#website\"},\"primaryImageOfPage\":{\"@id\":\"https:\\\/\\\/promis.ro\\\/product\\\/maginly\\\/#primaryimage\"},\"image\":{\"@id\":\"https:\\\/\\\/promis.ro\\\/product\\\/maginly\\\/#primaryimage\"},\"thumbnailUrl\":\"https:\\\/\\\/promis.ro\\\/wp-content\\\/uploads\\\/2025\\\/11\\\/21022-W-1.jpg\",\"datePublished\":\"2025-11-04T23:02:27+00:00\",\"dateModified\":\"2025-11-11T16:39:09+00:00\",\"description\":\"Sta\u021bie meteorologic\u0103 din paie de gr\u00e2u, cu termometru \u0219i higrometru. Func\u021bii de or\u0103, calendar, alarm\u0103 \u0219i zi a s\u0103pt\u0103m\u00e2nii, u\u0219or vizibile pe ecranul iluminat\",\"breadcrumb\":{\"@id\":\"https:\\\/\\\/promis.ro\\\/product\\\/maginly\\\/#breadcrumb\"},\"inLanguage\":\"ro-RO\",\"potentialAction\":[{\"@type\":\"ReadAction\",\"target\":[\"https:\\\/\\\/promis.ro\\\/product\\\/maginly\\\/\"]}]},{\"@type\":\"ImageObject\",\"inLanguage\":\"ro-RO\",\"@id\":\"https:\\\/\\\/promis.ro\\\/product\\\/maginly\\\/#primaryimage\",\"url\":\"https:\\\/\\\/promis.ro\\\/wp-content\\\/uploads\\\/2025\\\/11\\\/21022-W-1.jpg\",\"contentUrl\":\"https:\\\/\\\/promis.ro\\\/wp-content\\\/uploads\\\/2025\\\/11\\\/21022-W-1.jpg\",\"width\":1080,\"height\":1080},{\"@type\":\"BreadcrumbList\",\"@id\":\"https:\\\/\\\/promis.ro\\\/product\\\/maginly\\\/#breadcrumb\",\"itemListElement\":[{\"@type\":\"ListItem\",\"position\":1,\"name\":\"Home\",\"item\":\"https:\\\/\\\/promis.ro\\\/\"},{\"@type\":\"ListItem\",\"position\":2,\"name\":\"Magazin\",\"item\":\"https:\\\/\\\/promis.ro\\\/magazin\\\/\"},{\"@type\":\"ListItem\",\"position\":3,\"name\":\"Maginly\"}]},{\"@type\":\"WebSite\",\"@id\":\"https:\\\/\\\/promis.ro\\\/#website\",\"url\":\"https:\\\/\\\/promis.ro\\\/\",\"name\":\"Promis.ro\",\"description\":\"\",\"potentialAction\":[{\"@type\":\"SearchAction\",\"target\":{\"@type\":\"EntryPoint\",\"urlTemplate\":\"https:\\\/\\\/promis.ro\\\/?s={search_term_string}\"},\"query-input\":{\"@type\":\"PropertyValueSpecification\",\"valueRequired\":true,\"valueName\":\"search_term_string\"}}],\"inLanguage\":\"ro-RO\"}]}<\/script>\n<!-- \/ Yoast SEO plugin. -->","yoast_head_json":{"title":"Maginly - Promis.ro","description":"Sta\u021bie meteorologic\u0103 din paie de gr\u00e2u, cu termometru \u0219i higrometru. Func\u021bii de or\u0103, calendar, alarm\u0103 \u0219i zi a s\u0103pt\u0103m\u00e2nii, u\u0219or vizibile pe ecranul iluminat","robots":{"index":"index","follow":"follow","max-snippet":"max-snippet:-1","max-image-preview":"max-image-preview:large","max-video-preview":"max-video-preview:-1"},"canonical":"https:\/\/promis.ro\/ro\/produs\/maginly\/","og_locale":"ro_RO","og_type":"article","og_title":"Maginly - Promis.ro","og_description":"Sta\u021bie meteorologic\u0103 din paie de gr\u00e2u, cu termometru \u0219i higrometru. Func\u021bii de or\u0103, calendar, alarm\u0103 \u0219i zi a s\u0103pt\u0103m\u00e2nii, u\u0219or vizibile pe ecranul iluminat","og_url":"https:\/\/promis.ro\/ro\/produs\/maginly\/","og_site_name":"Promis.ro","article_modified_time":"2025-11-11T16:39:09+00:00","og_image":[{"width":1080,"height":1080,"url":"https:\/\/promis.ro\/wp-content\/uploads\/2025\/11\/21022-W-1.jpg","type":"image\/jpeg"}],"twitter_card":"summary_large_image","schema":{"@context":"https:\/\/schema.org","@graph":[{"@type":"WebPage","@id":"https:\/\/promis.ro\/product\/maginly\/","url":"https:\/\/promis.ro\/product\/maginly\/","name":"Maginly - Promis.ro","isPartOf":{"@id":"https:\/\/promis.ro\/#website"},"primaryImageOfPage":{"@id":"https:\/\/promis.ro\/product\/maginly\/#primaryimage"},"image":{"@id":"https:\/\/promis.ro\/product\/maginly\/#primaryimage"},"thumbnailUrl":"https:\/\/promis.ro\/wp-content\/uploads\/2025\/11\/21022-W-1.jpg","datePublished":"2025-11-04T23:02:27+00:00","dateModified":"2025-11-11T16:39:09+00:00","description":"Sta\u021bie meteorologic\u0103 din paie de gr\u00e2u, cu termometru \u0219i higrometru. Func\u021bii de or\u0103, calendar, alarm\u0103 \u0219i zi a s\u0103pt\u0103m\u00e2nii, u\u0219or vizibile pe ecranul iluminat","breadcrumb":{"@id":"https:\/\/promis.ro\/product\/maginly\/#breadcrumb"},"inLanguage":"ro-RO","potentialAction":[{"@type":"ReadAction","target":["https:\/\/promis.ro\/product\/maginly\/"]}]},{"@type":"ImageObject","inLanguage":"ro-RO","@id":"https:\/\/promis.ro\/product\/maginly\/#primaryimage","url":"https:\/\/promis.ro\/wp-content\/uploads\/2025\/11\/21022-W-1.jpg","contentUrl":"https:\/\/promis.ro\/wp-content\/uploads\/2025\/11\/21022-W-1.jpg","width":1080,"height":1080},{"@type":"BreadcrumbList","@id":"https:\/\/promis.ro\/product\/maginly\/#breadcrumb","itemListElement":[{"@type":"ListItem","position":1,"name":"Home","item":"https:\/\/promis.ro\/"},{"@type":"ListItem","position":2,"name":"Magazin","item":"https:\/\/promis.ro\/magazin\/"},{"@type":"ListItem","position":3,"name":"Maginly"}]},{"@type":"WebSite","@id":"https:\/\/promis.ro\/#website","url":"https:\/\/promis.ro\/","name":"Promis.ro","description":"","potentialAction":[{"@type":"SearchAction","target":{"@type":"EntryPoint","urlTemplate":"https:\/\/promis.ro\/?s={search_term_string}"},"query-input":{"@type":"PropertyValueSpecification","valueRequired":true,"valueName":"search_term_string"}}],"inLanguage":"ro-RO"}]}},"_links":{"self":[{"href":"https:\/\/promis.ro\/ro\/wp-json\/wp\/v2\/product\/93036","targetHints":{"allow":["GET"]}}],"collection":[{"href":"https:\/\/promis.ro\/ro\/wp-json\/wp\/v2\/product"}],"about":[{"href":"https:\/\/promis.ro\/ro\/wp-json\/wp\/v2\/types\/product"}],"replies":[{"embeddable":true,"href":"https:\/\/promis.ro\/ro\/wp-json\/wp\/v2\/comments?post=93036"}],"version-history":[{"count":1,"href":"https:\/\/promis.ro\/ro\/wp-json\/wp\/v2\/product\/93036\/revisions"}],"predecessor-version":[{"id":111698,"href":"https:\/\/promis.ro\/ro\/wp-json\/wp\/v2\/product\/93036\/revisions\/111698"}],"wp:featuredmedia":[{"embeddable":true,"href":"https:\/\/promis.ro\/ro\/wp-json\/wp\/v2\/media\/134221"}],"wp:attachment":[{"href":"https:\/\/promis.ro\/ro\/wp-json\/wp\/v2\/media?parent=93036"}],"wp:term":[{"taxonomy":"product_brand","embeddable":true,"href":"https:\/\/promis.ro\/ro\/wp-json\/wp\/v2\/product_brand?post=93036"},{"taxonomy":"product_cat","embeddable":true,"href":"https:\/\/promis.ro\/ro\/wp-json\/wp\/v2\/product_cat?post=93036"},{"taxonomy":"product_tag","embeddable":true,"href":"https:\/\/promis.ro\/ro\/wp-json\/wp\/v2\/product_tag?post=93036"}],"curies":[{"name":"wp","href":"https:\/\/api.w.org\/{rel}","templated":true}]}}