{"id":93039,"date":"2025-11-04T23:02:31","date_gmt":"2025-11-04T23:02:31","guid":{"rendered":"https:\/\/promis.ro\/product\/joks\/"},"modified":"2025-11-11T16:39:22","modified_gmt":"2025-11-11T16:39:22","slug":"joks","status":"publish","type":"product","link":"https:\/\/promis.ro\/ro\/produs\/joks\/","title":{"rendered":"Joks"},"content":{"rendered":"<p>Adaptor de c\u0103l\u0103torie wireless, multifunc\u021bional \u0219i cu multiple ie\u0219iri, cu powerbank integrat de 10.000 mAh capacitate de \u00eenc\u0103rcare. Design elegant alb cu o suprafa\u021b\u0103 mare pentru branding. Func\u021bie de \u00eenc\u0103rcare wireless cu tehnologie magsafe, cu intrare\/ie\u0219ire dual\u0103 Type C \u0219i ie\u0219iri USB. Dou\u0103 cabluri de ie\u0219ire integrate cu conectori Type C \u0219i 2 \u00een 1 (Micro USB \u0219i Lightning). Utilizare simultan\u0103 pentru toate func\u021biile, cu adaptoare pentru priza de perete pentru SUA, Europa, Asia, Regatul Unit \u0219i Australia. Prezentat \u00eentr-o cutie atractiv\u0103 de design kraft. Manual de instruc\u021biuni disponibil \u00een englez\u0103 \u0219i spaniol\u0103. Capacit\u0103\u021bile prezentate \u00een toate bateriile noastre externe auxiliare sunt reale, toate \u00eencorpor\u00e2nd baterii de grad A, ne-reciclate, cu o durat\u0103 de via\u021b\u0103 de cel pu\u021bin 500 de cicluri de \u00eenc\u0103rcare \u0219i respect\u00e2nd reglement\u0103rile CE. \u00cen plus, acestea sunt fabricate conform standardelor RoHS \u0219i \u00een conformitate cu urm\u0103toarele cerin\u021be de siguran\u021b\u0103: Sistem de protec\u021bie \u00eempotriva supra\u00eenc\u0103rc\u0103rii powerbank-ului. Sistem complet de protec\u021bie \u00eempotriva desc\u0103rc\u0103rii, care cre\u0219te durabilitatea powerbank-ului. Sistem de blocare pentru a preveni scurtcircuitele. Sistem constant de transfer de \u00eenc\u0103rcare, conform capacit\u0103\u021bii dispozitivului \u021bint\u0103.<\/p>","protected":false},"excerpt":{"rendered":"<p>Adaptor de c\u0103l\u0103torie wireless, multifunc\u021bional \u0219i cu multiple ie\u0219iri, cu powerbank integrat de 10.000 mAh capacitate de \u00eenc\u0103rcare. Design elegant<\/p>","protected":false},"featured_media":134233,"comment_status":"open","ping_status":"closed","template":"","meta":[],"product_brand":[],"product_cat":[170],"product_tag":[],"class_list":{"0":"post-93039","1":"product","2":"type-product","3":"status-publish","4":"has-post-thumbnail","6":"product_cat-tehnologie-si-accesorii","8":"first","9":"instock","10":"shipping-taxable","11":"purchasable","12":"product-type-simple"},"yoast_head":"<!-- This site is optimized with the Yoast SEO plugin v27.4 - https:\/\/yoast.com\/product\/yoast-seo-wordpress\/ -->\n<title>Joks - Promis.ro<\/title>\n<meta name=\"description\" content=\"Adaptor de c\u0103l\u0103torie wireless, multifunc\u021bional \u0219i cu multiple ie\u0219iri, cu powerbank integrat de 10.000 mAh capacitate de \u00eenc\u0103rcare. Design elegant alb cu o\" \/>\n<meta name=\"robots\" content=\"index, follow, max-snippet:-1, max-image-preview:large, max-video-preview:-1\" \/>\n<link rel=\"canonical\" href=\"https:\/\/promis.ro\/ro\/produs\/joks\/\" \/>\n<meta property=\"og:locale\" content=\"ro_RO\" \/>\n<meta property=\"og:type\" content=\"article\" \/>\n<meta property=\"og:title\" content=\"Joks - Promis.ro\" \/>\n<meta property=\"og:description\" content=\"Adaptor de c\u0103l\u0103torie wireless, multifunc\u021bional \u0219i cu multiple ie\u0219iri, cu powerbank integrat de 10.000 mAh capacitate de \u00eenc\u0103rcare. Design elegant alb cu o\" \/>\n<meta property=\"og:url\" content=\"https:\/\/promis.ro\/ro\/produs\/joks\/\" \/>\n<meta property=\"og:site_name\" content=\"Promis.ro\" \/>\n<meta property=\"article:modified_time\" content=\"2025-11-11T16:39:22+00:00\" \/>\n<meta property=\"og:image\" content=\"https:\/\/promis.ro\/wp-content\/uploads\/2025\/11\/21025-W-1.jpg\" \/>\n\t<meta property=\"og:image:width\" content=\"1080\" \/>\n\t<meta property=\"og:image:height\" content=\"1080\" \/>\n\t<meta property=\"og:image:type\" content=\"image\/jpeg\" \/>\n<meta name=\"twitter:card\" content=\"summary_large_image\" \/>\n<meta name=\"twitter:label1\" content=\"Timp estimat pentru citire\" \/>\n\t<meta name=\"twitter:data1\" content=\"1 minut\" \/>\n<script type=\"application\/ld+json\" class=\"yoast-schema-graph\">{\"@context\":\"https:\\\/\\\/schema.org\",\"@graph\":[{\"@type\":\"WebPage\",\"@id\":\"https:\\\/\\\/promis.ro\\\/product\\\/joks\\\/\",\"url\":\"https:\\\/\\\/promis.ro\\\/product\\\/joks\\\/\",\"name\":\"Joks - Promis.ro\",\"isPartOf\":{\"@id\":\"https:\\\/\\\/promis.ro\\\/#website\"},\"primaryImageOfPage\":{\"@id\":\"https:\\\/\\\/promis.ro\\\/product\\\/joks\\\/#primaryimage\"},\"image\":{\"@id\":\"https:\\\/\\\/promis.ro\\\/product\\\/joks\\\/#primaryimage\"},\"thumbnailUrl\":\"https:\\\/\\\/promis.ro\\\/wp-content\\\/uploads\\\/2025\\\/11\\\/21025-W-1.jpg\",\"datePublished\":\"2025-11-04T23:02:31+00:00\",\"dateModified\":\"2025-11-11T16:39:22+00:00\",\"description\":\"Adaptor de c\u0103l\u0103torie wireless, multifunc\u021bional \u0219i cu multiple ie\u0219iri, cu powerbank integrat de 10.000 mAh capacitate de \u00eenc\u0103rcare. Design elegant alb cu o\",\"breadcrumb\":{\"@id\":\"https:\\\/\\\/promis.ro\\\/product\\\/joks\\\/#breadcrumb\"},\"inLanguage\":\"ro-RO\",\"potentialAction\":[{\"@type\":\"ReadAction\",\"target\":[\"https:\\\/\\\/promis.ro\\\/product\\\/joks\\\/\"]}]},{\"@type\":\"ImageObject\",\"inLanguage\":\"ro-RO\",\"@id\":\"https:\\\/\\\/promis.ro\\\/product\\\/joks\\\/#primaryimage\",\"url\":\"https:\\\/\\\/promis.ro\\\/wp-content\\\/uploads\\\/2025\\\/11\\\/21025-W-1.jpg\",\"contentUrl\":\"https:\\\/\\\/promis.ro\\\/wp-content\\\/uploads\\\/2025\\\/11\\\/21025-W-1.jpg\",\"width\":1080,\"height\":1080},{\"@type\":\"BreadcrumbList\",\"@id\":\"https:\\\/\\\/promis.ro\\\/product\\\/joks\\\/#breadcrumb\",\"itemListElement\":[{\"@type\":\"ListItem\",\"position\":1,\"name\":\"Home\",\"item\":\"https:\\\/\\\/promis.ro\\\/\"},{\"@type\":\"ListItem\",\"position\":2,\"name\":\"Magazin\",\"item\":\"https:\\\/\\\/promis.ro\\\/magazin\\\/\"},{\"@type\":\"ListItem\",\"position\":3,\"name\":\"Joks\"}]},{\"@type\":\"WebSite\",\"@id\":\"https:\\\/\\\/promis.ro\\\/#website\",\"url\":\"https:\\\/\\\/promis.ro\\\/\",\"name\":\"Promis.ro\",\"description\":\"\",\"potentialAction\":[{\"@type\":\"SearchAction\",\"target\":{\"@type\":\"EntryPoint\",\"urlTemplate\":\"https:\\\/\\\/promis.ro\\\/?s={search_term_string}\"},\"query-input\":{\"@type\":\"PropertyValueSpecification\",\"valueRequired\":true,\"valueName\":\"search_term_string\"}}],\"inLanguage\":\"ro-RO\"}]}<\/script>\n<!-- \/ Yoast SEO plugin. -->","yoast_head_json":{"title":"Joks - Promis.ro","description":"Adaptor de c\u0103l\u0103torie wireless, multifunc\u021bional \u0219i cu multiple ie\u0219iri, cu powerbank integrat de 10.000 mAh capacitate de \u00eenc\u0103rcare. Design elegant alb cu o","robots":{"index":"index","follow":"follow","max-snippet":"max-snippet:-1","max-image-preview":"max-image-preview:large","max-video-preview":"max-video-preview:-1"},"canonical":"https:\/\/promis.ro\/ro\/produs\/joks\/","og_locale":"ro_RO","og_type":"article","og_title":"Joks - Promis.ro","og_description":"Adaptor de c\u0103l\u0103torie wireless, multifunc\u021bional \u0219i cu multiple ie\u0219iri, cu powerbank integrat de 10.000 mAh capacitate de \u00eenc\u0103rcare. Design elegant alb cu o","og_url":"https:\/\/promis.ro\/ro\/produs\/joks\/","og_site_name":"Promis.ro","article_modified_time":"2025-11-11T16:39:22+00:00","og_image":[{"width":1080,"height":1080,"url":"https:\/\/promis.ro\/wp-content\/uploads\/2025\/11\/21025-W-1.jpg","type":"image\/jpeg"}],"twitter_card":"summary_large_image","twitter_misc":{"Timp estimat pentru citire":"1 minut"},"schema":{"@context":"https:\/\/schema.org","@graph":[{"@type":"WebPage","@id":"https:\/\/promis.ro\/product\/joks\/","url":"https:\/\/promis.ro\/product\/joks\/","name":"Joks - Promis.ro","isPartOf":{"@id":"https:\/\/promis.ro\/#website"},"primaryImageOfPage":{"@id":"https:\/\/promis.ro\/product\/joks\/#primaryimage"},"image":{"@id":"https:\/\/promis.ro\/product\/joks\/#primaryimage"},"thumbnailUrl":"https:\/\/promis.ro\/wp-content\/uploads\/2025\/11\/21025-W-1.jpg","datePublished":"2025-11-04T23:02:31+00:00","dateModified":"2025-11-11T16:39:22+00:00","description":"Adaptor de c\u0103l\u0103torie wireless, multifunc\u021bional \u0219i cu multiple ie\u0219iri, cu powerbank integrat de 10.000 mAh capacitate de \u00eenc\u0103rcare. Design elegant alb cu o","breadcrumb":{"@id":"https:\/\/promis.ro\/product\/joks\/#breadcrumb"},"inLanguage":"ro-RO","potentialAction":[{"@type":"ReadAction","target":["https:\/\/promis.ro\/product\/joks\/"]}]},{"@type":"ImageObject","inLanguage":"ro-RO","@id":"https:\/\/promis.ro\/product\/joks\/#primaryimage","url":"https:\/\/promis.ro\/wp-content\/uploads\/2025\/11\/21025-W-1.jpg","contentUrl":"https:\/\/promis.ro\/wp-content\/uploads\/2025\/11\/21025-W-1.jpg","width":1080,"height":1080},{"@type":"BreadcrumbList","@id":"https:\/\/promis.ro\/product\/joks\/#breadcrumb","itemListElement":[{"@type":"ListItem","position":1,"name":"Home","item":"https:\/\/promis.ro\/"},{"@type":"ListItem","position":2,"name":"Magazin","item":"https:\/\/promis.ro\/magazin\/"},{"@type":"ListItem","position":3,"name":"Joks"}]},{"@type":"WebSite","@id":"https:\/\/promis.ro\/#website","url":"https:\/\/promis.ro\/","name":"Promis.ro","description":"","potentialAction":[{"@type":"SearchAction","target":{"@type":"EntryPoint","urlTemplate":"https:\/\/promis.ro\/?s={search_term_string}"},"query-input":{"@type":"PropertyValueSpecification","valueRequired":true,"valueName":"search_term_string"}}],"inLanguage":"ro-RO"}]}},"_links":{"self":[{"href":"https:\/\/promis.ro\/ro\/wp-json\/wp\/v2\/product\/93039","targetHints":{"allow":["GET"]}}],"collection":[{"href":"https:\/\/promis.ro\/ro\/wp-json\/wp\/v2\/product"}],"about":[{"href":"https:\/\/promis.ro\/ro\/wp-json\/wp\/v2\/types\/product"}],"replies":[{"embeddable":true,"href":"https:\/\/promis.ro\/ro\/wp-json\/wp\/v2\/comments?post=93039"}],"version-history":[{"count":1,"href":"https:\/\/promis.ro\/ro\/wp-json\/wp\/v2\/product\/93039\/revisions"}],"predecessor-version":[{"id":111736,"href":"https:\/\/promis.ro\/ro\/wp-json\/wp\/v2\/product\/93039\/revisions\/111736"}],"wp:featuredmedia":[{"embeddable":true,"href":"https:\/\/promis.ro\/ro\/wp-json\/wp\/v2\/media\/134233"}],"wp:attachment":[{"href":"https:\/\/promis.ro\/ro\/wp-json\/wp\/v2\/media?parent=93039"}],"wp:term":[{"taxonomy":"product_brand","embeddable":true,"href":"https:\/\/promis.ro\/ro\/wp-json\/wp\/v2\/product_brand?post=93039"},{"taxonomy":"product_cat","embeddable":true,"href":"https:\/\/promis.ro\/ro\/wp-json\/wp\/v2\/product_cat?post=93039"},{"taxonomy":"product_tag","embeddable":true,"href":"https:\/\/promis.ro\/ro\/wp-json\/wp\/v2\/product_tag?post=93039"}],"curies":[{"name":"wp","href":"https:\/\/api.w.org\/{rel}","templated":true}]}}